{"id":1654,"date":"2025-12-31T22:26:16","date_gmt":"2025-12-31T22:26:16","guid":{"rendered":"https:\/\/site.marketeros.com.co\/novatours\/?page_id=1654"},"modified":"2026-02-26T19:44:13","modified_gmt":"2026-02-26T19:44:13","slug":"contacto","status":"publish","type":"page","link":"https:\/\/site.marketeros.com.co\/novatours\/contacto\/","title":{"rendered":"Contacto"},"content":{"rendered":"<div class=\"wpb-content-wrapper\"><p>[vc_section full_width=\u00bbstretch_row\u00bb el_class=\u00bbseccion-portada contacto\u00bb css=\u00bb.vc_custom_1767219972989{margin-top: -90px !important;background-image: url(https:\/\/site.marketeros.com.co\/novatours\/wp-content\/uploads\/2025\/12\/Enmascarar-grupo-9115.jpg?id=1655) !important;background-position: center !important;background-repeat: no-repeat !important;background-size: cover !important;}\u00bb][vc_row el_class=\u00bbcontenido-texto-portada interna contacto\u00bb][vc_column][vc_column_text css=\u00bb\u00bb]<\/p>\n<h2 style=\"text-align: center;\">Transforma tus viajes hoy<\/h2>\n<h1 style=\"text-align: center;\">Contacto<\/h1>\n<p>[\/vc_column_text][\/vc_column][\/vc_row][\/vc_section][vc_section full_width=\u00bbstretch_row\u00bb css=\u00bb.vc_custom_1767219480401{margin-top: -50px !important;background-position: center !important;background-repeat: no-repeat !important;background-size: cover !important;}\u00bb el_class=\u00bbseccion2 contacto\u00bb][vc_row content_placement=\u00bbmiddle\u00bb][vc_column width=\u00bb1\/12&#8243;][vc_single_image image=\u00bb1657&#8243; img_size=\u00bbfull\u00bb css=\u00bb\u00bb el_class=\u00bbicon-seccion2&#8243;][\/vc_column][vc_column width=\u00bb11\/12&#8243;][vc_column_text css=\u00bb\u00bb el_class=\u00bbcaja-texto1-seccion2 bahia\u00bb]<\/p>\n<h2>Tu empresa podr\u00eda estar perdiendo millones en viajes corporativos\u2026 <strong>y casi nadie en tu equipo lo nota.<\/strong><\/h2>\n<p>Empresas como la tuya ya est\u00e1n tomando decisiones m\u00e1s r\u00e1pidas, reduciendo costos y eliminando errores en sus viajes corporativos. Descubre c\u00f3mo lo est\u00e1n logrando.<br \/>\n<strong>Completa el formulario y un experto de nuestro equipo te contactar\u00e1<\/strong>[\/vc_column_text][\/vc_column][\/vc_row][\/vc_section][vc_section full_width=\u00bbstretch_row\u00bb css=\u00bb.vc_custom_1765291934207{margin-top: -50px !important;}\u00bb el_class=\u00bbseccion2 sostenibilidad-1-2&#8243;][vc_row el_class=\u00bbcontenido-img-texto-seccion2&#8243;][vc_column width=\u00bb1\/12&#8243;][\/vc_column][vc_column width=\u00bb6\/12&#8243;][vc_raw_html css=\u00bb\u00bb el_class=\u00bbwpcf7-form\u00bb]JTNDZGl2JTIwaWQlM0QlMjJodWJzcG90Rm9ybSUyMiUzRSUzQyUyRmRpdiUzRSUwRCUwQSUwRCUwQSUzQ3NjcmlwdCUyMHR5cGUlM0QlMjJ0ZXh0JTJGamF2YXNjcmlwdCUyMiUyMHNyYyUzRCUyMmh0dHBzJTNBJTJGJTJGanMuaHNmb3Jtcy5uZXQlMkZmb3JtcyUyRmVtYmVkJTJGdjIuanMlMjIlM0UlM0MlMkZzY3JpcHQlM0UlMEQlMEElMEQlMEElM0NzY3JpcHQlMjB0eXBlJTNEJTIydGV4dCUyRmphdmFzY3JpcHQlMjIlM0UlMEQlMEFkb2N1bWVudC5hZGRFdmVudExpc3RlbmVyJTI4JTIyRE9NQ29udGVudExvYWRlZCUyMiUyQyUyMGZ1bmN0aW9uJTIwJTI4JTI5JTIwJTdCJTBEJTBBJTIwJTIwZnVuY3Rpb24lMjBsb2FkSHVic3BvdEZvcm0lMjglMjklMjAlN0IlMEQlMEElMjAlMjAlMjAlMjBpZiUyMCUyOHR5cGVvZiUyMGhic3B0JTIwJTIxJTNEJTNEJTIwJTIydW5kZWZpbmVkJTIyJTI5JTIwJTdCJTBEJTBBJTIwJTIwJTIwJTIwJTIwJTIwaGJzcHQuZm9ybXMuY3JlYXRlJTI4JTdCJTBEJTBBJTIwJTIwJTIwJTIwJTIwJTIwJTIwJTIwcG9ydGFsSWQlM0ElMjAlMjIyMjE2MTM5OCUyMiUyQyUwRCUwQSUyMCUyMCUyMCUyMCUyMCUyMCUyMCUyMGZvcm1JZCUzQSUyMCUyMjZmZGNhNWEyLTA2NWMtNGM1Yi1hYjE4LTE2Y2MzZTg0MDZlNiUyMiUyQyUwRCUwQSUyMCUyMCUyMCUyMCUyMCUyMCUyMCUyMHJlZ2lvbiUzQSUyMCUyMm5hMSUyMiUyQyUwRCUwQSUyMCUyMCUyMCUyMCUyMCUyMCUyMCUyMHRhcmdldCUzQSUyMCUyMiUyM2h1YnNwb3RGb3JtJTIyJTBEJTBBJTIwJTIwJTIwJTIwJTIwJTIwJTdEJTI5JTNCJTBEJTBBJTIwJTIwJTIwJTIwJTdEJTIwZWxzZSUyMCU3QiUwRCUwQSUyMCUyMCUyMCUyMCUyMCUyMHNldFRpbWVvdXQlMjhsb2FkSHVic3BvdEZvcm0lMkMlMjAzMDAlMjklM0IlMEQlMEElMjAlMjAlMjAlMjAlN0QlMEQlMEElMjAlMjAlN0QlMEQlMEElMjAlMjBsb2FkSHVic3BvdEZvcm0lMjglMjklM0IlMEQlMEElN0QlMjklM0IlMEQlMEElM0MlMkZzY3JpcHQlM0U=[\/vc_raw_html][\/vc_column][vc_column width=\u00bb5\/12&#8243; el_class=\u00bbcontenido-caja-contacto\u00bb][vc_column_text css=\u00bb\u00bb]<\/p>\n<ul>\n<li><img loading=\"lazy\" decoding=\"async\" class=\"wp-image-997 alignnone\" role=\"img\" src=\"https:\/\/site.marketeros.com.co\/novatours\/wp-content\/uploads\/2025\/12\/Grupo-18337.svg\" alt=\"\" width=\"53\" height=\"52\" \/>\u00a0<strong>Ubicaci\u00f3n<\/strong><br \/>\nCalle 98 # 8 \u2013 19<br \/>\nBogot\u00e1, Colombia<\/li>\n<li><img loading=\"lazy\" decoding=\"async\" class=\"alignnone wp-image-996\" role=\"img\" src=\"https:\/\/site.marketeros.com.co\/novatours\/wp-content\/uploads\/2025\/12\/Grupo-18334.svg\" alt=\"\" width=\"46\" height=\"62\" \/> <strong>Tel\u00e9fono<br \/>\n<\/strong> +57(601)794-0525<\/li>\n<li><img loading=\"lazy\" decoding=\"async\" class=\"alignnone wp-image-996\" role=\"img\" src=\"https:\/\/site.marketeros.com.co\/novatours\/wp-content\/uploads\/2025\/12\/Grupo-18334.svg\" alt=\"\" width=\"50\" height=\"67\" \/> <strong>Correo el\u00e9ctronico<\/strong><br \/>\nventas@novatours.com.co<\/li>\n<\/ul>\n<p>[\/vc_column_text][\/vc_column][\/vc_row][\/vc_section][vc_section full_width=\u00bbstretch_row\u00bb el_class=\u00bbseccion4 contacto\u00bb][vc_row full_width=\u00bbstretch_row_content\u00bb][vc_column][vc_column_text css=\u00bb\u00bb el_class=\u00bbtitulo-logo-clientes-seccion3&#8243;]<\/p>\n<p style=\"text-align: center;\"><strong>M\u00e1s de 203 empresas conf\u00edan en Novatours para gestionar sus viajes<\/strong><\/p>\n<p>[\/vc_column_text][vc_raw_html css=\u00bb\u00bb]JTIwJTNDZGl2JTIwY2xhc3MlM0QlMjJvd2wtY29udGVuZWRvciUyMiUzRSUwRCUwQSUyMCUyMCUyMCUyMCUyMCUyMCUyMCUyMCUzQ2RpdiUyMGNsYXNzJTNEJTIyb3dsLWNhcm91c2VsJTIyJTIwZGF0YS1pdGVtcyUzRCUyMjklMjIlM0UlMEQlMEElMjAlMjAlMjAlMjAlMjAlMjAlMjAlMjAlMjAlMjAlMjAlMjAlM0NkaXYlM0UlMEQlMEElMjAlMjAlMjAlMjAlMjAlMjAlMjAlMjAlMjAlMjAlMjAlMjAlMjAlMjAlMjAlMjAlM0NhJTIwJTIwaHJlZiUzRCUyMiUyMyUyMiUzRSUwRCUwQSUyMCUyMCUyMCUyMCUyMCUyMCUyMCUyMCUyMCUyMCUyMCUyMCUyMCUyMCUyMCUyMCUyMCUyMCUyMCUyMCUzQ2ltZyUyMHNyYyUzRCUyMiUyRm5vdmF0b3VycyUyRndwLWNvbnRlbnQlMkZ1cGxvYWRzJTJGMjAyNSUyRjExJTJGbG9nby1jbGllbnRlMS5zdmclMjIlMjBhbHQlM0QlMjIlMjIlM0UlMEQlMEElMjAlMjAlMjAlMjAlMjAlMjAlMjAlMjAlMjAlMjAlMjAlMjAlMjAlMjAlMjAlMjAlM0MlMkZhJTNFJTBEJTBBJTIwJTIwJTIwJTIwJTIwJTIwJTIwJTIwJTIwJTIwJTIwJTIwJTNDJTJGZGl2JTNFJTBEJTBBJTIwJTIwJTIwJTIwJTIwJTIwJTIwJTIwJTIwJTIwJTIwJTIwJTIwJTIwJTIwJTNDZGl2JTNFJTBEJTBBJTIwJTIwJTIwJTIwJTIwJTIwJTIwJTIwJTIwJTIwJTIwJTIwJTIwJTIwJTIwJTIwJTNDYSUyMCUyMGhyZWYlM0QlMjIlMjMlMjIlM0UlMEQlMEElMjAlMjAlMjAlMjAlMjAlMjAlMjAlMjAlMjAlMjAlMjAlMjAlMjAlMjAlMjAlMjAlMjAlMjAlMjAlMjAlM0NpbWclMjBzcmMlM0QlMjIlMkZub3ZhdG91cnMlMkZ3cC1jb250ZW50JTJGdXBsb2FkcyUyRjIwMjUlMkYxMSUyRmxvZ28tY2xpZW50ZTIuc3ZnJTIyJTIwYWx0JTNEJTIyJTIyJTNFJTBEJTBBJTIwJTIwJTIwJTIwJTIwJTIwJTIwJTIwJTIwJTIwJTIwJTIwJTIwJTIwJTIwJTIwJTNDJTJGYSUzRSUwRCUwQSUyMCUyMCUyMCUyMCUyMCUyMCUyMCUyMCUyMCUyMCUyMCUyMCUzQyUyRmRpdiUzRSUwRCUwQSUyMCUyMCUyMCUyMCUyMCUyMCUyMCUyMCUyMCUyMCUyMCUyMCUyMCUyMCUzQ2RpdiUzRSUwRCUwQSUyMCUyMCUyMCUyMCUyMCUyMCUyMCUyMCUyMCUyMCUyMCUyMCUyMCUyMCUyMCUzQ2ElMjAlMjBocmVmJTNEJTIyJTIzJTIyJTNFJTBEJTBBJTIwJTIwJTIwJTIwJTIwJTIwJTIwJTIwJTIwJTIwJTIwJTIwJTIwJTIwJTIwJTIwJTIwJTIwJTIwJTIwJTNDaW1nJTIwc3JjJTNEJTIyJTJGbm92YXRvdXJzJTJGd3AtY29udGVudCUyRnVwbG9hZHMlMkYyMDI1JTJGMTElMkZsb2dvLWNsaWVudGUzLnN2ZyUyMiUyMGFsdCUzRCUyMiUyMiUzRSUwRCUwQSUyMCUyMCUyMCUyMCUyMCUyMCUyMCUyMCUyMCUyMCUyMCUyMCUyMCUyMCUyMCUyMCUzQyUyRmElM0UlMEQlMEElMjAlMjAlMjAlMjAlMjAlMjAlMjAlMjAlMjAlMjAlMjAlMjAlM0MlMkZkaXYlM0UlMEQlMEElMjAlMjAlMjAlMjAlMjAlMjAlMjAlMjAlMjAlMjAlMjAlMjAlMjAlMjAlM0NkaXYlM0UlMEQlMEElMjAlMjAlMjAlMjAlMjAlMjAlMjAlMjAlMjAlMjAlMjAlMjAlMjAlMjAlMjAlMjAlM0NhJTIwJTIwaHJlZiUzRCUyMiUyMyUyMiUzRSUwRCUwQSUyMCUyMCUyMCUyMCUyMCUyMCUyMCUyMCUyMCUyMCUyMCUyMCUyMCUyMCUyMCUyMCUyMCUyMCUyMCUyMCUzQ2ltZyUyMHNyYyUzRCUyMiUyRm5vdmF0b3VycyUyRndwLWNvbnRlbnQlMkZ1cGxvYWRzJTJGMjAyNSUyRjExJTJGbG9nby1jbGllbnRlNC5zdmclMjIlMjBhbHQlM0QlMjIlMjIlM0UlMEQlMEElMjAlMjAlMjAlMjAlMjAlMjAlMjAlMjAlMjAlMjAlMjAlMjAlMjAlMjAlMjAlMjAlM0MlMkZhJTNFJTBEJTBBJTIwJTIwJTIwJTIwJTIwJTIwJTIwJTIwJTIwJTIwJTIwJTIwJTNDJTJGZGl2JTNFJTBEJTBBJTIwJTIwJTIwJTIwJTIwJTIwJTIwJTIwJTIwJTIwJTIwJTIwJTIwJTNDZGl2JTNFJTBEJTBBJTIwJTIwJTIwJTIwJTIwJTIwJTIwJTIwJTIwJTIwJTIwJTIwJTIwJTIwJTIwJTNDYSUyMCUyMGhyZWYlM0QlMjIlMjMlMjIlM0UlMEQlMEElMjAlMjAlMjAlMjAlMjAlMjAlMjAlMjAlMjAlMjAlMjAlMjAlMjAlMjAlMjAlMjAlMjAlMjAlMjAlMjAlM0NpbWclMjBzcmMlM0QlMjIlMkZub3ZhdG91cnMlMkZ3cC1jb250ZW50JTJGdXBsb2FkcyUyRjIwMjUlMkYxMSUyRmxvZ28tY2xpZW50ZTUuc3ZnJTIyJTIwYWx0JTNEJTIyJTIyJTNFJTBEJTBBJTIwJTIwJTIwJTIwJTIwJTIwJTIwJTIwJTIwJTIwJTIwJTIwJTIwJTIwJTIwJTIwJTNDJTJGYSUzRSUwRCUwQSUyMCUyMCUyMCUyMCUyMCUyMCUyMCUyMCUyMCUyMCUyMCUyMCUzQyUyRmRpdiUzRSUwRCUwQSUyMCUyMCUyMCUyMCUyMCUyMCUyMCUyMCUyMCUyMCUyMCUyMCUyMCUzQ2RpdiUzRSUwRCUwQSUyMCUyMCUyMCUyMCUyMCUyMCUyMCUyMCUyMCUyMCUyMCUyMCUyMCUyMCUyMCUyMCUzQ2ElMjAlMjBocmVmJTNEJTIyJTIzJTIyJTNFJTBEJTBBJTIwJTIwJTIwJTIwJTIwJTIwJTIwJTIwJTIwJTIwJTIwJTIwJTIwJTIwJTIwJTIwJTIwJTIwJTIwJTIwJTNDaW1nJTIwc3JjJTNEJTIyJTJGbm92YXRvdXJzJTJGd3AtY29udGVudCUyRnVwbG9hZHMlMkYyMDI1JTJGMTElMkZsb2dvLWNsaWVudGU2LnN2ZyUyMiUyMGFsdCUzRCUyMiUyMiUzRSUwRCUwQSUyMCUyMCUyMCUyMCUyMCUyMCUyMCUyMCUyMCUyMCUyMCUyMCUyMCUyMCUyMCUyMCUzQyUyRmElM0UlMEQlMEElMjAlMjAlMjAlMjAlMjAlMjAlMjAlMjAlMjAlMjAlMjAlMjAlM0MlMkZkaXYlM0UlMEQlMEElMjAlMjAlMjAlMjAlMjAlMjAlMjAlMjAlMjAlMjAlMjAlMjAlMjAlM0NkaXYlM0UlMEQlMEElMjAlMjAlMjAlMjAlMjAlMjAlMjAlMjAlMjAlMjAlMjAlMjAlMjAlMjAlMjAlMjAlM0NhJTIwJTIwaHJlZiUzRCUyMiUyMyUyMiUzRSUwRCUwQSUyMCUyMCUyMCUyMCUyMCUyMCUyMCUyMCUyMCUyMCUyMCUyMCUyMCUyMCUyMCUyMCUyMCUyMCUyMCUyMCUzQ2ltZyUyMHNyYyUzRCUyMiUyRm5vdmF0b3VycyUyRndwLWNvbnRlbnQlMkZ1cGxvYWRzJTJGMjAyNSUyRjExJTJGbG9nby1jbGllbnRlNy5zdmclMjIlMjBhbHQlM0QlMjIlMjIlM0UlMEQlMEElMjAlMjAlMjAlMjAlMjAlMjAlMjAlMjAlMjAlMjAlMjAlMjAlMjAlMjAlMjAlMjAlM0MlMkZhJTNFJTBEJTBBJTIwJTIwJTIwJTIwJTIwJTIwJTIwJTIwJTIwJTIwJTIwJTIwJTNDJTJGZGl2JTNFJTBEJTBBJTIwJTIwJTIwJTIwJTIwJTIwJTIwJTIwJTIwJTIwJTIwJTIwJTIwJTNDZGl2JTNFJTBEJTBBJTIwJTIwJTIwJTIwJTIwJTIwJTIwJTIwJTIwJTIwJTIwJTIwJTIwJTIwJTIwJTNDYSUyMCUyMGhyZWYlM0QlMjIlMjMlMjIlM0UlMEQlMEElMjAlMjAlMjAlMjAlMjAlMjAlMjAlMjAlMjAlMjAlMjAlMjAlMjAlMjAlMjAlMjAlMjAlMjAlMjAlMjAlM0NpbWclMjBzcmMlM0QlMjIlMkZub3ZhdG91cnMlMkZ3cC1jb250ZW50JTJGdXBsb2FkcyUyRjIwMjUlMkYxMSUyRmxvZ28tY2xpZW50ZTguc3ZnJTIyJTIwYWx0JTNEJTIyJTIyJTNFJTBEJTBBJTIwJTIwJTIwJTIwJTIwJTIwJTIwJTIwJTIwJTIwJTIwJTIwJTIwJTIwJTIwJTIwJTNDJTJGYSUzRSUwRCUwQSUyMCUyMCUyMCUyMCUyMCUyMCUyMCUyMCUyMCUyMCUyMCUyMCUzQyUyRmRpdiUzRSUwRCUwQSUyMCUyMCUyMCUyMCUyMCUyMCUyMCUyMCUyMCUyMCUyMCUyMCUyMCUzQ2RpdiUzRSUwRCUwQSUyMCUyMCUyMCUyMCUyMCUyMCUyMCUyMCUyMCUyMCUyMCUyMCUyMCUyMCUyMCUyMCUzQ2ElMjAlMjBocmVmJTNEJTIyJTIzJTIyJTNFJTBEJTBBJTIwJTIwJTIwJTIwJTIwJTIwJTIwJTIwJTIwJTIwJTIwJTIwJTIwJTIwJTIwJTIwJTIwJTIwJTIwJTIwJTNDaW1nJTIwc3JjJTNEJTIyJTJGbm92YXRvdXJzJTJGd3AtY29udGVudCUyRnVwbG9hZHMlMkYyMDI1JTJGMTElMkZsb2dvLWNsaWVudGU5LnBuZyUyMiUyMGFsdCUzRCUyMiUyMiUzRSUwRCUwQSUyMCUyMCUyMCUyMCUyMCUyMCUyMCUyMCUyMCUyMCUyMCUyMCUyMCUyMCUyMCUyMCUzQyUyRmElM0UlMEQlMEElMjAlMjAlMjAlMjAlMjAlMjAlMjAlMjAlMjAlMjAlMjAlMjAlM0MlMkZkaXYlM0UlMEQlMEElMjAlMjAlMjAlMjAlMjAlMjAlMjAlMjAlMjAlMjAlMjAlMjAlMjAlM0NkaXYlM0UlMEQlMEElMjAlMjAlMjAlMjAlMjAlMjAlMjAlMjAlMjAlMjAlMjAlMjAlMjAlMjAlM0NhJTIwJTIwaHJlZiUzRCUyMiUyMyUyMiUzRSUwRCUwQSUyMCUyMCUyMCUyMCUyMCUyMCUyMCUyMCUyMCUyMCUyMCUyMCUyMCUyMCUyMCUyMCUyMCUyMCUyMCUyMCUzQ2ltZyUyMHNyYyUzRCUyMiUyRm5vdmF0b3VycyUyRndwLWNvbnRlbnQlMkZ1cGxvYWRzJTJGMjAyNSUyRjExJTJGbG9nby1jbGllbnRlMTAuc3ZnJTIyJTIwYWx0JTNEJTIyJTIyJTNFJTBEJTBBJTIwJTIwJTIwJTIwJTIwJTIwJTIwJTIwJTIwJTIwJTIwJTIwJTIwJTIwJTIwJTIwJTNDJTJGYSUzRSUwRCUwQSUyMCUyMCUyMCUyMCUyMCUyMCUyMCUyMCUyMCUyMCUyMCUyMCUzQyUyRmRpdiUzRSUwRCUwQSUyMCUyMCUyMCUyMCUyMCUyMCUyMCUyMCUyMCUyMCUyMCUyMCUyMCUzQ2RpdiUzRSUwRCUwQSUyMCUyMCUyMCUyMCUyMCUyMCUyMCUyMCUyMCUyMCUyMCUyMCUyMCUyMCUyMCUyMCUzQ2ElMjAlMjBocmVmJTNEJTIyJTIzJTIyJTNFJTBEJTBBJTIwJTIwJTIwJTIwJTIwJTIwJTIwJTIwJTIwJTIwJTIwJTIwJTIwJTIwJTIwJTIwJTIwJTIwJTIwJTIwJTNDaW1nJTIwc3JjJTNEJTIyJTJGbm92YXRvdXJzJTJGd3AtY29udGVudCUyRnVwbG9hZHMlMkYyMDI1JTJGMTElMkZsb2dvLWNsaWVudGUxMS5zdmclMjIlMjBhbHQlM0QlMjIlMjIlM0UlMEQlMEElMjAlMjAlMjAlMjAlMjAlMjAlMjAlMjAlMjAlMjAlMjAlMjAlMjAlMjAlMjAlMjAlM0MlMkZhJTNFJTBEJTBBJTIwJTIwJTIwJTIwJTIwJTIwJTIwJTIwJTIwJTIwJTIwJTIwJTNDJTJGZGl2JTNFJTBEJTBBJTIwJTIwJTIwJTIwJTIwJTIwJTIwJTIwJTIwJTIwJTIwJTIwJTIwJTNDZGl2JTNFJTBEJTBBJTIwJTIwJTIwJTIwJTIwJTIwJTIwJTIwJTIwJTIwJTIwJTIwJTIwJTIwJTIwJTIwJTNDYSUyMCUyMGhyZWYlM0QlMjIlMjMlMjIlM0UlMEQlMEElMjAlMjAlMjAlMjAlMjAlMjAlMjAlMjAlMjAlMjAlMjAlMjAlMjAlMjAlMjAlMjAlMjAlMjAlMjAlMjAlM0NpbWclMjBzcmMlM0QlMjIlMkZub3ZhdG91cnMlMkZ3cC1jb250ZW50JTJGdXBsb2FkcyUyRjIwMjUlMkYxMSUyRmxvZ28tY2xpZW50ZTEyLnN2ZyUyMiUyMGFsdCUzRCUyMiUyMiUzRSUwRCUwQSUyMCUyMCUyMCUyMCUyMCUyMCUyMCUyMCUyMCUyMCUyMCUyMCUyMCUyMCUyMCUyMCUzQyUyRmElM0UlMEQlMEElMjAlMjAlMjAlMjAlMjAlMjAlMjAlMjAlMjAlMjAlMjAlMjAlM0MlMkZkaXYlM0UlMEQlMEElMjAlMjAlMjAlMjAlMjAlMjAlMjAlMjAlMjAlMjAlMjAlMjAlMjAlM0NkaXYlM0UlMEQlMEElMjAlMjAlMjAlMjAlMjAlMjAlMjAlMjAlMjAlMjAlMjAlMjAlMjAlMjAlMjAlMjAlM0NhJTIwJTIwaHJlZiUzRCUyMiUyMyUyMiUzRSUwRCUwQSUyMCUyMCUyMCUyMCUyMCUyMCUyMCUyMCUyMCUyMCUyMCUyMCUyMCUyMCUyMCUyMCUyMCUyMCUyMCUyMCUzQ2ltZyUyMHNyYyUzRCUyMiUyRm5vdmF0b3VycyUyRndwLWNvbnRlbnQlMkZ1cGxvYWRzJTJGMjAyNSUyRjExJTJGbG9nby1jbGllbnRlMTMuc3ZnJTIyJTIwYWx0JTNEJTIyJTIyJTNFJTBEJTBBJTIwJTIwJTIwJTIwJTIwJTIwJTIwJTIwJTIwJTIwJTIwJTIwJTIwJTIwJTIwJTIwJTNDJTJGYSUzRSUwRCUwQSUyMCUyMCUyMCUyMCUyMCUyMCUyMCUyMCUyMCUyMCUyMCUyMCUzQyUyRmRpdiUzRSUwRCUwQSUyMCUyMCUyMCUyMCUyMCUyMCUyMCUyMCUyMCUyMCUyMCUyMCUyMCUzQ2RpdiUzRSUwRCUwQSUyMCUyMCUyMCUyMCUyMCUyMCUyMCUyMCUyMCUyMCUyMCUyMCUyMCUyMCUyMCUyMCUzQ2ElMjAlMjBocmVmJTNEJTIyJTIzJTIyJTNFJTBEJTBBJTIwJTIwJTIwJTIwJTIwJTIwJTIwJTIwJTIwJTIwJTIwJTIwJTIwJTIwJTIwJTIwJTIwJTIwJTIwJTIwJTNDaW1nJTIwc3JjJTNEJTIyJTJGbm92YXRvdXJzJTJGd3AtY29udGVudCUyRnVwbG9hZHMlMkYyMDI1JTJGMTElMkZsb2dvLWNsaWVudGUxNC5zdmclMjIlMjBhbHQlM0QlMjIlMjIlM0UlMEQlMEElMjAlMjAlMjAlMjAlMjAlMjAlMjAlMjAlMjAlMjAlMjAlMjAlMjAlMjAlMjAlMjAlM0MlMkZhJTNFJTBEJTBBJTIwJTIwJTIwJTIwJTIwJTIwJTIwJTIwJTIwJTIwJTIwJTIwJTNDJTJGZGl2JTNFJTBEJTBBJTIwJTIwJTIwJTIwJTIwJTIwJTIwJTIwJTIwJTIwJTIwJTIwJTIwJTNDZGl2JTNFJTBEJTBBJTIwJTIwJTIwJTIwJTIwJTIwJTIwJTIwJTIwJTIwJTIwJTIwJTIwJTIwJTIwJTIwJTNDYSUyMCUyMGhyZWYlM0QlMjIlMjMlMjIlM0UlMEQlMEElMjAlMjAlMjAlMjAlMjAlMjAlMjAlMjAlMjAlMjAlMjAlMjAlMjAlMjAlMjAlMjAlMjAlMjAlMjAlMjAlM0NpbWclMjBzcmMlM0QlMjIlMkZub3ZhdG91cnMlMkZ3cC1jb250ZW50JTJGdXBsb2FkcyUyRjIwMjUlMkYxMSUyRmxvZ28tY2xpZW50ZTE1LnN2ZyUyMiUyMGFsdCUzRCUyMiUyMiUzRSUwRCUwQSUyMCUyMCUyMCUyMCUyMCUyMCUyMCUyMCUyMCUyMCUyMCUyMCUyMCUyMCUyMCUyMCUzQyUyRmElM0UlMEQlMEElMjAlMjAlMjAlMjAlMjAlMjAlMjAlMjAlMjAlMjAlMjAlMjAlM0MlMkZkaXYlM0UlMEQlMEElMjAlMjAlMjAlMjAlMjAlMjAlMjAlMjAlMjAlMjAlMjAlMjAlMjAlM0NkaXYlM0UlMEQlMEElMjAlMjAlMjAlMjAlMjAlMjAlMjAlMjAlMjAlMjAlMjAlMjAlMjAlMjAlMjAlM0NhJTIwJTIwaHJlZiUzRCUyMiUyMyUyMiUzRSUwRCUwQSUyMCUyMCUyMCUyMCUyMCUyMCUyMCUyMCUyMCUyMCUyMCUyMCUyMCUyMCUyMCUyMCUyMCUyMCUyMCUyMCUzQ2ltZyUyMHNyYyUzRCUyMiUyRm5vdmF0b3VycyUyRndwLWNvbnRlbnQlMkZ1cGxvYWRzJTJGMjAyNSUyRjExJTJGbG9nby1jbGllbnRlMTYuc3ZnJTIyJTIwYWx0JTNEJTIyJTIyJTNFJTBEJTBBJTIwJTIwJTIwJTIwJTIwJTIwJTIwJTIwJTIwJTIwJTIwJTIwJTIwJTIwJTIwJTIwJTNDJTJGYSUzRSUwRCUwQSUyMCUyMCUyMCUyMCUyMCUyMCUyMCUyMCUyMCUyMCUyMCUyMCUzQyUyRmRpdiUzRSUwRCUwQSUyMCUyMCUyMCUyMCUyMCUyMCUyMCUyMCUyMCUyMCUyMCUyMCUyMCUzQ2RpdiUzRSUwRCUwQSUyMCUyMCUyMCUyMCUyMCUyMCUyMCUyMCUyMCUyMCUyMCUyMCUyMCUyMCUyMCUyMCUzQ2ElMjAlMjBocmVmJTNEJTIyJTIzJTIyJTNFJTBEJTBBJTIwJTIwJTIwJTIwJTIwJTIwJTIwJTIwJTIwJTIwJTIwJTIwJTIwJTIwJTIwJTIwJTIwJTIwJTIwJTIwJTNDaW1nJTIwc3JjJTNEJTIyJTJGbm92YXRvdXJzJTJGd3AtY29udGVudCUyRnVwbG9hZHMlMkYyMDI1JTJGMTElMkZsb2dvLWNsaWVudGUxNy5zdmclMjIlMjBhbHQlM0QlMjIlMjIlM0UlMEQlMEElMjAlMjAlMjAlMjAlMjAlMjAlMjAlMjAlMjAlMjAlMjAlMjAlMjAlMjAlMjAlMjAlM0MlMkZhJTNFJTBEJTBBJTIwJTIwJTIwJTIwJTIwJTIwJTIwJTIwJTIwJTIwJTIwJTIwJTNDJTJGZGl2JTNFJTBEJTBBJTIwJTIwJTIwJTIwJTIwJTIwJTIwJTIwJTIwJTIwJTIwJTIwJTIwJTNDZGl2JTNFJTBEJTBBJTIwJTIwJTIwJTIwJTIwJTIwJTIwJTIwJTIwJTIwJTIwJTIwJTIwJTIwJTIwJTNDYSUyMCUyMGhyZWYlM0QlMjIlMjMlMjIlM0UlMEQlMEElMjAlMjAlMjAlMjAlMjAlMjAlMjAlMjAlMjAlMjAlMjAlMjAlMjAlMjAlMjAlMjAlMjAlMjAlMjAlMjAlM0NpbWclMjBzcmMlM0QlMjIlMkZub3ZhdG91cnMlMkZ3cC1jb250ZW50JTJGdXBsb2FkcyUyRjIwMjUlMkYxMSUyRmxvZ28tY2xpZW50ZTE4LnN2ZyUyMiUyMGFsdCUzRCUyMiUyMiUzRSUwRCUwQSUyMCUyMCUyMCUyMCUyMCUyMCUyMCUyMCUyMCUyMCUyMCUyMCUyMCUyMCUyMCUyMCUzQyUyRmElM0UlMEQlMEElMjAlMjAlMjAlMjAlMjAlMjAlMjAlMjAlMjAlMjAlMjAlMjAlM0MlMkZkaXYlM0UlMEQlMEElMjAlMjAlMjAlMjAlMjAlMjAlMjAlMjAlMjAlMjAlMjAlMjAlMjAlM0NkaXYlM0UlMEQlMEElMjAlMjAlMjAlMjAlMjAlMjAlMjAlMjAlMjAlMjAlMjAlMjAlMjAlMjAlMjAlM0NhJTIwJTIwaHJlZiUzRCUyMiUyMyUyMiUzRSUwRCUwQSUyMCUyMCUyMCUyMCUyMCUyMCUyMCUyMCUyMCUyMCUyMCUyMCUyMCUyMCUyMCUyMCUyMCUyMCUyMCUyMCUzQ2ltZyUyMHNyYyUzRCUyMiUyRm5vdmF0b3VycyUyRndwLWNvbnRlbnQlMkZ1cGxvYWRzJTJGMjAyNSUyRjExJTJGbG9nby1jbGllbnRlMTkuc3ZnJTIyJTIwYWx0JTNEJTIyJTIyJTNFJTBEJTBBJTIwJTIwJTIwJTIwJTIwJTIwJTIwJTIwJTIwJTIwJTIwJTIwJTIwJTIwJTIwJTIwJTNDJTJGYSUzRSUwRCUwQSUyMCUyMCUyMCUyMCUyMCUyMCUyMCUyMCUyMCUyMCUyMCUyMCUzQyUyRmRpdiUzRSUwRCUwQSUyMCUyMCUyMCUyMCUyMCUyMCUyMCUyMCUyMCUyMCUyMCUyMCUyMCUzQ2RpdiUzRSUwRCUwQSUyMCUyMCUyMCUyMCUyMCUyMCUyMCUyMCUyMCUyMCUyMCUyMCUyMCUyMCUyMCUyMCUzQ2ElMjAlMjBocmVmJTNEJTIyJTIzJTIyJTNFJTBEJTBBJTIwJTIwJTIwJTIwJTIwJTIwJTIwJTIwJTIwJTIwJTIwJTIwJTIwJTIwJTIwJTIwJTIwJTIwJTIwJTIwJTNDaW1nJTIwc3JjJTNEJTIyJTJGbm92YXRvdXJzJTJGd3AtY29udGVudCUyRnVwbG9hZHMlMkYyMDI1JTJGMTElMkZsb2dvLWNsaWVudGUyMC5zdmclMjIlMjBhbHQlM0QlMjIlMjIlM0UlMEQlMEElMjAlMjAlMjAlMjAlMjAlMjAlMjAlMjAlMjAlMjAlMjAlMjAlMjAlMjAlMjAlMjAlM0MlMkZhJTNFJTBEJTBBJTIwJTIwJTIwJTIwJTIwJTIwJTIwJTIwJTIwJTIwJTIwJTIwJTNDJTJGZGl2JTNFJTBEJTBBJTIwJTIwJTIwJTIwJTIwJTIwJTIwJTIwJTIwJTIwJTIwJTIwJTIwJTNDZGl2JTNFJTBEJTBBJTIwJTIwJTIwJTIwJTIwJTIwJTIwJTIwJTIwJTIwJTIwJTIwJTIwJTIwJTIwJTIwJTNDYSUyMCUyMGhyZWYlM0QlMjIlMjMlMjIlM0UlMEQlMEElMjAlMjAlMjAlMjAlMjAlMjAlMjAlMjAlMjAlMjAlMjAlMjAlMjAlMjAlMjAlMjAlMjAlMjAlMjAlMjAlM0NpbWclMjBzcmMlM0QlMjIlMkZub3ZhdG91cnMlMkZ3cC1jb250ZW50JTJGdXBsb2FkcyUyRjIwMjUlMkYxMSUyRmxvZ28tY2xpZW50ZTIxLnN2ZyUyMiUyMGFsdCUzRCUyMiUyMiUzRSUwRCUwQSUyMCUyMCUyMCUyMCUyMCUyMCUyMCUyMCUyMCUyMCUyMCUyMCUyMCUyMCUyMCUyMCUzQyUyRmElM0UlMEQlMEElMjAlMjAlMjAlMjAlMjAlMjAlMjAlMjAlMjAlMjAlMjAlMjAlM0MlMkZkaXYlM0UlMEQlMEElMjAlMjAlMjAlMjAlMjAlMjAlMjAlMjAlMjAlMjAlMjAlMjAlMjAlM0NkaXYlM0UlMEQlMEElMjAlMjAlMjAlMjAlMjAlMjAlMjAlMjAlMjAlMjAlMjAlMjAlMjAlMjAlMjAlM0NhJTIwJTIwaHJlZiUzRCUyMiUyMyUyMiUzRSUwRCUwQSUyMCUyMCUyMCUyMCUyMCUyMCUyMCUyMCUyMCUyMCUyMCUyMCUyMCUyMCUyMCUyMCUyMCUyMCUyMCUyMCUzQ2ltZyUyMHNyYyUzRCUyMiUyRm5vdmF0b3VycyUyRndwLWNvbnRlbnQlMkZ1cGxvYWRzJTJGMjAyNSUyRjExJTJGbG9nby1jbGllbnRlMjIuc3ZnJTIyJTIwYWx0JTNEJTIyJTIyJTNFJTBEJTBBJTIwJTIwJTIwJTIwJTIwJTIwJTIwJTIwJTIwJTIwJTIwJTIwJTIwJTIwJTIwJTIwJTNDJTJGYSUzRSUwRCUwQSUyMCUyMCUyMCUyMCUyMCUyMCUyMCUyMCUyMCUyMCUyMCUyMCUzQyUyRmRpdiUzRSUwRCUwQSUyMCUyMCUyMCUyMCUyMCUyMCUyMCUyMCUyMCUyMCUyMCUyMCUyMCUzQ2RpdiUzRSUwRCUwQSUyMCUyMCUyMCUyMCUyMCUyMCUyMCUyMCUyMCUyMCUyMCUyMCUyMCUyMCUyMCUzQ2ElMjAlMjBocmVmJTNEJTIyJTIzJTIyJTNFJTBEJTBBJTIwJTIwJTIwJTIwJTIwJTIwJTIwJTIwJTIwJTIwJTIwJTIwJTIwJTIwJTIwJTIwJTIwJTIwJTIwJTIwJTNDaW1nJTIwc3JjJTNEJTIyJTJGbm92YXRvdXJzJTJGd3AtY29udGVudCUyRnVwbG9hZHMlMkYyMDI1JTJGMTElMkZsb2dvLWNsaWVudGUyMy5zdmclMjIlMjBhbHQlM0QlMjIlMjIlM0UlMEQlMEElMjAlMjAlMjAlMjAlMjAlMjAlMjAlMjAlMjAlMjAlMjAlMjAlMjAlMjAlMjAlMjAlM0MlMkZhJTNFJTBEJTBBJTIwJTIwJTIwJTIwJTIwJTIwJTIwJTIwJTIwJTIwJTIwJTIwJTNDJTJGZGl2JTNFJTBEJTBBJTIwJTIwJTIwJTIwJTIwJTIwJTIwJTIwJTIwJTIwJTIwJTIwJTBEJTBBJTIwJTIwJTIwJTIwJTIwJTIwJTIwJTIwJTNDJTJGZGl2JTNFJTBEJTBBJTIwJTIwJTIwJTIwJTNDJTJGZGl2JTNF[\/vc_raw_html][\/vc_column][\/vc_row][\/vc_section]<\/p>\n<\/div>","protected":false},"excerpt":{"rendered":"<p>[vc_section full_width=\u00bbstretch_row\u00bb el_class=\u00bbseccion-portada contacto\u00bb css=\u00bb.vc_custom_1767219972989{margin-top: -90px !important;background-image: url(https:\/\/site.marketeros.com.co\/novatours\/wp-content\/uploads\/2025\/12\/Enmascarar-grupo-9115.jpg?id=1655) !important;background-position: center [&hellip;]<\/p>\n","protected":false},"author":1,"featured_media":0,"parent":0,"menu_order":0,"comment_status":"closed","ping_status":"closed","template":"","meta":{"footnotes":""},"class_list":["post-1654","page","type-page","status-publish","hentry"],"_links":{"self":[{"href":"https:\/\/site.marketeros.com.co\/novatours\/wp-json\/wp\/v2\/pages\/1654","targetHints":{"allow":["GET"]}}],"collection":[{"href":"https:\/\/site.marketeros.com.co\/novatours\/wp-json\/wp\/v2\/pages"}],"about":[{"href":"https:\/\/site.marketeros.com.co\/novatours\/wp-json\/wp\/v2\/types\/page"}],"author":[{"embeddable":true,"href":"https:\/\/site.marketeros.com.co\/novatours\/wp-json\/wp\/v2\/users\/1"}],"replies":[{"embeddable":true,"href":"https:\/\/site.marketeros.com.co\/novatours\/wp-json\/wp\/v2\/comments?post=1654"}],"version-history":[{"count":20,"href":"https:\/\/site.marketeros.com.co\/novatours\/wp-json\/wp\/v2\/pages\/1654\/revisions"}],"predecessor-version":[{"id":2964,"href":"https:\/\/site.marketeros.com.co\/novatours\/wp-json\/wp\/v2\/pages\/1654\/revisions\/2964"}],"wp:attachment":[{"href":"https:\/\/site.marketeros.com.co\/novatours\/wp-json\/wp\/v2\/media?parent=1654"}],"curies":[{"name":"wp","href":"https:\/\/api.w.org\/{rel}","templated":true}]}}