{"id":7902,"date":"2026-01-27T23:34:39","date_gmt":"2026-01-28T04:34:39","guid":{"rendered":"https:\/\/site.marketeros.com.co\/chimeneas\/producto\/semicodo-en-acero-galvanizado\/"},"modified":"2026-04-08T11:21:45","modified_gmt":"2026-04-08T16:21:45","slug":"semicodo-en-acero-galvanizado-negro","status":"publish","type":"product","link":"https:\/\/site.marketeros.com.co\/chimeneas\/producto\/semicodo-en-acero-galvanizado-negro\/","title":{"rendered":"Semicodo en Acero Galvanizado Negro"},"content":{"rendered":"<p>Corona y protege tu sistema de evacuaci\u00f3n de humos con este sombrerete de 5 pulgadas. Dise\u00f1ado para ser la terminaci\u00f3n del ducto en el exterior, cumple varias funciones cruciales: evita la entrada de agua de lluvia, impide que aves o escombros aniden u obstruyan la chimenea, y su dise\u00f1o tipo cilindro ayuda a estabilizar el tiro (la succi\u00f3n de aire) al minimizar los efectos de las r\u00e1fagas de viento. Est\u00e1 fabricado en l\u00e1mina de acero galvanizado de calibre 24 para una excelente resistencia a la intemperie, y cuenta con un acabado en pintura electrost\u00e1tica negra que le proporciona protecci\u00f3n adicional y una est\u00e9tica cuidada.<\/p>\n<p>Peso: 1 kg.<br \/>\nAcabado: Pintura electrost\u00e1tica de alta resistencia en color negro.<br \/>\nUso: Remate final de un ducto de chimenea en el exterior.<br \/>\nCompatibilidad: Para sistemas de ductos de Di\u00e1metro 5, 6, 7, 8, 9, 10 y 12 pulgadas.<\/p>\n","protected":false},"excerpt":{"rendered":"<p>Este Sombrerete cilindrico es la pieza final esencial para tu chimenea. Fabricado en acero galvanizado de calibre 24 con acabado negro, protege el ducto de la lluvia y los animales, y mejora el tiro de la chimenea incluso en condiciones de viento.<\/p>\n","protected":false},"featured_media":7898,"template":"","meta":{"_joinchat":[]},"product_brand":[53],"product_cat":[27],"product_tag":[],"class_list":{"0":"post-7902","1":"product","2":"type-product","3":"status-publish","4":"has-post-thumbnail","6":"product_brand-chimeneas-de-colombia","7":"product_cat-complementos-de-instalacion","9":"first","10":"instock","11":"taxable","12":"shipping-taxable","13":"purchasable","14":"product-type-variable"},"_links":{"self":[{"href":"https:\/\/site.marketeros.com.co\/chimeneas\/wp-json\/wp\/v2\/product\/7902","targetHints":{"allow":["GET"]}}],"collection":[{"href":"https:\/\/site.marketeros.com.co\/chimeneas\/wp-json\/wp\/v2\/product"}],"about":[{"href":"https:\/\/site.marketeros.com.co\/chimeneas\/wp-json\/wp\/v2\/types\/product"}],"wp:featuredmedia":[{"embeddable":true,"href":"https:\/\/site.marketeros.com.co\/chimeneas\/wp-json\/wp\/v2\/media\/7898"}],"wp:attachment":[{"href":"https:\/\/site.marketeros.com.co\/chimeneas\/wp-json\/wp\/v2\/media?parent=7902"}],"wp:term":[{"taxonomy":"product_brand","embeddable":true,"href":"https:\/\/site.marketeros.com.co\/chimeneas\/wp-json\/wp\/v2\/product_brand?post=7902"},{"taxonomy":"product_cat","embeddable":true,"href":"https:\/\/site.marketeros.com.co\/chimeneas\/wp-json\/wp\/v2\/product_cat?post=7902"},{"taxonomy":"product_tag","embeddable":true,"href":"https:\/\/site.marketeros.com.co\/chimeneas\/wp-json\/wp\/v2\/product_tag?post=7902"}],"curies":[{"name":"wp","href":"https:\/\/api.w.org\/{rel}","templated":true}]}}