{"id":7881,"date":"2026-01-27T23:15:12","date_gmt":"2026-01-28T04:15:12","guid":{"rendered":"https:\/\/site.marketeros.com.co\/chimeneas\/producto\/comedor-sacarina\/"},"modified":"2026-03-24T08:31:42","modified_gmt":"2026-03-24T13:31:42","slug":"comedor-sacarina","status":"publish","type":"product","link":"https:\/\/site.marketeros.com.co\/chimeneas\/producto\/comedor-sacarina\/","title":{"rendered":"Comedor Sacarina"},"content":{"rendered":"<p>Sacarina, palabra que procede del lat\u00edn saccharum, es una especie del \u00e1rbol de Maple denominada Arce Azucarero. Este \u00e1rbol es de origen canadiense y sus hojas son el s\u00edmbolo de la bandera de Canad\u00e1.  El diverso y delicado follaje de sus hojas fue la fuente de inspiraci\u00f3n para el dise\u00f1o de este comedor.<\/p>\n<p>Creado para diferenciarse con un car\u00e1cter de sutil y elegante, est\u00e1 elaborado con fibras de rat\u00e1n sint\u00e9tico; a partir de materiales derivados del petr\u00f3leo en tono blanco y tejido cuidadosamente sobre una estructura en acero inoxidable  para formar as\u00ed un mueble  mucho m\u00e1s resistente al exterior que los de rat\u00e1n natural.<\/p>\n<p>Este material sint\u00e9tico para tejer es reconocido a nivel mundial por su calidad y durabilidad. Para uso en interior o exterior techado, donde no reciba lluvia directa o una humedad considerable.<\/p>\n<p>Cada mueble es creado con cuidado especial para lograr una perfecta mano de obra, ya que cada pieza es una obra de arte en s\u00ed y es trabajada con el gusto y exquisitez que solo la experiencia puede dar.<\/p>\n<p>La mesa central est\u00e1 conformada por un marco en acero inoxidable satinado y un vidrio de alta calidad de 10mm de espesor, en tono negro.<\/p>\n","protected":false},"excerpt":{"rendered":"<p>Sala de la colecci\u00f3n de dise\u00f1o y tecnolog\u00eda Canadiense: MAPLE.<\/p>\n","protected":false},"featured_media":0,"template":"","meta":{"_joinchat":[]},"product_brand":[55],"product_cat":[75],"product_tag":[],"class_list":{"0":"post-7881","1":"product","2":"type-product","3":"status-publish","5":"product_brand-decogarden","6":"product_cat-terrazas-y-cocinas","8":"first","9":"instock","10":"taxable","11":"shipping-taxable","12":"purchasable","13":"product-type-simple"},"_links":{"self":[{"href":"https:\/\/site.marketeros.com.co\/chimeneas\/wp-json\/wp\/v2\/product\/7881","targetHints":{"allow":["GET"]}}],"collection":[{"href":"https:\/\/site.marketeros.com.co\/chimeneas\/wp-json\/wp\/v2\/product"}],"about":[{"href":"https:\/\/site.marketeros.com.co\/chimeneas\/wp-json\/wp\/v2\/types\/product"}],"wp:attachment":[{"href":"https:\/\/site.marketeros.com.co\/chimeneas\/wp-json\/wp\/v2\/media?parent=7881"}],"wp:term":[{"taxonomy":"product_brand","embeddable":true,"href":"https:\/\/site.marketeros.com.co\/chimeneas\/wp-json\/wp\/v2\/product_brand?post=7881"},{"taxonomy":"product_cat","embeddable":true,"href":"https:\/\/site.marketeros.com.co\/chimeneas\/wp-json\/wp\/v2\/product_cat?post=7881"},{"taxonomy":"product_tag","embeddable":true,"href":"https:\/\/site.marketeros.com.co\/chimeneas\/wp-json\/wp\/v2\/product_tag?post=7881"}],"curies":[{"name":"wp","href":"https:\/\/api.w.org\/{rel}","templated":true}]}}