{"id":7880,"date":"2026-01-27T23:15:11","date_gmt":"2026-01-28T04:15:11","guid":{"rendered":"https:\/\/site.marketeros.com.co\/chimeneas\/producto\/comedor-quattro\/"},"modified":"2026-03-24T08:31:42","modified_gmt":"2026-03-24T13:31:42","slug":"comedor-quattro","status":"publish","type":"product","link":"https:\/\/site.marketeros.com.co\/chimeneas\/producto\/comedor-quattro\/","title":{"rendered":"Comedor Quattro"},"content":{"rendered":"<p>Quattro, es el n\u00famero de l\u00f3bulos que conforman la gran mayor\u00eda de hojas del \u00e1rbol de maple. Este \u00e1rbol es de origen canadiense y sus hojas son el s\u00edmbolo de la bandera de Canad\u00e1.  El singular n\u00famero de l\u00f3bulos y perfecto dise\u00f1o de la naturaleza de estas hojas, fueron la fuente de inspiraci\u00f3n para la creaci\u00f3n de este comedor.<\/p>\n<p>Creado para destacarse con un car\u00e1cter de comodidad y elegancia. Elaborado con fibras de rat\u00e1n sint\u00e9tico, a partir de materiales derivados del petr\u00f3leo en tonos caf\u00e9. Tejidas cuidadosamente sobre una estructura en acero inoxidable para formar as\u00ed un mueble mucho m\u00e1s resistente al exterior que los de rat\u00e1n natural.<\/p>\n<p>Este material sint\u00e9tico para tejer es reconocido a nivel mundial por su calidad y durabilidad. Para uso en interior o exterior techado, donde no reciba lluvia directa o una humedad considerable.<\/p>\n<p>La mesa central esta conformada por un marco cuadrado en acero inoxidable satinado y un vidrio de alta calidad de 10mm de espesor, en tono negro.<\/p>\n<p>Con cojiner\u00eda en tela impermeable gruesa de  alta resistencia en tono beige arena.<\/p>\n","protected":false},"excerpt":{"rendered":"<p>Sala de la colecci\u00f3n de dise\u00f1o y tecnolog\u00eda Canadiense: MAPLE.<\/p>\n","protected":false},"featured_media":0,"template":"","meta":{"_joinchat":[]},"product_brand":[55],"product_cat":[75],"product_tag":[],"class_list":{"0":"post-7880","1":"product","2":"type-product","3":"status-publish","5":"product_brand-decogarden","6":"product_cat-terrazas-y-cocinas","8":"first","9":"instock","10":"taxable","11":"shipping-taxable","12":"purchasable","13":"product-type-simple"},"_links":{"self":[{"href":"https:\/\/site.marketeros.com.co\/chimeneas\/wp-json\/wp\/v2\/product\/7880","targetHints":{"allow":["GET"]}}],"collection":[{"href":"https:\/\/site.marketeros.com.co\/chimeneas\/wp-json\/wp\/v2\/product"}],"about":[{"href":"https:\/\/site.marketeros.com.co\/chimeneas\/wp-json\/wp\/v2\/types\/product"}],"wp:attachment":[{"href":"https:\/\/site.marketeros.com.co\/chimeneas\/wp-json\/wp\/v2\/media?parent=7880"}],"wp:term":[{"taxonomy":"product_brand","embeddable":true,"href":"https:\/\/site.marketeros.com.co\/chimeneas\/wp-json\/wp\/v2\/product_brand?post=7880"},{"taxonomy":"product_cat","embeddable":true,"href":"https:\/\/site.marketeros.com.co\/chimeneas\/wp-json\/wp\/v2\/product_cat?post=7880"},{"taxonomy":"product_tag","embeddable":true,"href":"https:\/\/site.marketeros.com.co\/chimeneas\/wp-json\/wp\/v2\/product_tag?post=7880"}],"curies":[{"name":"wp","href":"https:\/\/api.w.org\/{rel}","templated":true}]}}