{"id":7879,"date":"2026-01-27T23:15:09","date_gmt":"2026-01-28T04:15:09","guid":{"rendered":"https:\/\/site.marketeros.com.co\/chimeneas\/producto\/sala-savia\/"},"modified":"2026-03-24T08:31:42","modified_gmt":"2026-03-24T13:31:42","slug":"sala-savia","status":"publish","type":"product","link":"https:\/\/site.marketeros.com.co\/chimeneas\/producto\/sala-savia\/","title":{"rendered":"Sala Savia"},"content":{"rendered":"<p>Savia, es el fluido de los tallos del \u00e1rbol de Maple de origen canadiense.  Sus hojas son el s\u00edmbolo de la bandera de Canad\u00e1.  Este l\u00edquido es utilizado para elaborar jarabes dulces y especialmente la reconocida miel de maple. La dulzura y tono beige de la savia son la fuente de inspiraci\u00f3n para el dise\u00f1o de esta sala.<\/p>\n<p>Creada para sorprender con un car\u00e1cter de armonioso y elegante, est\u00e1 elaborada con fibras gruesas de rat\u00e1n sint\u00e9tico; a partir de materiales derivados del petr\u00f3leo, en tonos gris, beige y caf\u00e9. Tejidas cuidadosamente sobre una estructura met\u00e1lica  para formar as\u00ed un mueble mucho m\u00e1s resistente al exterior que los de rat\u00e1n natural.<\/p>\n<p>Este material sint\u00e9tico para tejer es reconocido a nivel mundial por su calidad y durabilidad. Para uso en interior o exterior techado, donde no reciba lluvia directa o una humedad considerable.<\/p>\n<p>Cada mueble es creado con cuidado especial para lograr una perfecta mano de obra, ya que cada pieza es una obra de arte y es trabajada con el gusto y exquisitez que solo la experiencia puede dar.<\/p>\n<p>Con cojiner\u00eda en tela impermeable gruesa de  alta resistencia en tono blanco imperial.<\/p>\n","protected":false},"excerpt":{"rendered":"<p>Sala de la colecci\u00f3n de dise\u00f1o y tecnolog\u00eda Canadiense: MAPLE.<\/p>\n","protected":false},"featured_media":0,"template":"","meta":{"_joinchat":[]},"product_brand":[55],"product_cat":[75],"product_tag":[],"class_list":{"0":"post-7879","1":"product","2":"type-product","3":"status-publish","5":"product_brand-decogarden","6":"product_cat-terrazas-y-cocinas","8":"first","9":"instock","10":"taxable","11":"shipping-taxable","12":"purchasable","13":"product-type-simple"},"_links":{"self":[{"href":"https:\/\/site.marketeros.com.co\/chimeneas\/wp-json\/wp\/v2\/product\/7879","targetHints":{"allow":["GET"]}}],"collection":[{"href":"https:\/\/site.marketeros.com.co\/chimeneas\/wp-json\/wp\/v2\/product"}],"about":[{"href":"https:\/\/site.marketeros.com.co\/chimeneas\/wp-json\/wp\/v2\/types\/product"}],"wp:attachment":[{"href":"https:\/\/site.marketeros.com.co\/chimeneas\/wp-json\/wp\/v2\/media?parent=7879"}],"wp:term":[{"taxonomy":"product_brand","embeddable":true,"href":"https:\/\/site.marketeros.com.co\/chimeneas\/wp-json\/wp\/v2\/product_brand?post=7879"},{"taxonomy":"product_cat","embeddable":true,"href":"https:\/\/site.marketeros.com.co\/chimeneas\/wp-json\/wp\/v2\/product_cat?post=7879"},{"taxonomy":"product_tag","embeddable":true,"href":"https:\/\/site.marketeros.com.co\/chimeneas\/wp-json\/wp\/v2\/product_tag?post=7879"}],"curies":[{"name":"wp","href":"https:\/\/api.w.org\/{rel}","templated":true}]}}