{"id":7869,"date":"2026-01-27T23:14:48","date_gmt":"2026-01-28T04:14:48","guid":{"rendered":"https:\/\/site.marketeros.com.co\/chimeneas\/producto\/tapete-en-hierro-fundido-redondo\/"},"modified":"2026-04-08T15:17:14","modified_gmt":"2026-04-08T20:17:14","slug":"tapete-en-fundicion-redondo","status":"publish","type":"product","link":"https:\/\/site.marketeros.com.co\/chimeneas\/producto\/tapete-en-fundicion-redondo\/","title":{"rendered":"Tapete en Fundici\u00f3n Redondo"},"content":{"rendered":"","protected":false},"excerpt":{"rendered":"<p>Tapete decorativo, elaborado en fundici\u00f3n de aluminio. Est\u00e1 compuesto por un marco curvo formando un semic\u00edrculo con siluetas ornamentadas.<\/p>\n","protected":false},"featured_media":7865,"template":"","meta":{"_joinchat":[]},"product_brand":[55],"product_cat":[75,83],"product_tag":[],"class_list":{"0":"post-7869","1":"product","2":"type-product","3":"status-publish","4":"has-post-thumbnail","6":"product_brand-decogarden","7":"product_cat-terrazas-y-cocinas","8":"product_cat-accesorios-decorativos","10":"first","11":"instock","12":"taxable","13":"shipping-taxable","14":"purchasable","15":"product-type-simple"},"_links":{"self":[{"href":"https:\/\/site.marketeros.com.co\/chimeneas\/wp-json\/wp\/v2\/product\/7869","targetHints":{"allow":["GET"]}}],"collection":[{"href":"https:\/\/site.marketeros.com.co\/chimeneas\/wp-json\/wp\/v2\/product"}],"about":[{"href":"https:\/\/site.marketeros.com.co\/chimeneas\/wp-json\/wp\/v2\/types\/product"}],"wp:featuredmedia":[{"embeddable":true,"href":"https:\/\/site.marketeros.com.co\/chimeneas\/wp-json\/wp\/v2\/media\/7865"}],"wp:attachment":[{"href":"https:\/\/site.marketeros.com.co\/chimeneas\/wp-json\/wp\/v2\/media?parent=7869"}],"wp:term":[{"taxonomy":"product_brand","embeddable":true,"href":"https:\/\/site.marketeros.com.co\/chimeneas\/wp-json\/wp\/v2\/product_brand?post=7869"},{"taxonomy":"product_cat","embeddable":true,"href":"https:\/\/site.marketeros.com.co\/chimeneas\/wp-json\/wp\/v2\/product_cat?post=7869"},{"taxonomy":"product_tag","embeddable":true,"href":"https:\/\/site.marketeros.com.co\/chimeneas\/wp-json\/wp\/v2\/product_tag?post=7869"}],"curies":[{"name":"wp","href":"https:\/\/api.w.org\/{rel}","templated":true}]}}