{"id":7857,"date":"2026-01-27T23:14:21","date_gmt":"2026-01-28T04:14:21","guid":{"rendered":"https:\/\/site.marketeros.com.co\/chimeneas\/producto\/veleta-en-hiero-fundido-coche-pequeno\/"},"modified":"2026-03-28T11:00:54","modified_gmt":"2026-03-28T16:00:54","slug":"veleta-en-fundicion-coche-pequeno","status":"publish","type":"product","link":"https:\/\/site.marketeros.com.co\/chimeneas\/producto\/veleta-en-fundicion-coche-pequeno\/","title":{"rendered":"Veleta en Fundici\u00f3n Coche Peque\u00f1o"},"content":{"rendered":"","protected":false},"excerpt":{"rendered":"<p>Veleta decorativa elaborada en fundici\u00f3n de aluminio con acabado cl\u00e1sico en negro. Su dise\u00f1o ornamental de coche aporta dinamismo y car\u00e1cter, mientras indica con precisi\u00f3n la direcci\u00f3n del viento. Ideal para cubiertas, terrazas y espacios exteriores que buscan un detalle distintivo y tradicional con gran durabilidad.<\/p>\n","protected":false},"featured_media":8681,"template":"","meta":{"_joinchat":[]},"product_brand":[55],"product_cat":[75,83],"product_tag":[],"class_list":{"0":"post-7857","1":"product","2":"type-product","3":"status-publish","4":"has-post-thumbnail","6":"product_brand-decogarden","7":"product_cat-terrazas-y-cocinas","8":"product_cat-accesorios-decorativos","10":"first","11":"outofstock","12":"taxable","13":"shipping-taxable","14":"purchasable","15":"product-type-simple"},"_links":{"self":[{"href":"https:\/\/site.marketeros.com.co\/chimeneas\/wp-json\/wp\/v2\/product\/7857","targetHints":{"allow":["GET"]}}],"collection":[{"href":"https:\/\/site.marketeros.com.co\/chimeneas\/wp-json\/wp\/v2\/product"}],"about":[{"href":"https:\/\/site.marketeros.com.co\/chimeneas\/wp-json\/wp\/v2\/types\/product"}],"wp:featuredmedia":[{"embeddable":true,"href":"https:\/\/site.marketeros.com.co\/chimeneas\/wp-json\/wp\/v2\/media\/8681"}],"wp:attachment":[{"href":"https:\/\/site.marketeros.com.co\/chimeneas\/wp-json\/wp\/v2\/media?parent=7857"}],"wp:term":[{"taxonomy":"product_brand","embeddable":true,"href":"https:\/\/site.marketeros.com.co\/chimeneas\/wp-json\/wp\/v2\/product_brand?post=7857"},{"taxonomy":"product_cat","embeddable":true,"href":"https:\/\/site.marketeros.com.co\/chimeneas\/wp-json\/wp\/v2\/product_cat?post=7857"},{"taxonomy":"product_tag","embeddable":true,"href":"https:\/\/site.marketeros.com.co\/chimeneas\/wp-json\/wp\/v2\/product_tag?post=7857"}],"curies":[{"name":"wp","href":"https:\/\/api.w.org\/{rel}","templated":true}]}}