{"id":7847,"date":"2026-01-27T23:14:01","date_gmt":"2026-01-28T04:14:01","guid":{"rendered":"https:\/\/site.marketeros.com.co\/chimeneas\/producto\/veleta-en-hiero-fundido-aguila-grande\/"},"modified":"2026-04-08T15:39:26","modified_gmt":"2026-04-08T20:39:26","slug":"veleta-en-fundicion-aguila-grande","status":"publish","type":"product","link":"https:\/\/site.marketeros.com.co\/chimeneas\/producto\/veleta-en-fundicion-aguila-grande\/","title":{"rendered":"Veleta en Fundici\u00f3n \u00c1guila Grande"},"content":{"rendered":"","protected":false},"excerpt":{"rendered":"<p>Indica la direcci\u00f3n del viento, elaborada en fundici\u00f3n de aluminio. Est\u00e1 compuesta por una base, una flecha y la silueta ornamentada de un \u00e1guila. Tradicionalmente es instalada en la cumbrera, embelleciendo todo el espacio de la cubierta de una casa<\/p>\n","protected":false},"featured_media":8677,"template":"","meta":{"_joinchat":[]},"product_brand":[55],"product_cat":[75,83],"product_tag":[],"class_list":{"0":"post-7847","1":"product","2":"type-product","3":"status-publish","4":"has-post-thumbnail","6":"product_brand-decogarden","7":"product_cat-terrazas-y-cocinas","8":"product_cat-accesorios-decorativos","10":"first","11":"instock","12":"taxable","13":"shipping-taxable","14":"purchasable","15":"product-type-simple"},"_links":{"self":[{"href":"https:\/\/site.marketeros.com.co\/chimeneas\/wp-json\/wp\/v2\/product\/7847","targetHints":{"allow":["GET"]}}],"collection":[{"href":"https:\/\/site.marketeros.com.co\/chimeneas\/wp-json\/wp\/v2\/product"}],"about":[{"href":"https:\/\/site.marketeros.com.co\/chimeneas\/wp-json\/wp\/v2\/types\/product"}],"wp:featuredmedia":[{"embeddable":true,"href":"https:\/\/site.marketeros.com.co\/chimeneas\/wp-json\/wp\/v2\/media\/8677"}],"wp:attachment":[{"href":"https:\/\/site.marketeros.com.co\/chimeneas\/wp-json\/wp\/v2\/media?parent=7847"}],"wp:term":[{"taxonomy":"product_brand","embeddable":true,"href":"https:\/\/site.marketeros.com.co\/chimeneas\/wp-json\/wp\/v2\/product_brand?post=7847"},{"taxonomy":"product_cat","embeddable":true,"href":"https:\/\/site.marketeros.com.co\/chimeneas\/wp-json\/wp\/v2\/product_cat?post=7847"},{"taxonomy":"product_tag","embeddable":true,"href":"https:\/\/site.marketeros.com.co\/chimeneas\/wp-json\/wp\/v2\/product_tag?post=7847"}],"curies":[{"name":"wp","href":"https:\/\/api.w.org\/{rel}","templated":true}]}}