{"id":7824,"date":"2026-01-27T23:11:11","date_gmt":"2026-01-28T04:11:11","guid":{"rendered":"https:\/\/site.marketeros.com.co\/chimeneas\/producto\/horno-a-lena-acero\/"},"modified":"2026-04-09T09:45:33","modified_gmt":"2026-04-09T14:45:33","slug":"horno-a-lena-acero","status":"publish","type":"product","link":"https:\/\/site.marketeros.com.co\/chimeneas\/producto\/horno-a-lena-acero\/","title":{"rendered":"Horno a Le\u00f1a Acero"},"content":{"rendered":"<p>Horno a le\u00f1a fabricado en l\u00e1mina met\u00e1lica Cold Rolled Cal. 12 con parte externa en acero inoxidable. Zonas de cocci\u00f3n y de le\u00f1a independientes. Zona interior con doble c\u00e1mara de combusti\u00f3n en ladrillo refractario y l\u00e1mina de aluminio. Ideal para hacer deliciosas recetas con el exquisito sabor a le\u00f1a. Listo para usar.<\/p>\n","protected":false},"excerpt":{"rendered":"<p>Listos para usar, especialmente dise\u00f1ados para resistir altas temperaturas y poder disfrutar del exquisito sabor a le\u00f1a en las comidas.<\/p>\n","protected":false},"featured_media":8973,"template":"","meta":{"_joinchat":[]},"product_brand":[53],"product_cat":[73,75],"product_tag":[],"class_list":{"0":"post-7824","1":"product","2":"type-product","3":"status-publish","4":"has-post-thumbnail","6":"product_brand-chimeneas-de-colombia","7":"product_cat-hornos","8":"product_cat-terrazas-y-cocinas","10":"first","11":"instock","12":"taxable","13":"shipping-taxable","14":"purchasable","15":"product-type-simple"},"_links":{"self":[{"href":"https:\/\/site.marketeros.com.co\/chimeneas\/wp-json\/wp\/v2\/product\/7824","targetHints":{"allow":["GET"]}}],"collection":[{"href":"https:\/\/site.marketeros.com.co\/chimeneas\/wp-json\/wp\/v2\/product"}],"about":[{"href":"https:\/\/site.marketeros.com.co\/chimeneas\/wp-json\/wp\/v2\/types\/product"}],"wp:featuredmedia":[{"embeddable":true,"href":"https:\/\/site.marketeros.com.co\/chimeneas\/wp-json\/wp\/v2\/media\/8973"}],"wp:attachment":[{"href":"https:\/\/site.marketeros.com.co\/chimeneas\/wp-json\/wp\/v2\/media?parent=7824"}],"wp:term":[{"taxonomy":"product_brand","embeddable":true,"href":"https:\/\/site.marketeros.com.co\/chimeneas\/wp-json\/wp\/v2\/product_brand?post=7824"},{"taxonomy":"product_cat","embeddable":true,"href":"https:\/\/site.marketeros.com.co\/chimeneas\/wp-json\/wp\/v2\/product_cat?post=7824"},{"taxonomy":"product_tag","embeddable":true,"href":"https:\/\/site.marketeros.com.co\/chimeneas\/wp-json\/wp\/v2\/product_tag?post=7824"}],"curies":[{"name":"wp","href":"https:\/\/api.w.org\/{rel}","templated":true}]}}