{"id":7816,"date":"2026-01-27T23:10:42","date_gmt":"2026-01-28T04:10:42","guid":{"rendered":"https:\/\/site.marketeros.com.co\/chimeneas\/producto\/arbol-de-maple\/"},"modified":"2026-03-24T08:31:43","modified_gmt":"2026-03-24T13:31:43","slug":"arbol-de-maple","status":"publish","type":"product","link":"https:\/\/site.marketeros.com.co\/chimeneas\/producto\/arbol-de-maple\/","title":{"rendered":"\u00c1rbol de Maple"},"content":{"rendered":"<p>El Bamb\u00fa es un \u00e1rbol de gran tradici\u00f3n. Sus hojas se enredan entre los largos troncos<br \/>\nhasta crear un aspecto \u00fanico que s\u00f3lo el bamb\u00fa puede ofrecer. <\/p>\n<p>Este bamb\u00fa sint\u00e9tico de gran realismo, tiene la misma frescura que una planta natural<br \/>\ny conserva su belleza a\u00f1o tras a\u00f1o, lo que lo hacen el elemento perfecto para decorar cualquier espacio interior.<\/p>\n","protected":false},"excerpt":{"rendered":"<p>Bamb\u00fa en maceta cer\u00e1mica negra. Es ideal cuando no se pueden tener plantas naturales, pero se quiere disfrutar de la belleza de la naturaleza.<\/p>\n","protected":false},"featured_media":7813,"template":"","meta":{"_joinchat":[]},"product_brand":[55],"product_cat":[75],"product_tag":[],"class_list":{"0":"post-7816","1":"product","2":"type-product","3":"status-publish","4":"has-post-thumbnail","6":"product_brand-decogarden","7":"product_cat-terrazas-y-cocinas","9":"first","10":"instock","11":"taxable","12":"shipping-taxable","13":"purchasable","14":"product-type-simple"},"_links":{"self":[{"href":"https:\/\/site.marketeros.com.co\/chimeneas\/wp-json\/wp\/v2\/product\/7816","targetHints":{"allow":["GET"]}}],"collection":[{"href":"https:\/\/site.marketeros.com.co\/chimeneas\/wp-json\/wp\/v2\/product"}],"about":[{"href":"https:\/\/site.marketeros.com.co\/chimeneas\/wp-json\/wp\/v2\/types\/product"}],"wp:featuredmedia":[{"embeddable":true,"href":"https:\/\/site.marketeros.com.co\/chimeneas\/wp-json\/wp\/v2\/media\/7813"}],"wp:attachment":[{"href":"https:\/\/site.marketeros.com.co\/chimeneas\/wp-json\/wp\/v2\/media?parent=7816"}],"wp:term":[{"taxonomy":"product_brand","embeddable":true,"href":"https:\/\/site.marketeros.com.co\/chimeneas\/wp-json\/wp\/v2\/product_brand?post=7816"},{"taxonomy":"product_cat","embeddable":true,"href":"https:\/\/site.marketeros.com.co\/chimeneas\/wp-json\/wp\/v2\/product_cat?post=7816"},{"taxonomy":"product_tag","embeddable":true,"href":"https:\/\/site.marketeros.com.co\/chimeneas\/wp-json\/wp\/v2\/product_tag?post=7816"}],"curies":[{"name":"wp","href":"https:\/\/api.w.org\/{rel}","templated":true}]}}