{"id":7787,"date":"2026-01-27T23:09:29","date_gmt":"2026-01-28T04:09:29","guid":{"rendered":"https:\/\/site.marketeros.com.co\/chimeneas\/producto\/orquidea-blanca-mediana\/"},"modified":"2026-03-24T08:31:44","modified_gmt":"2026-03-24T13:31:44","slug":"orquidea-blanca-mediana","status":"publish","type":"product","link":"https:\/\/site.marketeros.com.co\/chimeneas\/producto\/orquidea-blanca-mediana\/","title":{"rendered":"Orqu\u00eddea Blanca Mediana"},"content":{"rendered":"<p>Las orqu\u00eddeas pertenecen a la familia m\u00e1s grande de plantas con flores, poseen<br \/>\ngran variedad en cuanto a tama\u00f1o, color y forma. <\/p>\n<p>Esta orqu\u00eddea sint\u00e9tica tiene la misma frescura y textura que una planta natural<br \/>\ny conserva su belleza a\u00f1o tras a\u00f1o.<\/p>\n","protected":false},"excerpt":{"rendered":"<p>Orqu\u00eddea Sint\u00e9tica Blanca en maceta cer\u00e1mica negra. Es ideal cuando no se pueden tener plantas naturales, pero se quiere disfrutar de la belleza de la naturaleza.<\/p>\n","protected":false},"featured_media":7785,"template":"","meta":{"_joinchat":[]},"product_brand":[55],"product_cat":[49],"product_tag":[],"class_list":{"0":"post-7787","1":"product","2":"type-product","3":"status-publish","4":"has-post-thumbnail","6":"product_brand-decogarden","7":"product_cat-flores-artificiales","9":"first","10":"instock","11":"taxable","12":"shipping-taxable","13":"purchasable","14":"product-type-simple"},"_links":{"self":[{"href":"https:\/\/site.marketeros.com.co\/chimeneas\/wp-json\/wp\/v2\/product\/7787","targetHints":{"allow":["GET"]}}],"collection":[{"href":"https:\/\/site.marketeros.com.co\/chimeneas\/wp-json\/wp\/v2\/product"}],"about":[{"href":"https:\/\/site.marketeros.com.co\/chimeneas\/wp-json\/wp\/v2\/types\/product"}],"wp:featuredmedia":[{"embeddable":true,"href":"https:\/\/site.marketeros.com.co\/chimeneas\/wp-json\/wp\/v2\/media\/7785"}],"wp:attachment":[{"href":"https:\/\/site.marketeros.com.co\/chimeneas\/wp-json\/wp\/v2\/media?parent=7787"}],"wp:term":[{"taxonomy":"product_brand","embeddable":true,"href":"https:\/\/site.marketeros.com.co\/chimeneas\/wp-json\/wp\/v2\/product_brand?post=7787"},{"taxonomy":"product_cat","embeddable":true,"href":"https:\/\/site.marketeros.com.co\/chimeneas\/wp-json\/wp\/v2\/product_cat?post=7787"},{"taxonomy":"product_tag","embeddable":true,"href":"https:\/\/site.marketeros.com.co\/chimeneas\/wp-json\/wp\/v2\/product_tag?post=7787"}],"curies":[{"name":"wp","href":"https:\/\/api.w.org\/{rel}","templated":true}]}}