{"id":7725,"date":"2026-01-27T23:05:24","date_gmt":"2026-01-28T04:05:24","guid":{"rendered":"https:\/\/site.marketeros.com.co\/chimeneas\/producto\/copy-of-asador-kamado-de-empotrar-21-7\/"},"modified":"2026-03-24T08:31:44","modified_gmt":"2026-03-24T13:31:44","slug":"medium-big-green-egg","status":"publish","type":"product","link":"https:\/\/site.marketeros.com.co\/chimeneas\/producto\/medium-big-green-egg\/","title":{"rendered":"MEDIUM BIG GREEN EGG"},"content":{"rendered":"<p>Con el Medium en el jard\u00edn ser\u00e1 muy f\u00e1cil invitar a tu familia o amigos para disfrutar juntos. Este EGG es uno de los\u00a0 modelos m\u00e1s populares, ya que es perfecto para cocinar a baja temperatura. Gracias a su capacidad se pueden preparar hasta:<\/p>\n<p>8 kgs de pavo, 6 hamburguesa, 3 pollos, 4 filetes, 4 costillas.<\/p>\n<ul>\n<li>Recubrimiento de la c\u00e1mara interna y externa en cer\u00e1mica de alta resistencia<\/li>\n<li>Parrilla en acero inoxidable<\/li>\n<li>Para funcionar con carb\u00f3n de le\u00f1a natural<\/li>\n<li>Term\u00f3metro integrado con zonas de temperaturas de cocci\u00f3n<\/li>\n<li>Perilla superior en hierro fundido y rejilla inferior en acero inoxidable para control de aire seg\u00fan tipo de cocci\u00f3n (asar, ahumar, hornear)<\/li>\n<li>Opci\u00f3n adicional Conveggtor pieza cer\u00e1mica para ahumar y hornear<\/li>\n<\/ul>\n","protected":false},"excerpt":{"rendered":"<p>Dise\u00f1ados para funcionar con carb\u00f3n, construidos con materiales cer\u00e1micos de alta calidad y resistencia, son ideales para asar, hornear y ahumar. El asador m\u00e1s compacto para caber en un peque\u00f1o jard\u00edn urbano, patio o balc\u00f3n, pero lo suficientemente grande para asar, ahumar, guisar o fre\u00edr deliciosas recetas para 6 a 8 personas<\/p>\n<p><span style=\"color: #008000\">Para recibir informaci\u00f3n y acompa\u00f1amiento en la compra, comun\u00edquese al\u00a0<strong>311 577 3366<\/strong>\u00a0o cont\u00e1ctenos directamente a trav\u00e9s de la opci\u00f3n\u00a0<strong>\u00a8PEDIR M\u00c1S INFORMACI\u00d3N\u00a8<\/strong><\/span><\/p>\n","protected":false},"featured_media":8271,"template":"","meta":{"_joinchat":[]},"product_brand":[56],"product_cat":[32],"product_tag":[],"class_list":{"0":"post-7725","1":"product","2":"type-product","3":"status-publish","4":"has-post-thumbnail","6":"product_brand-big-green-egg","7":"product_cat-kamados","9":"first","10":"outofstock","11":"taxable","12":"shipping-taxable","13":"purchasable","14":"product-type-simple"},"_links":{"self":[{"href":"https:\/\/site.marketeros.com.co\/chimeneas\/wp-json\/wp\/v2\/product\/7725","targetHints":{"allow":["GET"]}}],"collection":[{"href":"https:\/\/site.marketeros.com.co\/chimeneas\/wp-json\/wp\/v2\/product"}],"about":[{"href":"https:\/\/site.marketeros.com.co\/chimeneas\/wp-json\/wp\/v2\/types\/product"}],"wp:featuredmedia":[{"embeddable":true,"href":"https:\/\/site.marketeros.com.co\/chimeneas\/wp-json\/wp\/v2\/media\/8271"}],"wp:attachment":[{"href":"https:\/\/site.marketeros.com.co\/chimeneas\/wp-json\/wp\/v2\/media?parent=7725"}],"wp:term":[{"taxonomy":"product_brand","embeddable":true,"href":"https:\/\/site.marketeros.com.co\/chimeneas\/wp-json\/wp\/v2\/product_brand?post=7725"},{"taxonomy":"product_cat","embeddable":true,"href":"https:\/\/site.marketeros.com.co\/chimeneas\/wp-json\/wp\/v2\/product_cat?post=7725"},{"taxonomy":"product_tag","embeddable":true,"href":"https:\/\/site.marketeros.com.co\/chimeneas\/wp-json\/wp\/v2\/product_tag?post=7725"}],"curies":[{"name":"wp","href":"https:\/\/api.w.org\/{rel}","templated":true}]}}