{"id":7358,"date":"2026-01-27T22:45:12","date_gmt":"2026-01-28T03:45:12","guid":{"rendered":"https:\/\/site.marketeros.com.co\/chimeneas\/producto\/prod-95\/"},"modified":"2026-03-26T15:05:03","modified_gmt":"2026-03-26T20:05:03","slug":"chimenea-a-lena-en-hierro-fundido-quitena","status":"publish","type":"product","link":"https:\/\/site.marketeros.com.co\/chimeneas\/producto\/chimenea-a-lena-en-hierro-fundido-quitena\/","title":{"rendered":"Chimenea a Le\u00f1a en Hierro Fundido Quite\u00f1a"},"content":{"rendered":"<p style=\"text-align: left\">Conformada por un hogar horizontal con capacidad suficiente para alojar troncos de 30 cm. Con visual del fuego, \u00e9sta chimenea es f\u00e1cil de instalar.<\/p>\n<p style=\"text-align: left\">\u2022 Ideal para espacios de hasta de 30 m2<\/p>\n<p>\u2022 En hierro fundido<\/p>\n<p>\u2022 Una puerta de acceso frontal<\/p>\n<p>\u2022 Una puerta de acceso frontal inferior para cenizas<\/p>\n","protected":false},"excerpt":{"rendered":"<p>Inspirada en la arquitectura barroca, esta peque\u00f1a chimenea sorprende por su robustez y efecto visual de fuego \u00fanico admirable a trav\u00e9s de su hermosa puerta frontal que esconde la naturaleza destructiva, pero vitalizante del fuego generado en su interior. Prometiendo as\u00ed, envolver peque\u00f1os espacios en acogedores remansos de paz.<\/p>\n","protected":false},"featured_media":9005,"template":"","meta":{"_joinchat":[]},"product_brand":[53],"product_cat":[23],"product_tag":[],"class_list":{"0":"post-7358","1":"product","2":"type-product","3":"status-publish","4":"has-post-thumbnail","6":"product_brand-chimeneas-de-colombia","7":"product_cat-chimeneas-y-estufas-en-hierro-fundido","9":"first","10":"outofstock","11":"taxable","12":"shipping-taxable","13":"purchasable","14":"product-type-simple"},"_links":{"self":[{"href":"https:\/\/site.marketeros.com.co\/chimeneas\/wp-json\/wp\/v2\/product\/7358","targetHints":{"allow":["GET"]}}],"collection":[{"href":"https:\/\/site.marketeros.com.co\/chimeneas\/wp-json\/wp\/v2\/product"}],"about":[{"href":"https:\/\/site.marketeros.com.co\/chimeneas\/wp-json\/wp\/v2\/types\/product"}],"wp:featuredmedia":[{"embeddable":true,"href":"https:\/\/site.marketeros.com.co\/chimeneas\/wp-json\/wp\/v2\/media\/9005"}],"wp:attachment":[{"href":"https:\/\/site.marketeros.com.co\/chimeneas\/wp-json\/wp\/v2\/media?parent=7358"}],"wp:term":[{"taxonomy":"product_brand","embeddable":true,"href":"https:\/\/site.marketeros.com.co\/chimeneas\/wp-json\/wp\/v2\/product_brand?post=7358"},{"taxonomy":"product_cat","embeddable":true,"href":"https:\/\/site.marketeros.com.co\/chimeneas\/wp-json\/wp\/v2\/product_cat?post=7358"},{"taxonomy":"product_tag","embeddable":true,"href":"https:\/\/site.marketeros.com.co\/chimeneas\/wp-json\/wp\/v2\/product_tag?post=7358"}],"curies":[{"name":"wp","href":"https:\/\/api.w.org\/{rel}","templated":true}]}}