{"id":7338,"date":"2026-01-27T22:44:21","date_gmt":"2026-01-28T03:44:21","guid":{"rendered":"https:\/\/site.marketeros.com.co\/chimeneas\/producto\/chimenea-y-estufa-a-lena-en-hierro-fundido-texana-pequena\/"},"modified":"2026-03-26T15:17:13","modified_gmt":"2026-03-26T20:17:13","slug":"chimenea-y-estufa-a-lena-en-hierro-fundido-texana-pequena","status":"publish","type":"product","link":"https:\/\/site.marketeros.com.co\/chimeneas\/producto\/chimenea-y-estufa-a-lena-en-hierro-fundido-texana-pequena\/","title":{"rendered":"Chimenea y Estufa a Le\u00f1a en Hierro Fundido Texana Peque\u00f1a"},"content":{"rendered":"<p>Conformada por un hogar vertical con capacidad suficiente para alojar troncos de 30 cm. Con un dise\u00f1o impetuoso y esbelto, \u00e9sta estufa es f\u00e1cil de instalar. Ideal para espacios de hasta de 30 m2.<br \/>\nEn hierro fundido<br \/>\nUna hornilla para cocci\u00f3n<br \/>\nPuerta frontal de acceso para la le\u00f1a<br \/>\nPuerta de acceso para cenizas<\/p>\n","protected":false},"excerpt":{"rendered":"<p>Peque\u00f1a y encantadora son las cualidades inequ\u00edvocas que caracterizan a esta pieza decorativa de gran trabajo artesanal. Esta chimenea, inspirada en las antiguas estufas del norte de Texas en Estados Unidos, es ideal para ambientar y calentar espacios peque\u00f1os mientras les brinda una identidad \u00fanica y especial.<\/p>\n","protected":false},"featured_media":8104,"template":"","meta":{"_joinchat":[]},"product_brand":[53],"product_cat":[23],"product_tag":[],"class_list":{"0":"post-7338","1":"product","2":"type-product","3":"status-publish","4":"has-post-thumbnail","6":"product_brand-chimeneas-de-colombia","7":"product_cat-chimeneas-y-estufas-en-hierro-fundido","9":"first","10":"instock","11":"taxable","12":"shipping-taxable","13":"purchasable","14":"product-type-simple"},"_links":{"self":[{"href":"https:\/\/site.marketeros.com.co\/chimeneas\/wp-json\/wp\/v2\/product\/7338","targetHints":{"allow":["GET"]}}],"collection":[{"href":"https:\/\/site.marketeros.com.co\/chimeneas\/wp-json\/wp\/v2\/product"}],"about":[{"href":"https:\/\/site.marketeros.com.co\/chimeneas\/wp-json\/wp\/v2\/types\/product"}],"wp:featuredmedia":[{"embeddable":true,"href":"https:\/\/site.marketeros.com.co\/chimeneas\/wp-json\/wp\/v2\/media\/8104"}],"wp:attachment":[{"href":"https:\/\/site.marketeros.com.co\/chimeneas\/wp-json\/wp\/v2\/media?parent=7338"}],"wp:term":[{"taxonomy":"product_brand","embeddable":true,"href":"https:\/\/site.marketeros.com.co\/chimeneas\/wp-json\/wp\/v2\/product_brand?post=7338"},{"taxonomy":"product_cat","embeddable":true,"href":"https:\/\/site.marketeros.com.co\/chimeneas\/wp-json\/wp\/v2\/product_cat?post=7338"},{"taxonomy":"product_tag","embeddable":true,"href":"https:\/\/site.marketeros.com.co\/chimeneas\/wp-json\/wp\/v2\/product_tag?post=7338"}],"curies":[{"name":"wp","href":"https:\/\/api.w.org\/{rel}","templated":true}]}}