{"id":7324,"date":"2026-01-27T22:43:45","date_gmt":"2026-01-28T03:43:45","guid":{"rendered":"https:\/\/site.marketeros.com.co\/chimeneas\/producto\/chimenea-y-estufa-a-lena-en-hierro-fundido-texana-grande\/"},"modified":"2026-03-26T15:26:28","modified_gmt":"2026-03-26T20:26:28","slug":"chimenea-y-estufa-a-lena-en-hierro-fundido-texana-grande","status":"publish","type":"product","link":"https:\/\/site.marketeros.com.co\/chimeneas\/producto\/chimenea-y-estufa-a-lena-en-hierro-fundido-texana-grande\/","title":{"rendered":"Chimenea y Estufa a Le\u00f1a en Hierro Fundido Texana Grande"},"content":{"rendered":"<p>Conformada por un hogar vertical con capacidad suficiente para alojar troncos de 60 cm. Con un dise\u00f1o impetuoso y esbelto, \u00e9sta estufa es f\u00e1cil de instalar. Ideal para espacios de hasta de 100 m2.<br \/>\nEn hierro fundido<br \/>\nUna hornilla para cocci\u00f3n<br \/>\nPuerta frontal de acceso para la le\u00f1a<br \/>\nPuerta de acceso para cenizas<\/p>\n","protected":false},"excerpt":{"rendered":"<p>Magnifica e imponente se alza esta pieza \u00fanica, inspirada en las antiguas estufas del norte Texas en Estados Unidos. Su forma vertical estilizada con detalles cl\u00e1sicos dar\u00e1 un encanto inimaginable al interior de tu hogar a la vez que brindar\u00e1 una calefacci\u00f3n ideal para espacios grandes y por supuesto no se no se puede olvidar la potente estufa superior para cocinar recetas de anta\u00f1o.<\/p>\n","protected":false},"featured_media":9016,"template":"","meta":{"_joinchat":[]},"product_brand":[53],"product_cat":[23],"product_tag":[],"class_list":{"0":"post-7324","1":"product","2":"type-product","3":"status-publish","4":"has-post-thumbnail","6":"product_brand-chimeneas-de-colombia","7":"product_cat-chimeneas-y-estufas-en-hierro-fundido","9":"first","10":"instock","11":"taxable","12":"shipping-taxable","13":"purchasable","14":"product-type-simple"},"_links":{"self":[{"href":"https:\/\/site.marketeros.com.co\/chimeneas\/wp-json\/wp\/v2\/product\/7324","targetHints":{"allow":["GET"]}}],"collection":[{"href":"https:\/\/site.marketeros.com.co\/chimeneas\/wp-json\/wp\/v2\/product"}],"about":[{"href":"https:\/\/site.marketeros.com.co\/chimeneas\/wp-json\/wp\/v2\/types\/product"}],"wp:featuredmedia":[{"embeddable":true,"href":"https:\/\/site.marketeros.com.co\/chimeneas\/wp-json\/wp\/v2\/media\/9016"}],"wp:attachment":[{"href":"https:\/\/site.marketeros.com.co\/chimeneas\/wp-json\/wp\/v2\/media?parent=7324"}],"wp:term":[{"taxonomy":"product_brand","embeddable":true,"href":"https:\/\/site.marketeros.com.co\/chimeneas\/wp-json\/wp\/v2\/product_brand?post=7324"},{"taxonomy":"product_cat","embeddable":true,"href":"https:\/\/site.marketeros.com.co\/chimeneas\/wp-json\/wp\/v2\/product_cat?post=7324"},{"taxonomy":"product_tag","embeddable":true,"href":"https:\/\/site.marketeros.com.co\/chimeneas\/wp-json\/wp\/v2\/product_tag?post=7324"}],"curies":[{"name":"wp","href":"https:\/\/api.w.org\/{rel}","templated":true}]}}