{"id":7311,"date":"2026-01-27T22:41:16","date_gmt":"2026-01-28T03:41:16","guid":{"rendered":"https:\/\/site.marketeros.com.co\/chimeneas\/producto\/chimenea-y-estufa-a-lena-en-hierro-fundido-bizantina\/"},"modified":"2026-03-26T15:40:08","modified_gmt":"2026-03-26T20:40:08","slug":"chimenea-y-estufa-a-lena-en-hierro-fundido-bizantina","status":"publish","type":"product","link":"https:\/\/site.marketeros.com.co\/chimeneas\/producto\/chimenea-y-estufa-a-lena-en-hierro-fundido-bizantina\/","title":{"rendered":"Chimenea y Estufa a Le\u00f1a en Hierro Fundido Bizantina"},"content":{"rendered":"<p>Conformada por un hogar vertical con capacidad suficiente para alojar troncos de 40 cm. Con delicadeza y car\u00e1cter esta estufa y chimenea es f\u00e1cil de instalar. Ideal para espacios de hasta de 60 m2.<br \/>\nEn hierro fundido<br \/>\nDos hornillas para cocci\u00f3n<br \/>\nPuerta frontal y lateral de acceso para la le\u00f1a<br \/>\nPuerta de acceso frontal para cenizas<\/p>\n","protected":false},"excerpt":{"rendered":"<div class=\"product-reference\"><label class=\"label\">Referencia:<\/label>\u00a0CHF-11<\/div>\n<div class=\"product-information\">\n<div id=\"product-description-short-48\">\n<p>Elegante y armoniosa la chimenea Bizantina llevar\u00e1 tus sentidos a otra \u00e9poca mientras disfrutas de la funcionalidad de sus numerosas puertas, la tecnolog\u00eda de calefacci\u00f3n y la visual \u00fanica de esta imponente obra de arte inspirada en los detalles de la \u00e9poca del renacimiento. Calienta tu hogar y brinda una sensaci\u00f3n de antig\u00fcedad cl\u00e1sica.<\/p>\n<\/div>\n<\/div>\n","protected":false},"featured_media":9020,"template":"","meta":{"_joinchat":[]},"product_brand":[53],"product_cat":[23],"product_tag":[],"class_list":{"0":"post-7311","1":"product","2":"type-product","3":"status-publish","4":"has-post-thumbnail","6":"product_brand-chimeneas-de-colombia","7":"product_cat-chimeneas-y-estufas-en-hierro-fundido","9":"first","10":"instock","11":"taxable","12":"shipping-taxable","13":"purchasable","14":"product-type-simple"},"_links":{"self":[{"href":"https:\/\/site.marketeros.com.co\/chimeneas\/wp-json\/wp\/v2\/product\/7311","targetHints":{"allow":["GET"]}}],"collection":[{"href":"https:\/\/site.marketeros.com.co\/chimeneas\/wp-json\/wp\/v2\/product"}],"about":[{"href":"https:\/\/site.marketeros.com.co\/chimeneas\/wp-json\/wp\/v2\/types\/product"}],"wp:featuredmedia":[{"embeddable":true,"href":"https:\/\/site.marketeros.com.co\/chimeneas\/wp-json\/wp\/v2\/media\/9020"}],"wp:attachment":[{"href":"https:\/\/site.marketeros.com.co\/chimeneas\/wp-json\/wp\/v2\/media?parent=7311"}],"wp:term":[{"taxonomy":"product_brand","embeddable":true,"href":"https:\/\/site.marketeros.com.co\/chimeneas\/wp-json\/wp\/v2\/product_brand?post=7311"},{"taxonomy":"product_cat","embeddable":true,"href":"https:\/\/site.marketeros.com.co\/chimeneas\/wp-json\/wp\/v2\/product_cat?post=7311"},{"taxonomy":"product_tag","embeddable":true,"href":"https:\/\/site.marketeros.com.co\/chimeneas\/wp-json\/wp\/v2\/product_tag?post=7311"}],"curies":[{"name":"wp","href":"https:\/\/api.w.org\/{rel}","templated":true}]}}