{"id":7132,"date":"2026-01-27T22:31:59","date_gmt":"2026-01-28T03:31:59","guid":{"rendered":"https:\/\/site.marketeros.com.co\/chimeneas\/producto\/chimenea-electrica-loft-extra-large\/"},"modified":"2026-03-24T08:32:17","modified_gmt":"2026-03-24T13:32:17","slug":"chimenea-electrica-loft-extra-large","status":"publish","type":"product","link":"https:\/\/site.marketeros.com.co\/chimeneas\/producto\/chimenea-electrica-loft-extra-large\/","title":{"rendered":"Chimenea El\u00e9ctrica Loft Extra Large"},"content":{"rendered":"<p>Con luces LED de alta potencia que proporcionan un estilo brillante y distinguido, perfectas para utilizar de d\u00eda o de noche. Con efecto de llama lineal, marco rectangular tipo loft con vidrio frontal de dise\u00f1o elegante y brasas decoradas con cristales transparentes que brindan un dise\u00f1o fresco y sofisticado. Efecto del fuego graduable en tonos naranja\u2013azul. Listas para dar calor al hogar con un solo clic.<br \/>\n\u2022 Ideal para espacios de hasta 30m2.<br \/>\n\u2022 Chimenea el\u00e9ctrica para colgar o empotrar<br \/>\n\u2022 Perfecta para lugares en los que no se pueden manejar ductos de ventilaci\u00f3n<br \/>\n\u2022 Dise\u00f1o rectangular con marco delgado de 13 cm de profundidad y vidrio frontal<br \/>\n\u2022 Brasas decoradas con cristales transparentes<br \/>\n\u2022 Configuraci\u00f3n de efecto de llama en tonos azul y naranja o combinados, con 5 niveles de intensidad<br \/>\n\u2022 Control remoto (grad\u00faa intensidad de llama, opciones de color, activa calefacci\u00f3n )<br \/>\n\u2022 Luces LED<br \/>\n\u2022 F\u00e1cil instalaci\u00f3n con soporte de montaje integrado<br \/>\n\u2022 Consumo Efecto del Fuego: 150w<br \/>\n\u2022 Consumo Calefacci\u00f3n: 1,5 Kw, a 110V<br \/>\n\u2022 Apto para cualquier habitaci\u00f3n, incluyendo dormitorios y salas de estar<br \/>\n\u2022<\/p>\n","protected":false},"excerpt":{"rendered":"<p>Chimenea El\u00e9ctrica Tipo Loft, que impacta por su dise\u00f1o contempor\u00e1neo y minimalista. Lista para colgar o empotrar en cualquier ambiente, ideal para aquellos que quieran un punto focal con calefacci\u00f3n est\u00e9ticamente agradable en una habitaci\u00f3n sin necesidad de ventilaci\u00f3n.<\/p>\n","protected":false},"featured_media":7128,"template":"","meta":{"_joinchat":[]},"product_brand":[53],"product_cat":[37],"product_tag":[],"class_list":{"0":"post-7132","1":"product","2":"type-product","3":"status-publish","4":"has-post-thumbnail","6":"product_brand-chimeneas-de-colombia","7":"product_cat-chimeneas-electricas","9":"first","10":"instock","11":"taxable","12":"shipping-taxable","13":"purchasable","14":"product-type-simple"},"_links":{"self":[{"href":"https:\/\/site.marketeros.com.co\/chimeneas\/wp-json\/wp\/v2\/product\/7132","targetHints":{"allow":["GET"]}}],"collection":[{"href":"https:\/\/site.marketeros.com.co\/chimeneas\/wp-json\/wp\/v2\/product"}],"about":[{"href":"https:\/\/site.marketeros.com.co\/chimeneas\/wp-json\/wp\/v2\/types\/product"}],"wp:featuredmedia":[{"embeddable":true,"href":"https:\/\/site.marketeros.com.co\/chimeneas\/wp-json\/wp\/v2\/media\/7128"}],"wp:attachment":[{"href":"https:\/\/site.marketeros.com.co\/chimeneas\/wp-json\/wp\/v2\/media?parent=7132"}],"wp:term":[{"taxonomy":"product_brand","embeddable":true,"href":"https:\/\/site.marketeros.com.co\/chimeneas\/wp-json\/wp\/v2\/product_brand?post=7132"},{"taxonomy":"product_cat","embeddable":true,"href":"https:\/\/site.marketeros.com.co\/chimeneas\/wp-json\/wp\/v2\/product_cat?post=7132"},{"taxonomy":"product_tag","embeddable":true,"href":"https:\/\/site.marketeros.com.co\/chimeneas\/wp-json\/wp\/v2\/product_tag?post=7132"}],"curies":[{"name":"wp","href":"https:\/\/api.w.org\/{rel}","templated":true}]}}