{"id":6997,"date":"2026-01-27T22:25:54","date_gmt":"2026-01-28T03:25:54","guid":{"rendered":"https:\/\/site.marketeros.com.co\/chimeneas\/producto\/paila-para-lena-en-lamina-mediana\/"},"modified":"2026-04-01T11:04:27","modified_gmt":"2026-04-01T16:04:27","slug":"paila-para-fogata-a-lena-en-lamina-mediana-negra","status":"publish","type":"product","link":"https:\/\/site.marketeros.com.co\/chimeneas\/producto\/paila-para-fogata-a-lena-en-lamina-mediana-negra\/","title":{"rendered":"Paila para Fogata a Le\u00f1a en L\u00e1mina Mediana &#8211; Negra"},"content":{"rendered":"<p>Disfruta de noches inolvidables al aire libre alrededor del fuego con la Paila para Fogata Mediana. Este brasero de dise\u00f1o minimalista y funcional es perfecto para reuniones sociales, proporcionando un centro de calor y luz de forma segura. Su construcci\u00f3n es excepcionalmente robusta, ya que est\u00e1 fabricada en l\u00e1mina de hierro Cold Rolled de calibre 12, un acero de gran grosor que garantiza una excelente resistencia a las altas temperaturas y una larga vida \u00fatil. Con un acabado en pintura negra resistente al calor y una pr\u00e1ctica perforaci\u00f3n para el drenaje de agua de lluvia, esta paila de 80 cm es port\u00e1til, f\u00e1cil de usar y el complemento perfecto para cualquier espacio exterior.<\/p>\n","protected":false},"excerpt":{"rendered":"<p>La Paila para Fogata Mediana es la soluci\u00f3n ideal para crear un punto de fuego seguro y moderno en tu jard\u00edn o terraza. Fabricada en acero cold rolled de grueso calibre 12 y con 80 cm de di\u00e1metro, este fogatero minimalista y port\u00e1til est\u00e1 dise\u00f1ado para una m\u00e1xima durabilidad y resistencia al fuego directo<\/p>\n","protected":false},"featured_media":9061,"template":"","meta":{"_joinchat":[]},"product_brand":[53],"product_cat":[30,82],"product_tag":[],"class_list":{"0":"post-6997","1":"product","2":"type-product","3":"status-publish","4":"has-post-thumbnail","6":"product_brand-chimeneas-de-colombia","7":"product_cat-chimeneas-de-exterior-a-lena","8":"product_cat-firepit-lena","10":"first","11":"instock","12":"taxable","13":"shipping-taxable","14":"purchasable","15":"product-type-simple"},"_links":{"self":[{"href":"https:\/\/site.marketeros.com.co\/chimeneas\/wp-json\/wp\/v2\/product\/6997","targetHints":{"allow":["GET"]}}],"collection":[{"href":"https:\/\/site.marketeros.com.co\/chimeneas\/wp-json\/wp\/v2\/product"}],"about":[{"href":"https:\/\/site.marketeros.com.co\/chimeneas\/wp-json\/wp\/v2\/types\/product"}],"wp:featuredmedia":[{"embeddable":true,"href":"https:\/\/site.marketeros.com.co\/chimeneas\/wp-json\/wp\/v2\/media\/9061"}],"wp:attachment":[{"href":"https:\/\/site.marketeros.com.co\/chimeneas\/wp-json\/wp\/v2\/media?parent=6997"}],"wp:term":[{"taxonomy":"product_brand","embeddable":true,"href":"https:\/\/site.marketeros.com.co\/chimeneas\/wp-json\/wp\/v2\/product_brand?post=6997"},{"taxonomy":"product_cat","embeddable":true,"href":"https:\/\/site.marketeros.com.co\/chimeneas\/wp-json\/wp\/v2\/product_cat?post=6997"},{"taxonomy":"product_tag","embeddable":true,"href":"https:\/\/site.marketeros.com.co\/chimeneas\/wp-json\/wp\/v2\/product_tag?post=6997"}],"curies":[{"name":"wp","href":"https:\/\/api.w.org\/{rel}","templated":true}]}}