{"id":6989,"date":"2026-01-27T22:25:39","date_gmt":"2026-01-28T03:25:39","guid":{"rendered":"https:\/\/site.marketeros.com.co\/chimeneas\/producto\/paila-para-lena-en-fundicion-de-aluminio-grande\/"},"modified":"2026-03-28T09:48:16","modified_gmt":"2026-03-28T14:48:16","slug":"paila-para-lena-en-fundicion-de-aluminio-grande","status":"publish","type":"product","link":"https:\/\/site.marketeros.com.co\/chimeneas\/producto\/paila-para-lena-en-fundicion-de-aluminio-grande\/","title":{"rendered":"Paila para Le\u00f1a en Fundici\u00f3n de Aluminio Grande"},"content":{"rendered":"<p>Disfruta de la belleza del fuego al aire libre sin preocuparte por el \u00f3xido o el deterioro. Esta paila para fogata est\u00e1 fabricada en fundici\u00f3n de aluminio, un material excepcional para exteriores que es inherentemente inoxidable y resistente a la corrosi\u00f3n. A diferencia de los modelos de acero, mantendr\u00e1 su integridad y apariencia a lo largo del tiempo, incluso si se deja a la intemperie. Con 70 cm de di\u00e1metro, es perfecta para crear un ambiente c\u00e1lido en terrazas y jardines. Su relativa ligereza la hace f\u00e1cil de mover y almacenar. Es la combinaci\u00f3n perfecta de un dise\u00f1o funcional y un material de rendimiento superior para un fogatero de exterior.<\/p>\n","protected":false},"excerpt":{"rendered":"<p>La Paila para Fogata Grande de 70 cm, fabricada en fundici\u00f3n de aluminio, es la opci\u00f3n ideal para un fuego de exterior duradero y sin \u00f3xido. Ligera, port\u00e1til y con un dise\u00f1o cl\u00e1sico, este brasero garantiza una excelente resistencia a la intemperie y una larga vida \u00fatil sin mantenimiento.<\/p>\n","protected":false},"featured_media":9062,"template":"","meta":{"_joinchat":[]},"product_brand":[53],"product_cat":[61,30,82],"product_tag":[],"class_list":{"0":"post-6989","1":"product","2":"type-product","3":"status-publish","4":"has-post-thumbnail","6":"product_brand-chimeneas-de-colombia","7":"product_cat-asadores-a-carbon-o-lena","8":"product_cat-chimeneas-de-exterior-a-lena","9":"product_cat-firepit-lena","11":"first","12":"instock","13":"taxable","14":"shipping-taxable","15":"purchasable","16":"product-type-simple"},"_links":{"self":[{"href":"https:\/\/site.marketeros.com.co\/chimeneas\/wp-json\/wp\/v2\/product\/6989","targetHints":{"allow":["GET"]}}],"collection":[{"href":"https:\/\/site.marketeros.com.co\/chimeneas\/wp-json\/wp\/v2\/product"}],"about":[{"href":"https:\/\/site.marketeros.com.co\/chimeneas\/wp-json\/wp\/v2\/types\/product"}],"wp:featuredmedia":[{"embeddable":true,"href":"https:\/\/site.marketeros.com.co\/chimeneas\/wp-json\/wp\/v2\/media\/9062"}],"wp:attachment":[{"href":"https:\/\/site.marketeros.com.co\/chimeneas\/wp-json\/wp\/v2\/media?parent=6989"}],"wp:term":[{"taxonomy":"product_brand","embeddable":true,"href":"https:\/\/site.marketeros.com.co\/chimeneas\/wp-json\/wp\/v2\/product_brand?post=6989"},{"taxonomy":"product_cat","embeddable":true,"href":"https:\/\/site.marketeros.com.co\/chimeneas\/wp-json\/wp\/v2\/product_cat?post=6989"},{"taxonomy":"product_tag","embeddable":true,"href":"https:\/\/site.marketeros.com.co\/chimeneas\/wp-json\/wp\/v2\/product_tag?post=6989"}],"curies":[{"name":"wp","href":"https:\/\/api.w.org\/{rel}","templated":true}]}}