{"id":6830,"date":"2026-01-27T22:14:47","date_gmt":"2026-01-28T03:14:47","guid":{"rendered":"https:\/\/site.marketeros.com.co\/chimeneas\/producto\/prod-485\/"},"modified":"2026-03-27T16:43:19","modified_gmt":"2026-03-27T21:43:19","slug":"chimenea-a-lena-valeska-pequena","status":"publish","type":"product","link":"https:\/\/site.marketeros.com.co\/chimeneas\/producto\/chimenea-a-lena-valeska-pequena\/","title":{"rendered":"Chimenea a Le\u00f1a Valeska Peque\u00f1a"},"content":{"rendered":"<p>La Chimenea Valeska Peque\u00f1a de Doble Combusti\u00f3n ofrece una soluci\u00f3n de calefacci\u00f3n eficiente y respetuosa con el ambiente. Fabricada con aceros de 4 y 6 mm y c\u00e1mara interior en ladrillo refractario, su sistema de doble combusti\u00f3n reutiliza los gases no quemados para incrementar la temperatura y reducir residuos. Esto permite una autonom\u00eda prolongada por carga de le\u00f1a y emisiones significativamente menores. Equipada con vidrio cer\u00e1mico resistente (hasta 800 \u00b0C) y sistema de cristal limpio, la Valeska presenta una amplia ventana frontal que aporta est\u00e9tica y confort visual. Indicada para ambientes con un volumen calefactable entre 120 y 192 m\u00b3 (aprox. 50\u201380 m\u00b2 seg\u00fan la configuraci\u00f3n), combina robustez, dise\u00f1o contempor\u00e1neo y bajo consumo.<\/p>\n","protected":false},"excerpt":{"rendered":"<p>La Chimenea Valeska Peque\u00f1a de doble combusti\u00f3n combina eficiencia energ\u00e9tica, dise\u00f1o moderno y visi\u00f3n amplia del fuego. Su sistema de doble combusti\u00f3n reduce emisiones y optimiza el consumo de le\u00f1a; est\u00e1 dise\u00f1ada para calefaccionar entre 50 y 80 m\u00b2, siendo apropiada para salas medianas y caba\u00f1as con alto rendimiento t\u00e9rmico.<\/p>\n","protected":false},"featured_media":9051,"template":"","meta":{"_joinchat":[]},"product_brand":[53],"product_cat":[70],"product_tag":[],"class_list":{"0":"post-6830","1":"product","2":"type-product","3":"status-publish","4":"has-post-thumbnail","6":"product_brand-chimeneas-de-colombia","7":"product_cat-chimeneas-de-doble-y-triple-combustion","9":"first","10":"instock","11":"taxable","12":"shipping-taxable","13":"purchasable","14":"product-type-simple"},"_links":{"self":[{"href":"https:\/\/site.marketeros.com.co\/chimeneas\/wp-json\/wp\/v2\/product\/6830","targetHints":{"allow":["GET"]}}],"collection":[{"href":"https:\/\/site.marketeros.com.co\/chimeneas\/wp-json\/wp\/v2\/product"}],"about":[{"href":"https:\/\/site.marketeros.com.co\/chimeneas\/wp-json\/wp\/v2\/types\/product"}],"wp:featuredmedia":[{"embeddable":true,"href":"https:\/\/site.marketeros.com.co\/chimeneas\/wp-json\/wp\/v2\/media\/9051"}],"wp:attachment":[{"href":"https:\/\/site.marketeros.com.co\/chimeneas\/wp-json\/wp\/v2\/media?parent=6830"}],"wp:term":[{"taxonomy":"product_brand","embeddable":true,"href":"https:\/\/site.marketeros.com.co\/chimeneas\/wp-json\/wp\/v2\/product_brand?post=6830"},{"taxonomy":"product_cat","embeddable":true,"href":"https:\/\/site.marketeros.com.co\/chimeneas\/wp-json\/wp\/v2\/product_cat?post=6830"},{"taxonomy":"product_tag","embeddable":true,"href":"https:\/\/site.marketeros.com.co\/chimeneas\/wp-json\/wp\/v2\/product_tag?post=6830"}],"curies":[{"name":"wp","href":"https:\/\/api.w.org\/{rel}","templated":true}]}}