{"id":6633,"date":"2026-01-27T22:03:07","date_gmt":"2026-01-28T03:03:07","guid":{"rendered":"https:\/\/site.marketeros.com.co\/chimeneas\/producto\/copy-of-clip-en-acero-inoxidable-4\/"},"modified":"2026-03-24T08:32:44","modified_gmt":"2026-03-24T13:32:44","slug":"bge-cepillo-grip-largo-de-fibra-natural-palmyra","status":"publish","type":"product","link":"https:\/\/site.marketeros.com.co\/chimeneas\/producto\/bge-cepillo-grip-largo-de-fibra-natural-palmyra\/","title":{"rendered":"BGE Cepillo Grip Largo de Fibra Natural Palmyra"},"content":{"rendered":"<ul>\n<li>Los cepillos para parrilla Palmyra completamente naturales de Big Green Egg cuentan con almohadillas de cerdas de palma duraderas que limpian de manera f\u00e1cil y segura incluso las rejillas de cocci\u00f3n m\u00e1s sucias.<\/li>\n<li>Cabezal de lavado removible y reemplazable.<\/li>\n<li>Incluye una almohadilla de fregado de repuesto.<\/li>\n<li>El dise\u00f1o de mango largo mantiene las manos seguras lejos del calor.<\/li>\n<li>Mango c\u00f3modo y de dise\u00f1o ergon\u00f3mico.<\/li>\n<\/ul>\n","protected":false},"excerpt":{"rendered":"<p>Cepillo de metal tradicional para limpiar sus parrillas de cocci\u00f3n, las cerdas de metal pueden soltarse f\u00e1cilmente y pegarse a la parrilla.<\/p>\n","protected":false},"featured_media":8514,"template":"","meta":{"_joinchat":[]},"product_brand":[56],"product_cat":[62],"product_tag":[],"class_list":{"0":"post-6633","1":"product","2":"type-product","3":"status-publish","4":"has-post-thumbnail","6":"product_brand-big-green-egg","7":"product_cat-accesorios-kamados","9":"first","10":"instock","11":"taxable","12":"shipping-taxable","13":"purchasable","14":"product-type-simple"},"_links":{"self":[{"href":"https:\/\/site.marketeros.com.co\/chimeneas\/wp-json\/wp\/v2\/product\/6633","targetHints":{"allow":["GET"]}}],"collection":[{"href":"https:\/\/site.marketeros.com.co\/chimeneas\/wp-json\/wp\/v2\/product"}],"about":[{"href":"https:\/\/site.marketeros.com.co\/chimeneas\/wp-json\/wp\/v2\/types\/product"}],"wp:featuredmedia":[{"embeddable":true,"href":"https:\/\/site.marketeros.com.co\/chimeneas\/wp-json\/wp\/v2\/media\/8514"}],"wp:attachment":[{"href":"https:\/\/site.marketeros.com.co\/chimeneas\/wp-json\/wp\/v2\/media?parent=6633"}],"wp:term":[{"taxonomy":"product_brand","embeddable":true,"href":"https:\/\/site.marketeros.com.co\/chimeneas\/wp-json\/wp\/v2\/product_brand?post=6633"},{"taxonomy":"product_cat","embeddable":true,"href":"https:\/\/site.marketeros.com.co\/chimeneas\/wp-json\/wp\/v2\/product_cat?post=6633"},{"taxonomy":"product_tag","embeddable":true,"href":"https:\/\/site.marketeros.com.co\/chimeneas\/wp-json\/wp\/v2\/product_tag?post=6633"}],"curies":[{"name":"wp","href":"https:\/\/api.w.org\/{rel}","templated":true}]}}