{"id":6617,"date":"2026-01-27T22:01:59","date_gmt":"2026-01-28T03:01:59","guid":{"rendered":"https:\/\/site.marketeros.com.co\/chimeneas\/producto\/prod-430\/"},"modified":"2026-03-24T08:32:45","modified_gmt":"2026-03-24T13:32:45","slug":"espatula-para-pizza-en-acero-inoxidable","status":"publish","type":"product","link":"https:\/\/site.marketeros.com.co\/chimeneas\/producto\/espatula-para-pizza-en-acero-inoxidable\/","title":{"rendered":"Esp\u00e1tula para Pizza en Acero Inoxidable"},"content":{"rendered":"","protected":false},"excerpt":{"rendered":"<p>Esta esp\u00e1tula elaborada en madera de alta calidad y acero Inoxidable 304, el utensilio indispensable para todas tus preparaciones, perfecta para asados, pizzas, elaboraci\u00f3n de teppanyakis o casi cualquier receta. D\u00e9jate llevar por su encanto y singularidad y perm\u00edtete crear recetas \u00fanicas de la mano de esta vers\u00e1til pieza<\/p>\n","protected":false},"featured_media":0,"template":"","meta":{"_joinchat":[]},"product_brand":[55],"product_cat":[62],"product_tag":[],"class_list":{"0":"post-6617","1":"product","2":"type-product","3":"status-publish","5":"product_brand-decogarden","6":"product_cat-accesorios-kamados","8":"first","9":"instock","10":"taxable","11":"shipping-taxable","12":"purchasable","13":"product-type-simple"},"_links":{"self":[{"href":"https:\/\/site.marketeros.com.co\/chimeneas\/wp-json\/wp\/v2\/product\/6617","targetHints":{"allow":["GET"]}}],"collection":[{"href":"https:\/\/site.marketeros.com.co\/chimeneas\/wp-json\/wp\/v2\/product"}],"about":[{"href":"https:\/\/site.marketeros.com.co\/chimeneas\/wp-json\/wp\/v2\/types\/product"}],"wp:attachment":[{"href":"https:\/\/site.marketeros.com.co\/chimeneas\/wp-json\/wp\/v2\/media?parent=6617"}],"wp:term":[{"taxonomy":"product_brand","embeddable":true,"href":"https:\/\/site.marketeros.com.co\/chimeneas\/wp-json\/wp\/v2\/product_brand?post=6617"},{"taxonomy":"product_cat","embeddable":true,"href":"https:\/\/site.marketeros.com.co\/chimeneas\/wp-json\/wp\/v2\/product_cat?post=6617"},{"taxonomy":"product_tag","embeddable":true,"href":"https:\/\/site.marketeros.com.co\/chimeneas\/wp-json\/wp\/v2\/product_tag?post=6617"}],"curies":[{"name":"wp","href":"https:\/\/api.w.org\/{rel}","templated":true}]}}