{"id":6559,"date":"2026-01-27T21:57:10","date_gmt":"2026-01-28T02:57:10","guid":{"rendered":"https:\/\/site.marketeros.com.co\/chimeneas\/producto\/asador-bbq-a-gas-de-empotrar-5-quemadores\/"},"modified":"2026-03-25T15:05:15","modified_gmt":"2026-03-25T20:05:15","slug":"asador-bbq-a-gas-de-empotrar-5-quemadores","status":"publish","type":"product","link":"https:\/\/site.marketeros.com.co\/chimeneas\/producto\/asador-bbq-a-gas-de-empotrar-5-quemadores\/","title":{"rendered":"Asador BBQ a Gas de Empotrar 5 Quemadores"},"content":{"rendered":"<p>\u2022 Cinco quemadores en acero inoxidable 430<br \/>\n\u2022 Tapa en acero inoxidable<br \/>\n\u2022 Term\u00f3metro que permite una lectura segura de la temperatura interior de la parrilla sin necesidad de abrir la tapa.<br \/>\n\u2022 Maneja un rango de temperaturas de 0 a 800\u00b0F (0 &#8211; 426\u00b0C)<br \/>\n\u2022 C\u00e1mara interna de combusti\u00f3n en acero<br \/>\n\u2022 Cobertor de llama en forma de \u00abV\u00bb en acero inoxidable<br \/>\n\u2022 Parrillas y plancha de cocci\u00f3n en acero inoxidable de alta resistencia<br \/>\n\u2022 Rejilla de calentamiento en acero inoxidable<br \/>\n\u2022 Encendido autom\u00e1tico<br \/>\n\u2022 Bandeja de residuos extra\u00edble<br \/>\n\u2022 Potencia Total (2.8kw = 10.000 BTUs cada quemador) = 50.000 BTU (14Kw)<br \/>\n\u2022 Presi\u00f3n de Entrada: De 5 a 8 Columnas de agua para Gas Natural o de 11 a 13 Columnas de Agua para Gas Propano.<br \/>\n\u2022 Medidas: Alto cerrado 52.5, Alto abierto 71.5, Ancho sin aletas 81.5, Ancho con aletas 89 Fondo 60<\/p>\n","protected":false},"excerpt":{"rendered":"<p>BBQ a gas listo para empotrar marca Decogarden, de dise\u00f1o moderno y pr\u00e1ctico, ideal para patios, p\u00e9rgolas o terrazas. Fabricado en l\u00e1mina de acero inoxidable.<\/p>\n","protected":false},"featured_media":6552,"template":"","meta":{"_joinchat":[]},"product_brand":[55],"product_cat":[29],"product_tag":[],"class_list":{"0":"post-6559","1":"product","2":"type-product","3":"status-publish","4":"has-post-thumbnail","6":"product_brand-decogarden","7":"product_cat-asadores-a-gas","9":"first","10":"instock","11":"taxable","12":"shipping-taxable","13":"purchasable","14":"product-type-simple"},"_links":{"self":[{"href":"https:\/\/site.marketeros.com.co\/chimeneas\/wp-json\/wp\/v2\/product\/6559","targetHints":{"allow":["GET"]}}],"collection":[{"href":"https:\/\/site.marketeros.com.co\/chimeneas\/wp-json\/wp\/v2\/product"}],"about":[{"href":"https:\/\/site.marketeros.com.co\/chimeneas\/wp-json\/wp\/v2\/types\/product"}],"wp:featuredmedia":[{"embeddable":true,"href":"https:\/\/site.marketeros.com.co\/chimeneas\/wp-json\/wp\/v2\/media\/6552"}],"wp:attachment":[{"href":"https:\/\/site.marketeros.com.co\/chimeneas\/wp-json\/wp\/v2\/media?parent=6559"}],"wp:term":[{"taxonomy":"product_brand","embeddable":true,"href":"https:\/\/site.marketeros.com.co\/chimeneas\/wp-json\/wp\/v2\/product_brand?post=6559"},{"taxonomy":"product_cat","embeddable":true,"href":"https:\/\/site.marketeros.com.co\/chimeneas\/wp-json\/wp\/v2\/product_cat?post=6559"},{"taxonomy":"product_tag","embeddable":true,"href":"https:\/\/site.marketeros.com.co\/chimeneas\/wp-json\/wp\/v2\/product_tag?post=6559"}],"curies":[{"name":"wp","href":"https:\/\/api.w.org\/{rel}","templated":true}]}}