{"id":6267,"date":"2026-01-27T21:38:31","date_gmt":"2026-01-28T02:38:31","guid":{"rendered":"https:\/\/site.marketeros.com.co\/chimeneas\/producto\/copy-of-asador-kamado-portatil-23\/"},"modified":"2026-03-24T08:33:10","modified_gmt":"2026-03-24T13:33:10","slug":"asador-kamado-portatil-23-2","status":"publish","type":"product","link":"https:\/\/site.marketeros.com.co\/chimeneas\/producto\/asador-kamado-portatil-23-2\/","title":{"rendered":"Combo Asador Kamado Port\u00e1til 23&#8243;"},"content":{"rendered":"<div class=\"product-block block-description\">\n<p>Cocinar en un Kamado tiene muchas ventajas, ya que puede realizar todas las recetas que har\u00eda en un horno de le\u00f1a o a carb\u00f3n, como asar, hornear y ahumar cualquier tipo de carnes, aves, pescados, pizzas, panes, arroces y vegetales. Se puede regular su temperatura sobre la marcha como no se ha conseguido jam\u00e1s en ninguna cocina que funcione con le\u00f1a y\/o carb\u00f3n. Adem\u00e1s su dise\u00f1o permite realizar cocciones de decenas de horas con una distribuci\u00f3n del calor uniforme. Los Kamados al ser de cer\u00e1mica generan un calor h\u00famedo y envolvente, dejando los alimentos mucho m\u00e1s jugosos.<\/p>\n<p>El Kamado Decogarden de 23\u2033 tiene sistemas de control calibrados separados para ahumar y asar a la parrilla. Situados tanto en la ventilaci\u00f3n de la parte superior y en la rejilla inferior, ideales para tener el m\u00e1ximo control en todo el espectro de temperaturas (bajas temperaturas para ahumar y altas temperaturas para asar).<\/p>\n<ul>\n<li>Importado, con dise\u00f1o y tecnolog\u00eda Canadiense, marca DECOGARDEN<\/li>\n<li>Recubrimiento de la c\u00e1mara interna y externa en cer\u00e1mica de alta resistencia<\/li>\n<li>Parrilla en acero inoxidable, doble flip con asas para facilitar la adici\u00f3n del carb\u00f3n y maderas ahumadoras<\/li>\n<li>Term\u00f3metro integrado con zonas de temperaturas de cocci\u00f3n<\/li>\n<li>Perilla superior en hierro fundido y rejilla inferior en acero inoxidable para control de aire seg\u00fan tipo de cocci\u00f3n (asar, ahumar, hornear)<\/li>\n<li>2 bandejas desplegables en madera<\/li>\n<li>Incluye iniciador el\u00e9ctrico a 110V para facilitar su encendid<\/li>\n<li>Incluye herramienta de cenizas, clip met\u00e1lico y deflector cer\u00e1mico<\/li>\n<li>Base en aluminio que garantiza la portabilidad debido a sus 4 ruedas de alta calidad con frenos de bloqueo incorporados<\/li>\n<\/ul>\n<\/div>\n","protected":false},"excerpt":{"rendered":"<p>Dise\u00f1ados para funcionar con carb\u00f3n, construidos con materiales cer\u00e1micos de alta calidad y resistencia, ideales para asar, hornear y ahumar. Su moderno dise\u00f1o y variedad de colores se adapta a todos los estilos. Se destaca por su versatilidad al ser port\u00e1til y tener m\u00faltiples opciones de uso. S\u00e1cale el m\u00e1ximo provecho a tu kamado con este combo de herramientas infaltables para tus preparaciones.<\/p>\n<p><span style=\"color: #008000\">Consulte la disponibilidad de este producto al <strong>311 577 3366<\/strong> o cont\u00e1ctenos directamente a trav\u00e9s de la opci\u00f3n <strong>\u00a8PEDIR M\u00c1S INFORMACI\u00d3N\u00a8<\/strong>.<\/span><\/p>\n","protected":false},"featured_media":6256,"template":"","meta":{"_joinchat":[]},"product_brand":[55],"product_cat":[32],"product_tag":[],"class_list":{"0":"post-6267","1":"product","2":"type-product","3":"status-publish","4":"has-post-thumbnail","6":"product_brand-decogarden","7":"product_cat-kamados","9":"first","10":"instock","11":"taxable","12":"shipping-taxable","13":"purchasable","14":"product-type-variable"},"_links":{"self":[{"href":"https:\/\/site.marketeros.com.co\/chimeneas\/wp-json\/wp\/v2\/product\/6267","targetHints":{"allow":["GET"]}}],"collection":[{"href":"https:\/\/site.marketeros.com.co\/chimeneas\/wp-json\/wp\/v2\/product"}],"about":[{"href":"https:\/\/site.marketeros.com.co\/chimeneas\/wp-json\/wp\/v2\/types\/product"}],"wp:featuredmedia":[{"embeddable":true,"href":"https:\/\/site.marketeros.com.co\/chimeneas\/wp-json\/wp\/v2\/media\/6256"}],"wp:attachment":[{"href":"https:\/\/site.marketeros.com.co\/chimeneas\/wp-json\/wp\/v2\/media?parent=6267"}],"wp:term":[{"taxonomy":"product_brand","embeddable":true,"href":"https:\/\/site.marketeros.com.co\/chimeneas\/wp-json\/wp\/v2\/product_brand?post=6267"},{"taxonomy":"product_cat","embeddable":true,"href":"https:\/\/site.marketeros.com.co\/chimeneas\/wp-json\/wp\/v2\/product_cat?post=6267"},{"taxonomy":"product_tag","embeddable":true,"href":"https:\/\/site.marketeros.com.co\/chimeneas\/wp-json\/wp\/v2\/product_tag?post=6267"}],"curies":[{"name":"wp","href":"https:\/\/api.w.org\/{rel}","templated":true}]}}