{"id":6193,"date":"2026-01-27T21:33:45","date_gmt":"2026-01-28T02:33:45","guid":{"rendered":"https:\/\/site.marketeros.com.co\/chimeneas\/producto\/copy-of-ducto-acero-inoxidable-12-m-2\/"},"modified":"2026-03-24T08:33:10","modified_gmt":"2026-03-24T13:33:10","slug":"combo-de-instalacion-estandar-ch-doble-combustion-2-pisos-acero-inox","status":"publish","type":"product","link":"https:\/\/site.marketeros.com.co\/chimeneas\/producto\/combo-de-instalacion-estandar-ch-doble-combustion-2-pisos-acero-inox\/","title":{"rendered":"Combo de Instalaci\u00f3n Est\u00e1ndar CH Doble Combusti\u00f3n 2 pisos Acero Inox"},"content":{"rendered":"","protected":false},"excerpt":{"rendered":"<p>Elementos cil\u00a1ndricos creados para la correcta evacuaci\u00a2n del humo o del Mon\u00a2xido<br \/>\nde Carbono (CO).Elaborados en lamina de acero inoxidable Cal. 24, con un acople incorporado para facilitar el ensamble entre s\u00a1.<\/p>\n","protected":false},"featured_media":0,"template":"","meta":{"_joinchat":[]},"product_brand":[53],"product_cat":[27],"product_tag":[],"class_list":{"0":"post-6193","1":"product","2":"type-product","3":"status-publish","5":"product_brand-chimeneas-de-colombia","6":"product_cat-complementos-de-instalacion","8":"first","9":"instock","10":"taxable","11":"shipping-taxable","12":"purchasable","13":"product-type-variable"},"_links":{"self":[{"href":"https:\/\/site.marketeros.com.co\/chimeneas\/wp-json\/wp\/v2\/product\/6193","targetHints":{"allow":["GET"]}}],"collection":[{"href":"https:\/\/site.marketeros.com.co\/chimeneas\/wp-json\/wp\/v2\/product"}],"about":[{"href":"https:\/\/site.marketeros.com.co\/chimeneas\/wp-json\/wp\/v2\/types\/product"}],"wp:attachment":[{"href":"https:\/\/site.marketeros.com.co\/chimeneas\/wp-json\/wp\/v2\/media?parent=6193"}],"wp:term":[{"taxonomy":"product_brand","embeddable":true,"href":"https:\/\/site.marketeros.com.co\/chimeneas\/wp-json\/wp\/v2\/product_brand?post=6193"},{"taxonomy":"product_cat","embeddable":true,"href":"https:\/\/site.marketeros.com.co\/chimeneas\/wp-json\/wp\/v2\/product_cat?post=6193"},{"taxonomy":"product_tag","embeddable":true,"href":"https:\/\/site.marketeros.com.co\/chimeneas\/wp-json\/wp\/v2\/product_tag?post=6193"}],"curies":[{"name":"wp","href":"https:\/\/api.w.org\/{rel}","templated":true}]}}