{"id":6170,"date":"2026-01-27T21:32:50","date_gmt":"2026-01-28T02:32:50","guid":{"rendered":"https:\/\/site.marketeros.com.co\/chimeneas\/producto\/copy-of-dampers-en-acero-galvanizado-negro\/"},"modified":"2026-03-24T08:33:10","modified_gmt":"2026-03-24T13:33:10","slug":"dampers-en-acero-galvanizado-pintura-de-alta-temperatura","status":"publish","type":"product","link":"https:\/\/site.marketeros.com.co\/chimeneas\/producto\/dampers-en-acero-galvanizado-pintura-de-alta-temperatura\/","title":{"rendered":"Dampers en Acero Galvanizado &#8211; Pintura de Alta Temperatura"},"content":{"rendered":"<p>Toma el control total de tu chimenea con este Damper; es una v\u00e1lvula que se instala en el primer tramo del ducto y permite regular manualmente el flujo de salida de humo. Al cerrar parcialmente el Damper, se ralentiza la combusti\u00f3n, lo que hace que la le\u00f1a dure m\u00e1s tiempo y que m\u00e1s calor se irradie a la habitaci\u00f3n en lugar de escapar por la chimenea. Est\u00e1 fabricado en l\u00e1mina de acero galvanizado de calibre 24 y acabado con pintura electrost\u00e1tica negra de alta temperatura para una perfecta integraci\u00f3n y durabilidad. Su mecanismo de mariposa interna se acciona con una manija exterior.<\/p>\n<p>Acabado: Pintura electrost\u00e1tica de alta resistencia en color negro.<br \/>\nMecanismo: V\u00e1lvula de mariposa interna con manija de operaci\u00f3n externa.<br \/>\nUso: Regular el flujo de aire (tiro) en un sistema de evacuaci\u00f3n de humos.<\/p>\n","protected":false},"excerpt":{"rendered":"<p>Este Damper es el componente esencial para regular el tiro de tu chimenea de le\u00f1a y evitar que el fr\u00edo baje por los ductos de la chimenea. Fabricado en acero galvanizado de calibre 24 con acabado negro, te permite controlar la combusti\u00f3n, optimizar el consumo de le\u00f1a y maximizar la eficiencia del calor.<\/p>\n","protected":false},"featured_media":8574,"template":"","meta":{"_joinchat":[]},"product_brand":[53],"product_cat":[27],"product_tag":[],"class_list":{"0":"post-6170","1":"product","2":"type-product","3":"status-publish","4":"has-post-thumbnail","6":"product_brand-chimeneas-de-colombia","7":"product_cat-complementos-de-instalacion","9":"first","10":"instock","11":"taxable","12":"shipping-taxable","13":"purchasable","14":"product-type-variable"},"_links":{"self":[{"href":"https:\/\/site.marketeros.com.co\/chimeneas\/wp-json\/wp\/v2\/product\/6170","targetHints":{"allow":["GET"]}}],"collection":[{"href":"https:\/\/site.marketeros.com.co\/chimeneas\/wp-json\/wp\/v2\/product"}],"about":[{"href":"https:\/\/site.marketeros.com.co\/chimeneas\/wp-json\/wp\/v2\/types\/product"}],"wp:featuredmedia":[{"embeddable":true,"href":"https:\/\/site.marketeros.com.co\/chimeneas\/wp-json\/wp\/v2\/media\/8574"}],"wp:attachment":[{"href":"https:\/\/site.marketeros.com.co\/chimeneas\/wp-json\/wp\/v2\/media?parent=6170"}],"wp:term":[{"taxonomy":"product_brand","embeddable":true,"href":"https:\/\/site.marketeros.com.co\/chimeneas\/wp-json\/wp\/v2\/product_brand?post=6170"},{"taxonomy":"product_cat","embeddable":true,"href":"https:\/\/site.marketeros.com.co\/chimeneas\/wp-json\/wp\/v2\/product_cat?post=6170"},{"taxonomy":"product_tag","embeddable":true,"href":"https:\/\/site.marketeros.com.co\/chimeneas\/wp-json\/wp\/v2\/product_tag?post=6170"}],"curies":[{"name":"wp","href":"https:\/\/api.w.org\/{rel}","templated":true}]}}