{"id":6110,"date":"2026-01-27T21:28:28","date_gmt":"2026-01-28T02:28:28","guid":{"rendered":"https:\/\/site.marketeros.com.co\/chimeneas\/producto\/chimenea-electrica-mini-negra\/"},"modified":"2026-03-28T11:51:30","modified_gmt":"2026-03-28T16:51:30","slug":"chimenea-electrica-mini-negra","status":"publish","type":"product","link":"https:\/\/site.marketeros.com.co\/chimeneas\/producto\/chimenea-electrica-mini-negra\/","title":{"rendered":"Chimenea El\u00e9ctrica Mini Cl\u00e1sica Negra"},"content":{"rendered":"<p>De estructura met\u00e1lica de color negro, con puerta frontal y vidrio de dise\u00f1o sofisticado. Con efecto de le\u00f1os, llama y brasa natural. La activaci\u00f3n de efecto de llama, brasa y calefacci\u00f3n se hace de modo manual.<br \/>\n\u2022 Ideal para espacios de hasta 30m2.<br \/>\n\u2022 Chimenea el\u00e9ctrica de libre posici\u00f3n<br \/>\n\u2022 Ideal para lugares en los que no se pueden manejar ductos de ventilaci\u00f3n<br \/>\n\u2022 Panel de activaci\u00f3n manual (enciende, apaga, activa y desactiva calefacci\u00f3n)<br \/>\n\u2022 Brasas decoradas con le\u00f1os en fibra cer\u00e1mica<br \/>\n\u2022 Efecto del fuego en color naranja y rojo.<br \/>\n\u2022 Luz LED de alta potencia que no requiere mantenimiento<br \/>\n\u2022 F\u00e1cil instalaci\u00f3n<br \/>\n\u2022 Consumo Efecto del Fuego: 150w<br \/>\n\u2022 Consumo Calefacci\u00f3n: 1500w, a 110V<br \/>\n\u2022 Apto para cualquier habitaci\u00f3n, incluyendo dormitorios y salas de estar<\/p>\n","protected":false},"excerpt":{"rendered":"<p>Chimenea El\u00e9ctrica que atrae por su dise\u00f1o cl\u00e1sico y tradicional. Lista para ubicar en cualquier ambiente de manera f\u00e1cil, provee un efecto de realismo de la llama \u00fanico y natural. Ideal para aquellos que quieran un punto focal con calefacci\u00f3n visualmente agradable en una habitaci\u00f3n sin necesidad de ventilaci\u00f3n.<\/p>\n","protected":false},"featured_media":8976,"template":"","meta":{"_joinchat":[]},"product_brand":[53],"product_cat":[37],"product_tag":[],"class_list":{"0":"post-6110","1":"product","2":"type-product","3":"status-publish","4":"has-post-thumbnail","6":"product_brand-chimeneas-de-colombia","7":"product_cat-chimeneas-electricas","9":"first","10":"instock","11":"taxable","12":"shipping-taxable","13":"purchasable","14":"product-type-simple"},"_links":{"self":[{"href":"https:\/\/site.marketeros.com.co\/chimeneas\/wp-json\/wp\/v2\/product\/6110","targetHints":{"allow":["GET"]}}],"collection":[{"href":"https:\/\/site.marketeros.com.co\/chimeneas\/wp-json\/wp\/v2\/product"}],"about":[{"href":"https:\/\/site.marketeros.com.co\/chimeneas\/wp-json\/wp\/v2\/types\/product"}],"wp:featuredmedia":[{"embeddable":true,"href":"https:\/\/site.marketeros.com.co\/chimeneas\/wp-json\/wp\/v2\/media\/8976"}],"wp:attachment":[{"href":"https:\/\/site.marketeros.com.co\/chimeneas\/wp-json\/wp\/v2\/media?parent=6110"}],"wp:term":[{"taxonomy":"product_brand","embeddable":true,"href":"https:\/\/site.marketeros.com.co\/chimeneas\/wp-json\/wp\/v2\/product_brand?post=6110"},{"taxonomy":"product_cat","embeddable":true,"href":"https:\/\/site.marketeros.com.co\/chimeneas\/wp-json\/wp\/v2\/product_cat?post=6110"},{"taxonomy":"product_tag","embeddable":true,"href":"https:\/\/site.marketeros.com.co\/chimeneas\/wp-json\/wp\/v2\/product_tag?post=6110"}],"curies":[{"name":"wp","href":"https:\/\/api.w.org\/{rel}","templated":true}]}}