{"id":86,"date":"2025-11-04T15:16:26","date_gmt":"2025-11-04T20:16:26","guid":{"rendered":"https:\/\/site.marketeros.com.co\/chimeneas\/?page_id=86"},"modified":"2026-02-19T13:54:43","modified_gmt":"2026-02-19T18:54:43","slug":"contacto","status":"publish","type":"page","link":"https:\/\/site.marketeros.com.co\/chimeneas\/contacto\/","title":{"rendered":"Contacto"},"content":{"rendered":"<div class=\"wpb-content-wrapper\"><p>[vc_section full_width=\u00bbstretch_row\u00bb content_placement=\u00bbmiddle\u00bb el_class=\u00bbhero-interna\u00bb css=\u00bb.vc_custom_1762954542224{background-image: url(https:\/\/site.marketeros.com.co\/chimeneas\/wp-content\/uploads\/2025\/11\/contacto-hero.jpg?id=156) !important;background-position: center !important;background-repeat: no-repeat !important;background-size: cover !important;}\u00bb][vc_row][vc_column][vc_single_image image=\u00bb8203&#8243; img_size=\u00bb210&#215;75&#8243; alignment=\u00bbcenter\u00bb css=\u00bb\u00bb][vc_column_text css=\u00bb\u00bb]<\/p>\n<h1 style=\"text-align: center;\">Contacto<\/h1>\n<p>[\/vc_column_text][\/vc_column][\/vc_row][\/vc_section][vc_row content_placement=\u00bbmiddle\u00bb el_class=\u00bbsubir-contacto\u00bb][vc_column width=\u00bb1\/2&#8243;][vc_column_text css=\u00bb\u00bb el_class=\u00bbform-box\u00bb]<\/p>\n<h3><strong>Estamos aqu\u00ed para ayudarte<\/strong><\/h3>\n<div class=\"wpcf7 no-js\" id=\"wpcf7-f158-o1\" lang=\"es-ES\" dir=\"ltr\" data-wpcf7-id=\"158\">\n<div class=\"screen-reader-response\"><p role=\"status\" aria-live=\"polite\" aria-atomic=\"true\"><\/p> <ul><\/ul><\/div>\n<form action=\"\/chimeneas\/wp-json\/wp\/v2\/pages\/86#wpcf7-f158-o1\" method=\"post\" class=\"wpcf7-form init\" aria-label=\"Formulario de contacto\" enctype=\"multipart\/form-data\" novalidate=\"novalidate\" data-status=\"init\">\n<fieldset class=\"hidden-fields-container\"><input type=\"hidden\" name=\"_wpcf7\" value=\"158\" \/><input type=\"hidden\" name=\"_wpcf7_version\" value=\"6.1.4\" \/><input type=\"hidden\" name=\"_wpcf7_locale\" value=\"es_ES\" \/><input type=\"hidden\" name=\"_wpcf7_unit_tag\" value=\"wpcf7-f158-o1\" \/><input type=\"hidden\" name=\"_wpcf7_container_post\" value=\"0\" \/><input type=\"hidden\" name=\"_wpcf7_posted_data_hash\" value=\"\" \/><input type=\"hidden\" name=\"_wpcf7cf_hidden_group_fields\" value=\"[]\" \/><input type=\"hidden\" name=\"_wpcf7cf_hidden_groups\" value=\"[]\" \/><input type=\"hidden\" name=\"_wpcf7cf_visible_groups\" value=\"[]\" \/><input type=\"hidden\" name=\"_wpcf7cf_repeaters\" value=\"[]\" \/><input type=\"hidden\" name=\"_wpcf7cf_steps\" value=\"{}\" \/><input type=\"hidden\" name=\"_wpcf7cf_options\" value=\"{&quot;form_id&quot;:158,&quot;conditions&quot;:[{&quot;then_field&quot;:&quot;trabaja-con-nosotros&quot;,&quot;and_rules&quot;:[{&quot;if_field&quot;:&quot;area-comunicacion&quot;,&quot;operator&quot;:&quot;equals&quot;,&quot;if_value&quot;:&quot;Trabaja con nosotros&quot;}]}],&quot;settings&quot;:{&quot;animation&quot;:&quot;yes&quot;,&quot;animation_intime&quot;:200,&quot;animation_outtime&quot;:200,&quot;conditions_ui&quot;:&quot;normal&quot;,&quot;notice_dismissed&quot;:false}}\" \/>\n<\/fieldset>\n<div class=\"mid\"><label>Nombre(s)<\/label><span class=\"wpcf7-form-control-wrap\" data-name=\"nombre\"><input size=\"40\" maxlength=\"400\" minlength=\"3\" class=\"wpcf7-form-control wpcf7-text wpcf7-validates-as-required\" aria-required=\"true\" aria-invalid=\"false\" value=\"\" type=\"text\" name=\"nombre\" \/><\/span><\/div>\n<div class=\"mid\"><label>Apellido(s)<\/label><span class=\"wpcf7-form-control-wrap\" data-name=\"apellido\"><input size=\"40\" maxlength=\"400\" minlength=\"3\" class=\"wpcf7-form-control wpcf7-text wpcf7-validates-as-required\" aria-required=\"true\" aria-invalid=\"false\" value=\"\" type=\"text\" name=\"apellido\" \/><\/span><\/div>\n<div class=\"full\"><label>Tel\u00e9fono<\/label><span class=\"wpcf7-form-control-wrap\" data-name=\"telefono\"><input size=\"40\" maxlength=\"400\" minlength=\"10\" class=\"wpcf7-form-control wpcf7-tel wpcf7-validates-as-required wpcf7-text wpcf7-validates-as-tel\" aria-required=\"true\" aria-invalid=\"false\" value=\"\" type=\"tel\" name=\"telefono\" \/><\/span><\/div>\n<div class=\"full\"><label>Correo electr\u00f3nico<\/label><span class=\"wpcf7-form-control-wrap\" data-name=\"correo\"><input size=\"40\" maxlength=\"400\" minlength=\"5\" class=\"wpcf7-form-control wpcf7-email wpcf7-validates-as-required wpcf7-text wpcf7-validates-as-email\" aria-required=\"true\" aria-invalid=\"false\" value=\"\" type=\"email\" name=\"correo\" \/><\/span><\/div>\n<div class=\"full\"><label>\u00bfCon qu\u00e9 \u00e1rea deseas comunicarte?<\/label><span class=\"wpcf7-form-control-wrap\" data-name=\"area-comunicacion\"><select class=\"wpcf7-form-control wpcf7-select\" aria-invalid=\"false\" name=\"area-comunicacion\"><option value=\"\">Seleccionar<\/option><option value=\"Asesor\u00eda Comercial Chimeneas a Gas\">Asesor\u00eda Comercial Chimeneas a Gas<\/option><option value=\"Asesor\u00eda Comercial L\u00ednea BBQ y Jard\u00edn\">Asesor\u00eda Comercial L\u00ednea BBQ y Jard\u00edn<\/option><option value=\"Asesor\u00eda Comercial L\u00ednea Chimeneas\">Asesor\u00eda Comercial L\u00ednea Chimeneas<\/option><option value=\"Servicio t\u00e9cnico\">Servicio t\u00e9cnico<\/option><option value=\"Soporte tienda en l\u00ednea\">Soporte tienda en l\u00ednea<\/option><option value=\"Trabaja con nosotros\">Trabaja con nosotros<\/option><\/select><\/span><\/div>\n<div data-id=\"trabaja-con-nosotros\" data-orig_data_id=\"trabaja-con-nosotros\" data-clear_on_hide class=\"\" data-class=\"wpcf7cf_group\">\n<div class=\"full\"><label>Sube tu hoja de vida<\/label><span class=\"wpcf7-form-control-wrap\" data-name=\"subir-cv\"><input size=\"40\" class=\"wpcf7-form-control wpcf7-file\" accept=\"image\/*,.txt,application\/pdf\" aria-invalid=\"false\" type=\"file\" name=\"subir-cv\" \/><\/span><\/div>\n<\/div>\n<div class=\"full\"><label>Detalle de tu solicitud<\/label><span class=\"wpcf7-form-control-wrap\" data-name=\"detalle\"><textarea cols=\"40\" rows=\"10\" maxlength=\"2000\" minlength=\"10\" class=\"wpcf7-form-control wpcf7-textarea wpcf7-validates-as-required\" aria-required=\"true\" aria-invalid=\"false\" name=\"detalle\"><\/textarea><\/span><\/div>\n<div class=\"full\"><span class=\"wpcf7-form-control-wrap\" data-name=\"aceptar-politicas\"><span class=\"wpcf7-form-control wpcf7-acceptance optional\"><span class=\"wpcf7-list-item\"><label><input type=\"checkbox\" name=\"aceptar-politicas\" value=\"1\" aria-invalid=\"false\" \/><span class=\"wpcf7-list-item-label\">Acepto t\u00e9rminos y condiciones y pol\u00edtica de datos<\/span><\/label><\/span><\/span><\/span><\/div>\n<div class=\"full enviar\"><input class=\"wpcf7-form-control wpcf7-submit has-spinner\" type=\"submit\" value=\"Enviar\" \/><\/div><div class=\"wpcf7-response-output\" aria-hidden=\"true\"><\/div>\n<\/form>\n<\/div>\n[\/vc_column_text][\/vc_column][vc_column width=\u00bb1\/2&#8243; el_class=\u00bblistas-contacto\u00bb][vc_column_text css=\u00bb\u00bb]<\/p>\n<h3><strong>Fabrica y Sede Principal<\/strong><\/h3>\n<h4><strong>Sede<\/strong> Bogot\u00e1<\/h4>\n<ul>\n<li><img loading=\"lazy\" decoding=\"async\" class=\"alignnone size-full wp-image-166\" role=\"img\" src=\"https:\/\/site.marketeros.com.co\/chimeneas\/wp-content\/uploads\/2025\/11\/ubicacion-icon.svg\" alt=\"\" width=\"25\" height=\"25\" \/> Calle 185 No. 45 &#8211; 03 Costado Occidental Autopista Norte. Colombia, Cundinamarca. Bogot\u00e1<\/li>\n<li><img loading=\"lazy\" decoding=\"async\" class=\"alignnone size-full wp-image-165\" role=\"img\" src=\"https:\/\/site.marketeros.com.co\/chimeneas\/wp-content\/uploads\/2025\/11\/celular-icon.svg\" alt=\"\" width=\"25\" height=\"25\" \/> 3103564115<\/li>\n<\/ul>\n<p>[\/vc_column_text][vc_column_text css=\u00bb\u00bb]<\/p>\n<h4><strong>Sede<\/strong> Ch\u00eda<\/h4>\n<ul>\n<li><img loading=\"lazy\" decoding=\"async\" class=\"alignnone size-full wp-image-166\" role=\"img\" src=\"https:\/\/site.marketeros.com.co\/chimeneas\/wp-content\/uploads\/2025\/11\/ubicacion-icon.svg\" alt=\"\" width=\"25\" height=\"25\" \/> Autopista Norte Km 19 (300 mts adelante del peaje) Colombia, Cundinamarca. Bogot\u00e1<\/li>\n<li><img loading=\"lazy\" decoding=\"async\" class=\"alignnone size-full wp-image-165\" role=\"img\" src=\"https:\/\/site.marketeros.com.co\/chimeneas\/wp-content\/uploads\/2025\/11\/celular-icon.svg\" alt=\"\" width=\"25\" height=\"25\" \/> 57 311 577 3366 &#8211; 57 310 3566496<\/li>\n<\/ul>\n<p>[\/vc_column_text][vc_column_text css=\u00bb\u00bb]<\/p>\n<h4><strong>Env\u00edanos un<\/strong> correo electr\u00f3nico<\/h4>\n<ul>\n<li><a href=\"mailto:ventas@chimeneasdecolombia.com\"><img loading=\"lazy\" decoding=\"async\" class=\"alignnone size-full wp-image-164\" role=\"img\" src=\"https:\/\/site.marketeros.com.co\/chimeneas\/wp-content\/uploads\/2025\/11\/email-icon.svg\" alt=\"\" width=\"25\" height=\"25\" \/> ventas@chimeneasdecolombia.com<\/a><\/li>\n<\/ul>\n<p>[\/vc_column_text][vc_column_text css=\u00bb\u00bb el_class=\u00bblistas-contacto__redes\u00bb]<\/p>\n<ul>\n<li><a href=\"https:\/\/www.facebook.com\/chimeneasdecolombia\"><img loading=\"lazy\" decoding=\"async\" class=\"alignnone size-full wp-image-149\" role=\"img\" src=\"https:\/\/site.marketeros.com.co\/chimeneas\/wp-content\/uploads\/2025\/11\/facebook-contacto.svg\" alt=\"\" width=\"13\" height=\"28\" \/><\/a><\/li>\n<li><a href=\"https:\/\/www.instagram.com\/chimeneasdecolombia_oficial\/?hl=es\"><img loading=\"lazy\" decoding=\"async\" class=\"alignnone size-full wp-image-150\" role=\"img\" src=\"https:\/\/site.marketeros.com.co\/chimeneas\/wp-content\/uploads\/2025\/11\/instagram-contacto.svg\" alt=\"\" width=\"29\" height=\"29\" \/><\/a><\/li>\n<li><a href=\"https:\/\/twitter.com\/ChimeneasdeCol\"><img loading=\"lazy\" decoding=\"async\" class=\"alignnone size-full wp-image-151\" role=\"img\" src=\"https:\/\/site.marketeros.com.co\/chimeneas\/wp-content\/uploads\/2025\/11\/x-contacto.svg\" alt=\"\" width=\"28\" height=\"26\" \/><\/a><\/li>\n<\/ul>\n<p>[\/vc_column_text][\/vc_column][\/vc_row]<\/p>\n<\/div>","protected":false},"excerpt":{"rendered":"<p>[vc_section full_width=\u00bbstretch_row\u00bb content_placement=\u00bbmiddle\u00bb el_class=\u00bbhero-interna\u00bb css=\u00bb.vc_custom_1762954542224{background-image: url(https:\/\/site.marketeros.com.co\/chimeneas\/wp-content\/uploads\/2025\/11\/contacto-hero.jpg?id=156) !important;background-position: center !important;background-repeat: no-repeat !important;background-size: cover !important;}\u00bb][vc_row][vc_column][vc_single_image image=\u00bb8203&#8243; img_size=\u00bb210&#215;75&#8243; alignment=\u00bbcenter\u00bb css=\u00bb\u00bb][vc_column_text css=\u00bb\u00bb] Contacto [\/vc_column_text][\/vc_column][\/vc_row][\/vc_section][vc_row [&hellip;]<\/p>\n","protected":false},"author":1,"featured_media":0,"parent":0,"menu_order":0,"comment_status":"closed","ping_status":"closed","template":"","meta":{"_joinchat":[],"footnotes":""},"class_list":["post-86","page","type-page","status-publish","hentry"],"_links":{"self":[{"href":"https:\/\/site.marketeros.com.co\/chimeneas\/wp-json\/wp\/v2\/pages\/86","targetHints":{"allow":["GET"]}}],"collection":[{"href":"https:\/\/site.marketeros.com.co\/chimeneas\/wp-json\/wp\/v2\/pages"}],"about":[{"href":"https:\/\/site.marketeros.com.co\/chimeneas\/wp-json\/wp\/v2\/types\/page"}],"author":[{"embeddable":true,"href":"https:\/\/site.marketeros.com.co\/chimeneas\/wp-json\/wp\/v2\/users\/1"}],"replies":[{"embeddable":true,"href":"https:\/\/site.marketeros.com.co\/chimeneas\/wp-json\/wp\/v2\/comments?post=86"}],"version-history":[{"count":18,"href":"https:\/\/site.marketeros.com.co\/chimeneas\/wp-json\/wp\/v2\/pages\/86\/revisions"}],"predecessor-version":[{"id":8245,"href":"https:\/\/site.marketeros.com.co\/chimeneas\/wp-json\/wp\/v2\/pages\/86\/revisions\/8245"}],"wp:attachment":[{"href":"https:\/\/site.marketeros.com.co\/chimeneas\/wp-json\/wp\/v2\/media?parent=86"}],"curies":[{"name":"wp","href":"https:\/\/api.w.org\/{rel}","templated":true}]}}