{"id":82,"date":"2025-11-04T15:14:53","date_gmt":"2025-11-04T20:14:53","guid":{"rendered":"https:\/\/site.marketeros.com.co\/chimeneas\/?page_id=82"},"modified":"2026-03-30T14:32:52","modified_gmt":"2026-03-30T19:32:52","slug":"nosotros","status":"publish","type":"page","link":"https:\/\/site.marketeros.com.co\/chimeneas\/nosotros\/","title":{"rendered":"Nosotros"},"content":{"rendered":"<div class=\"wpb-content-wrapper\"><p>[vc_section full_width=\u00bbstretch_row\u00bb content_placement=\u00bbmiddle\u00bb el_class=\u00bbhero-interna\u00bb css=\u00bb.vc_custom_1763041377434{background-image: url(https:\/\/site.marketeros.com.co\/chimeneas\/wp-content\/uploads\/2025\/11\/50-anos-encendiendo-el-calor-del-hogar.jpg?id=179) !important;background-position: center !important;background-repeat: no-repeat !important;background-size: cover !important;}\u00bb][vc_row][vc_column][vc_single_image image=\u00bb8203&#8243; img_size=\u00bb210&#215;75&#8243; alignment=\u00bbcenter\u00bb css=\u00bb\u00bb][vc_column_text]<\/p>\n<h1 style=\"text-align: center\">50 a\u00f1os encendiendo el calor del hogar<\/h1>\n<p>[\/vc_column_text][vc_column_text css=\u00bb\u00bb el_class=\u00bbhero-interna__botones\u00bb]<a href=\"#nosotros\">Nosotros<\/a><\/p>\n<p><a href=\"#trabaja-con-nosotros\">Trabaja con nosotros<\/a>[\/vc_column_text][\/vc_column][\/vc_row][\/vc_section][vc_row content_placement=\u00bbbottom\u00bb el_class=\u00bbsubir-historia\u00bb el_id=\u00bbnosotros\u00bb][vc_column width=\u00bb1\/3&#8243;][vc_single_image image=\u00bb134&#8243; img_size=\u00bbfull\u00bb alignment=\u00bbcenter\u00bb css=\u00bb\u00bb el_class=\u00bbimg-redonda\u00bb][\/vc_column][vc_column width=\u00bb2\/3&#8243;][vc_column_text css=\u00bb\u00bb el_class=\u00bbtitulo-linea\u00bb]<\/p>\n<h2><strong>Nuestra<\/strong> Historia<\/h2>\n<p>[\/vc_column_text][vc_column_text css=\u00bb\u00bb]<strong>CHIMENEAS DE COLOMBIA<\/strong>, con 50 a\u00f1os en la industria de las chimeneas, fue creada por Ingenieros y Arquitectos especializados en la rama de la construcci\u00f3n, como una empresa productora y comercializadora de chimeneas.<\/p>\n<p>A trav\u00e9s de la experiencia y de identificar las necesidades de nuestros clientes, tanto del mercado nacional como internacional, pasamos tambi\u00e9n a la importaci\u00f3n de productos de las mejores marcas y a la exportaci\u00f3n de nuestros propios dise\u00f1os.[\/vc_column_text][\/vc_column][\/vc_row][vc_row content_placement=\u00bbmiddle\u00bb el_class=\u00bbfondo-oscuro\u00bb css=\u00bb.vc_custom_1763042269162{background-color: #0E0E0E !important;}\u00bb][vc_column width=\u00bb7\/12&#8243;][vc_column_text css=\u00bb\u00bb el_class=\u00bbtitulo-linea\u00bb]<\/p>\n<h2><strong>Tradici\u00f3n<\/strong>, Dise\u00f1o y Tecnolog\u00eda<\/h2>\n<p>[\/vc_column_text][vc_column_text css=\u00bb\u00bb]Con <strong>empe\u00f1o y dedicaci\u00f3n<\/strong>, durante estos a\u00f1os hemos consolidado una <strong>amplia gama de art\u00edculos<\/strong>, producidos dentro de un ambiente industrial donde el dise\u00f1o y la tecnolog\u00eda se unen con la mano de obra artesanal.<\/p>\n<p>Gracias a esta combinaci\u00f3n, nos hemos convertido en una <strong>empresa reconocida por su excelencia, cumplimiento y calidad.<\/strong><\/p>\n<p>Buscamos la constante innovaci\u00f3n en dise\u00f1o y tecnolog\u00eda, garantizando siempre el confort, la seguridad y la satisfacci\u00f3n de nuestros clientes.[\/vc_column_text][\/vc_column][vc_column width=\u00bb5\/12&#8243;][vc_single_image image=\u00bb135&#8243; img_size=\u00bbfull\u00bb alignment=\u00bbcenter\u00bb css=\u00bb\u00bb el_class=\u00bbimg-redonda\u00bb][\/vc_column][\/vc_row][vc_section][vc_row][vc_column width=\u00bb2\/3&#8243;][vc_column_text css=\u00bb\u00bb el_class=\u00bbtitulo-linea\u00bb]<\/p>\n<h2><strong>L\u00edderes<\/strong> y Pioneros en Colombia<\/h2>\n<p>[\/vc_column_text][vc_column_text css=\u00bb\u00bb]Como la empresa pionera y l\u00edder en chimeneas en Colombia, lo invitamos a conocer y disfrutar todas nuestras l\u00edneas de productos que, sin duda, dar\u00e1n un valor agregado a su hogar con un desempe\u00f1o seguro, a\u00f1o tras a\u00f1o. Conozca desde las tradicionales <strong>chimeneas a le\u00f1a en nuestras l\u00edneas de hierro fundido y hogares y campanas, hasta nuestras l\u00edneas amigables con el medio ambiente en las que encontrara chimeneas el\u00e9ctricas. chimeneas de vapor y chimeneas de doble y triple combusti\u00f3n a le\u00f1a.<\/strong> De igual forma, d\u00e9jese sorprender por la eficiencia, seguridad y practicidad de nuestra l\u00ednea de chimeneas a gas o por los mas maravillosos y elegantes dise\u00f1os de nuestra l\u00ednea especial Arte &amp; Fuego.[\/vc_column_text][vc_column_text css=\u00bb\u00bb]<\/p>\n<h3><strong>Chimenas<\/strong><\/h3>\n<p>[\/vc_column_text][\/vc_column][vc_column width=\u00bb1\/3&#8243;][vc_single_image image=\u00bb137&#8243; img_size=\u00bbfull\u00bb alignment=\u00bbcenter\u00bb css=\u00bb\u00bb el_class=\u00bbimg-redonda\u00bb][\/vc_column][\/vc_row][\/vc_section][vc_section full_width=\u00bbstretch_row\u00bb css=\u00bb.vc_custom_1763042258095{background-color: #0E0E0E !important;}\u00bb el_class=\u00bbfondo-oscuro\u00bb][vc_row][vc_column][vc_column_text css=\u00bb\u00bb el_class=\u00bbtitulo-linea\u00bb]<\/p>\n<h3><strong>BBQ &amp; Outdoor<\/strong><\/h3>\n<p>[\/vc_column_text][vc_column_text css=\u00bb\u00bb]Lo invitamos a descubrir nuestra l\u00ednea de BBQ y Jard\u00edn, donde encontrar\u00e1 las \u00faltimas tendencias con colecciones modernas de:<br \/>\n<strong>Muebles De Jard\u00edn, Bancas, BBQ, Hornos Y Planchas Grill, Chimeneas De Exterior, Fire Pit,\u00a0 Flores Decorativas Y Accesorios<\/strong><br \/>\nTodo pensado para decorar y ambientar su patio o terraza con estilo, funcionalidad y calidez.[\/vc_column_text][\/vc_column][\/vc_row][\/vc_section][vc_row][vc_column][vc_single_image image=\u00bb138&#8243; img_size=\u00bbfull\u00bb alignment=\u00bbcenter\u00bb css=\u00bb\u00bb][vc_column_text css=\u00bb\u00bb el_class=\u00bbbtn\u00bb]<\/p>\n<h3 style=\"text-align: center\"><strong>Insp\u00edrese y Cree Espacios con Personalidad<\/strong><\/h3>\n<p style=\"text-align: center\">Perm\u00edtanos tambi\u00e9n mostrarle cada detalle, para que usted, inspirado en cada l\u00ednea, escoja aquellos productos acordes a su estilo y personalidad, creando as\u00ed espacios c\u00e1lidos y acogedores. Por \u00faltimo, lo invitamos a reunirse en familia y con amigos, para as\u00ed tener el placer de disfrutar de la magia y el calor de hogar, que durante m\u00e1s de 50 a\u00f1os le ha brindado Chimeneas de Colombia.<\/p>\n<p style=\"text-align: center\"><a href=\"#\">Habla con un asesor<\/a><\/p>\n<p>[\/vc_column_text][\/vc_column][\/vc_row][vc_section full_width=\u00bbstretch_row\u00bb css=\u00bb.vc_custom_1763557828381{background-color: #FAFAFA !important;}\u00bb el_id=\u00bbtrabaja-con-nosotros\u00bb][vc_row][vc_column width=\u00bb1\/2&#8243;][vc_single_image image=\u00bb139&#8243; img_size=\u00bbfull\u00bb alignment=\u00bbcenter\u00bb css=\u00bb\u00bb el_class=\u00bbimg-redonda\u00bb][\/vc_column][vc_column width=\u00bb1\/2&#8243;][vc_column_text css=\u00bb\u00bb el_class=\u00bbtitulo-linea\u00bb]<\/p>\n<h4><strong>Trabaja con nosotros<\/strong><\/h4>\n<p>[\/vc_column_text][vc_column_text css=\u00bb\u00bb]<\/p>\n<h2><strong>\u00bfTe gustar\u00eda trabajar con la empresa<\/strong> de chimeneas m\u00e1s grande del pa\u00eds?<\/h2>\n<p>Buscamos personas apasionadas, con muchas ganas de aprender y que se le midan a todo.<\/p>\n<p>Queremos talentos que sean capaces de trabajar en equipo, cuestionar con respeto y hacer muchas preguntas, con el fin de desarrollar nuevas habilidades d\u00eda a d\u00eda.<\/p>\n<p>En Chimeneas de Colombia valoramos a quienes se empoderan de su cargo y sus responsabilidades, sin dejar a un lado la empat\u00eda por los dem\u00e1s y una excelente actitud orientada al logro.[\/vc_column_text][\/vc_column][\/vc_row][vc_row equal_height=\u00bbyes\u00bb][vc_column width=\u00bb1\/2&#8243; el_class=\u00bbpostularse-nosotros\u00bb][vc_column_text css=\u00bb\u00bb]<\/p>\n<h3><strong>\u00bfC\u00f3mo postularte?<\/strong><\/h3>\n<p>Si sientes que tienes un perfil que encaja con nuestra empresa, por favor cont\u00e1ctate con nosotros a trav\u00e9s del siguiente formulario de contacto.<\/p>\n<p><strong>Sigue estos pasos:<\/strong><\/p>\n<ol>\n<li>Diligencia el formulario<\/li>\n<li>En el campo \u201c\u00bfCon qu\u00e9 \u00e1rea deseas comunicarte?\u201d, selecciona la opci\u00f3n \u201cTrabaja con nosotros\u201d de la lista desplegable.<\/li>\n<li>En el apartado \u00abSubir CV\u00bb, anexa tu hoja de vida en formato PDF.<br \/>\n<em>Recuerda nombrar el archivo con tus nombres y apellidos. Solo se revisar\u00e1n aquellas hojas de vida que cumplan con estos criterios.<\/em><\/li>\n<li>En el campo \u201cDetalle de tu solicitud\u201d, escribe brevemente tus campos de inter\u00e9s o el tipo de trabajo que est\u00e1s buscando.<br \/>\n<em>En caso de que haya una convocatoria abierta, indica el cargo al cual est\u00e1s aplicando. Recuerda que esta descripci\u00f3n es tu carta de presentaci\u00f3n, as\u00ed que s\u00e9 creativo pero conciso.<\/em><\/li>\n<\/ol>\n<p>[\/vc_column_text][\/vc_column][vc_column width=\u00bb1\/2&#8243; el_class=\u00bbformulario-nosotros\u00bb][vc_column_text css=\u00bb\u00bb]<\/p>\n<h3><strong>Estamos aqu\u00ed para ayudarte<\/strong><\/h3>\n<div class=\"wpcf7 no-js\" id=\"wpcf7-f158-o1\" lang=\"es-ES\" dir=\"ltr\" data-wpcf7-id=\"158\">\n<div class=\"screen-reader-response\"><p role=\"status\" aria-live=\"polite\" aria-atomic=\"true\"><\/p> <ul><\/ul><\/div>\n<form action=\"\/chimeneas\/wp-json\/wp\/v2\/pages\/82#wpcf7-f158-o1\" method=\"post\" class=\"wpcf7-form init\" aria-label=\"Formulario de contacto\" enctype=\"multipart\/form-data\" novalidate=\"novalidate\" data-status=\"init\">\n<fieldset class=\"hidden-fields-container\"><input type=\"hidden\" name=\"_wpcf7\" value=\"158\" \/><input type=\"hidden\" name=\"_wpcf7_version\" value=\"6.1.4\" \/><input type=\"hidden\" name=\"_wpcf7_locale\" value=\"es_ES\" \/><input type=\"hidden\" name=\"_wpcf7_unit_tag\" value=\"wpcf7-f158-o1\" \/><input type=\"hidden\" name=\"_wpcf7_container_post\" value=\"0\" \/><input type=\"hidden\" name=\"_wpcf7_posted_data_hash\" value=\"\" \/><input type=\"hidden\" name=\"_wpcf7cf_hidden_group_fields\" value=\"[]\" \/><input type=\"hidden\" name=\"_wpcf7cf_hidden_groups\" value=\"[]\" \/><input type=\"hidden\" name=\"_wpcf7cf_visible_groups\" value=\"[]\" \/><input type=\"hidden\" name=\"_wpcf7cf_repeaters\" value=\"[]\" \/><input type=\"hidden\" name=\"_wpcf7cf_steps\" value=\"{}\" \/><input type=\"hidden\" name=\"_wpcf7cf_options\" value=\"{&quot;form_id&quot;:158,&quot;conditions&quot;:[{&quot;then_field&quot;:&quot;trabaja-con-nosotros&quot;,&quot;and_rules&quot;:[{&quot;if_field&quot;:&quot;area-comunicacion&quot;,&quot;operator&quot;:&quot;equals&quot;,&quot;if_value&quot;:&quot;Trabaja con nosotros&quot;}]}],&quot;settings&quot;:{&quot;animation&quot;:&quot;yes&quot;,&quot;animation_intime&quot;:200,&quot;animation_outtime&quot;:200,&quot;conditions_ui&quot;:&quot;normal&quot;,&quot;notice_dismissed&quot;:false}}\" \/>\n<\/fieldset>\n<div class=\"mid\"><label>Nombre(s)<\/label><span class=\"wpcf7-form-control-wrap\" data-name=\"nombre\"><input size=\"40\" maxlength=\"400\" minlength=\"3\" class=\"wpcf7-form-control wpcf7-text wpcf7-validates-as-required\" aria-required=\"true\" aria-invalid=\"false\" value=\"\" type=\"text\" name=\"nombre\" \/><\/span><\/div>\n<div class=\"mid\"><label>Apellido(s)<\/label><span class=\"wpcf7-form-control-wrap\" data-name=\"apellido\"><input size=\"40\" maxlength=\"400\" minlength=\"3\" class=\"wpcf7-form-control wpcf7-text wpcf7-validates-as-required\" aria-required=\"true\" aria-invalid=\"false\" value=\"\" type=\"text\" name=\"apellido\" \/><\/span><\/div>\n<div class=\"full\"><label>Tel\u00e9fono<\/label><span class=\"wpcf7-form-control-wrap\" data-name=\"telefono\"><input size=\"40\" maxlength=\"400\" minlength=\"10\" class=\"wpcf7-form-control wpcf7-tel wpcf7-validates-as-required wpcf7-text wpcf7-validates-as-tel\" aria-required=\"true\" aria-invalid=\"false\" value=\"\" type=\"tel\" name=\"telefono\" \/><\/span><\/div>\n<div class=\"full\"><label>Correo electr\u00f3nico<\/label><span class=\"wpcf7-form-control-wrap\" data-name=\"correo\"><input size=\"40\" maxlength=\"400\" minlength=\"5\" class=\"wpcf7-form-control wpcf7-email wpcf7-validates-as-required wpcf7-text wpcf7-validates-as-email\" aria-required=\"true\" aria-invalid=\"false\" value=\"\" type=\"email\" name=\"correo\" \/><\/span><\/div>\n<div class=\"full\"><label>\u00bfCon qu\u00e9 \u00e1rea deseas comunicarte?<\/label><span class=\"wpcf7-form-control-wrap\" data-name=\"area-comunicacion\"><select class=\"wpcf7-form-control wpcf7-select\" aria-invalid=\"false\" name=\"area-comunicacion\"><option value=\"\">Seleccionar<\/option><option value=\"Asesor\u00eda Comercial Chimeneas a Gas\">Asesor\u00eda Comercial Chimeneas a Gas<\/option><option value=\"Asesor\u00eda Comercial L\u00ednea BBQ y Jard\u00edn\">Asesor\u00eda Comercial L\u00ednea BBQ y Jard\u00edn<\/option><option value=\"Asesor\u00eda Comercial L\u00ednea Chimeneas\">Asesor\u00eda Comercial L\u00ednea Chimeneas<\/option><option value=\"Servicio t\u00e9cnico\">Servicio t\u00e9cnico<\/option><option value=\"Soporte tienda en l\u00ednea\">Soporte tienda en l\u00ednea<\/option><option value=\"Trabaja con nosotros\">Trabaja con nosotros<\/option><\/select><\/span><\/div>\n<div data-id=\"trabaja-con-nosotros\" data-orig_data_id=\"trabaja-con-nosotros\" data-clear_on_hide class=\"\" data-class=\"wpcf7cf_group\">\n<div class=\"full\"><label>Sube tu hoja de vida<\/label><span class=\"wpcf7-form-control-wrap\" data-name=\"subir-cv\"><input size=\"40\" class=\"wpcf7-form-control wpcf7-file\" accept=\"image\/*,.txt,application\/pdf\" aria-invalid=\"false\" type=\"file\" name=\"subir-cv\" \/><\/span><\/div>\n<\/div>\n<div class=\"full\"><label>Detalle de tu solicitud<\/label><span class=\"wpcf7-form-control-wrap\" data-name=\"detalle\"><textarea cols=\"40\" rows=\"10\" maxlength=\"2000\" minlength=\"10\" class=\"wpcf7-form-control wpcf7-textarea wpcf7-validates-as-required\" aria-required=\"true\" aria-invalid=\"false\" name=\"detalle\"><\/textarea><\/span><\/div>\n<div class=\"full\"><span class=\"wpcf7-form-control-wrap\" data-name=\"aceptar-politicas\"><span class=\"wpcf7-form-control wpcf7-acceptance optional\"><span class=\"wpcf7-list-item\"><label><input type=\"checkbox\" name=\"aceptar-politicas\" value=\"1\" aria-invalid=\"false\" \/><span class=\"wpcf7-list-item-label\">Acepto t\u00e9rminos y condiciones y pol\u00edtica de datos<\/span><\/label><\/span><\/span><\/span><\/div>\n<div class=\"full enviar\"><input class=\"wpcf7-form-control wpcf7-submit has-spinner\" type=\"submit\" value=\"Enviar\" \/><\/div><div class=\"wpcf7-response-output\" aria-hidden=\"true\"><\/div>\n<\/form>\n<\/div>\n[\/vc_column_text][\/vc_column][\/vc_row][vc_row][vc_column][vc_column_text css=\u00bb\u00bb el_class=\u00bbtitulo-linea\u00bb]<\/p>\n<h3><strong>\u00a1S\u00famate a nuestro equipo!<\/strong><\/h3>\n<p>[\/vc_column_text][vc_column_text css=\u00bb\u00bb]Recuerda que estamos en la b\u00fasqueda constante de nuevos talentos que quieran hacer parte de nuestra empresa.<\/p>\n<p>Sin embargo, nuestras vacantes no son ilimitadas, por lo que te recomendamos revisar el listado de vacantes disponibles, en el que encontrar\u00e1s las posiciones a las que podr\u00e1s aplicar y tener mayor probabilidad de ser escogido.<\/p>\n<ul>\n<li>Soldadores<\/li>\n<li>Armadores<\/li>\n<li>Operarios de CNC<\/li>\n<\/ul>\n<p><em>Ultima fecha de actualizaci\u00f3n 12\/04\/2023<\/em>[\/vc_column_text][\/vc_column][\/vc_row][\/vc_section]<\/p>\n<\/div>","protected":false},"excerpt":{"rendered":"<p>[vc_section full_width=\u00bbstretch_row\u00bb content_placement=\u00bbmiddle\u00bb el_class=\u00bbhero-interna\u00bb css=\u00bb.vc_custom_1763041377434{background-image: url(https:\/\/site.marketeros.com.co\/chimeneas\/wp-content\/uploads\/2025\/11\/50-anos-encendiendo-el-calor-del-hogar.jpg?id=179) !important;background-position: center !important;background-repeat: no-repeat !important;background-size: cover !important;}\u00bb][vc_row][vc_column][vc_single_image image=\u00bb8203&#8243; img_size=\u00bb210&#215;75&#8243; alignment=\u00bbcenter\u00bb css=\u00bb\u00bb][vc_column_text] 50 a\u00f1os encendiendo [&hellip;]<\/p>\n","protected":false},"author":1,"featured_media":0,"parent":0,"menu_order":0,"comment_status":"closed","ping_status":"closed","template":"","meta":{"_joinchat":[],"footnotes":""},"class_list":["post-82","page","type-page","status-publish","hentry"],"_links":{"self":[{"href":"https:\/\/site.marketeros.com.co\/chimeneas\/wp-json\/wp\/v2\/pages\/82","targetHints":{"allow":["GET"]}}],"collection":[{"href":"https:\/\/site.marketeros.com.co\/chimeneas\/wp-json\/wp\/v2\/pages"}],"about":[{"href":"https:\/\/site.marketeros.com.co\/chimeneas\/wp-json\/wp\/v2\/types\/page"}],"author":[{"embeddable":true,"href":"https:\/\/site.marketeros.com.co\/chimeneas\/wp-json\/wp\/v2\/users\/1"}],"replies":[{"embeddable":true,"href":"https:\/\/site.marketeros.com.co\/chimeneas\/wp-json\/wp\/v2\/comments?post=82"}],"version-history":[{"count":31,"href":"https:\/\/site.marketeros.com.co\/chimeneas\/wp-json\/wp\/v2\/pages\/82\/revisions"}],"predecessor-version":[{"id":9082,"href":"https:\/\/site.marketeros.com.co\/chimeneas\/wp-json\/wp\/v2\/pages\/82\/revisions\/9082"}],"wp:attachment":[{"href":"https:\/\/site.marketeros.com.co\/chimeneas\/wp-json\/wp\/v2\/media?parent=82"}],"curies":[{"name":"wp","href":"https:\/\/api.w.org\/{rel}","templated":true}]}}