{"id":11,"date":"2025-11-04T14:58:23","date_gmt":"2025-11-04T19:58:23","guid":{"rendered":"https:\/\/site.marketeros.com.co\/chimeneas\/?page_id=11"},"modified":"2026-03-29T14:02:54","modified_gmt":"2026-03-29T19:02:54","slug":"inicio","status":"publish","type":"page","link":"https:\/\/site.marketeros.com.co\/chimeneas\/","title":{"rendered":"Inicio"},"content":{"rendered":"<div class=\"wpb-content-wrapper\"><p>[vc_row full_width=\u00bbstretch_row_content_no_spaces\u00bb][vc_column el_class=\u00bbhero-home owl-carousel owl-theme\u00bb][vc_column_text css=\u00bb.vc_custom_1771535385025{background-image: url(https:\/\/site.marketeros.com.co\/chimeneas\/wp-content\/uploads\/2025\/11\/chimeneas-home.jpg?id=100) !important;background-position: center !important;background-repeat: no-repeat !important;background-size: cover !important;}\u00bb el_class=\u00bbchimeneas\u00bb]<\/p>\n<h2 style=\"text-align: center;\"><strong>Chimeneas<\/strong><\/h2>\n<p style=\"text-align: center;\">Creadas con tecnolog\u00eda de vanguardia. Dise\u00f1o, seguridad y confort en un solo lugar.<\/p>\n<p style=\"text-align: center;\"><a href=\"https:\/\/site.marketeros.com.co\/chimeneas\/categoria-producto\/chimeneas\/\">Ver colecci\u00f3n<\/a><\/p>\n<p>[\/vc_column_text][vc_column_text css=\u00bb.vc_custom_1771535395772{background-image: url(https:\/\/site.marketeros.com.co\/chimeneas\/wp-content\/uploads\/2025\/11\/bbq-home.jpg?id=99) !important;background-position: center !important;background-repeat: no-repeat !important;background-size: cover !important;}\u00bb el_class=\u00bbbbq-oudoor\u00bb]<\/p>\n<h2 style=\"text-align: center;\"><strong>BBQ<\/strong><\/h2>\n<p style=\"text-align: center;\">De alta gama que unen elegancia y rendimiento, Ideal para disfrutar con familiares y amigos en un ambiente lleno de calidez y distinci\u00f3n.<\/p>\n<p style=\"text-align: center;\"><a href=\"https:\/\/site.marketeros.com.co\/chimeneas\/categoria-producto\/bbq-outdoor\/\">Ver modelos<\/a><\/p>\n<p>[\/vc_column_text][\/vc_column][\/vc_row][vc_section full_width=\u00bbstretch_row\u00bb el_class=\u00bbsec-categorias-home\u00bb css=\u00bb.vc_custom_1762868103471{background-color: #0E0E0E !important;}\u00bb][vc_row el_class=\u00bbcategorias-carousel-home\u00bb][vc_column el_class=\u00bbcarrusel-home-bbq-outdoor\u00bb][vc_column_text css=\u00bb\u00bb el_class=\u00bbcarrusel-cat-home\u00bb]\t<div class=\"custom-category-grid chimeneas-categorias owl-carousel owl-theme\">\n\t\t\t\t\t<div class=\"category-item\">\n\t\t\t\t<a href=\"https:\/\/site.marketeros.com.co\/chimeneas\/categoria-producto\/bbq-outdoor\/asadores\/\">\n\t\t\t\t\t<div class=\"category-image img-wrapper\">\n\t\t\t\t\t\t<img decoding=\"async\" src=\"https:\/\/site.marketeros.com.co\/chimeneas\/wp-content\/uploads\/2026\/03\/76BBQ-de-Empotrar-6-Quemadores-e1774358118567.jpeg\" alt=\"Asadores\">\n\t\t\t\t\t<\/div>\n\t\t\t\t\t<h4 class=\"category-name\">Asadores<\/h4>\n\t\t\t\t<\/a>\n\t\t\t<\/div>\n\t\t\t\t\t<div class=\"category-item\">\n\t\t\t\t<a href=\"https:\/\/site.marketeros.com.co\/chimeneas\/categoria-producto\/bbq-outdoor\/hornos\/\">\n\t\t\t\t\t<div class=\"category-image img-wrapper\">\n\t\t\t\t\t\t<img decoding=\"async\" src=\"https:\/\/site.marketeros.com.co\/chimeneas\/wp-content\/uploads\/2026\/04\/12Horno-de-Lenea-Acero-2.jpeg\" alt=\"Hornos\">\n\t\t\t\t\t<\/div>\n\t\t\t\t\t<h4 class=\"category-name\">Hornos<\/h4>\n\t\t\t\t<\/a>\n\t\t\t<\/div>\n\t\t\t\t\t<div class=\"category-item\">\n\t\t\t\t<a href=\"https:\/\/site.marketeros.com.co\/chimeneas\/categoria-producto\/bbq-outdoor\/firepit\/\">\n\t\t\t\t\t<div class=\"category-image img-wrapper\">\n\t\t\t\t\t\t<img decoding=\"async\" src=\"https:\/\/site.marketeros.com.co\/chimeneas\/wp-content\/uploads\/2026\/03\/10Esfera-en-Conctreto-Mediana-e1773863764912.jpeg\" alt=\"Firepit\">\n\t\t\t\t\t<\/div>\n\t\t\t\t\t<h4 class=\"category-name\">Firepit<\/h4>\n\t\t\t\t<\/a>\n\t\t\t<\/div>\n\t\t\t\t\t<div class=\"category-item\">\n\t\t\t\t<a href=\"https:\/\/site.marketeros.com.co\/chimeneas\/categoria-producto\/bbq-outdoor\/muebles-de-jardin\/\">\n\t\t\t\t\t<div class=\"category-image img-wrapper\">\n\t\t\t\t\t\t<img decoding=\"async\" src=\"https:\/\/site.marketeros.com.co\/chimeneas\/wp-content\/uploads\/2026\/04\/39Banca-Rococo-1.jpeg\" alt=\"Muebles de Jard\u00edn\">\n\t\t\t\t\t<\/div>\n\t\t\t\t\t<h4 class=\"category-name\">Muebles de Jard\u00edn<\/h4>\n\t\t\t\t<\/a>\n\t\t\t<\/div>\n\t\t\t\t\t<div class=\"category-item\">\n\t\t\t\t<a href=\"https:\/\/site.marketeros.com.co\/chimeneas\/categoria-producto\/bbq-outdoor\/kamados\/\">\n\t\t\t\t\t<div class=\"category-image img-wrapper\">\n\t\t\t\t\t\t<img decoding=\"async\" src=\"https:\/\/site.marketeros.com.co\/chimeneas\/wp-content\/uploads\/2026\/04\/14Kamado-con-base-portatil-de-18-1-e1775058720953.jpg\" alt=\"Kamados\">\n\t\t\t\t\t<\/div>\n\t\t\t\t\t<h4 class=\"category-name\">Kamados<\/h4>\n\t\t\t\t<\/a>\n\t\t\t<\/div>\n\t\t\t\t\t<div class=\"category-item\">\n\t\t\t\t<a href=\"https:\/\/site.marketeros.com.co\/chimeneas\/categoria-producto\/bbq-outdoor\/accesorios-decorativos\/\">\n\t\t\t\t\t<div class=\"category-image img-wrapper\">\n\t\t\t\t\t\t<img decoding=\"async\" src=\"https:\/\/site.marketeros.com.co\/chimeneas\/wp-content\/uploads\/2026\/03\/71-e1774368976794.jpeg\" alt=\"Accesorios Decorativos\">\n\t\t\t\t\t<\/div>\n\t\t\t\t\t<h4 class=\"category-name\">Accesorios Decorativos<\/h4>\n\t\t\t\t<\/a>\n\t\t\t<\/div>\n\t\t\t\t\t<div class=\"category-item\">\n\t\t\t\t<a href=\"https:\/\/site.marketeros.com.co\/chimeneas\/categoria-producto\/bbq-outdoor\/flores-artificiales\/\">\n\t\t\t\t\t<div class=\"category-image img-wrapper\">\n\t\t\t\t\t\t<img decoding=\"async\" src=\"https:\/\/site.marketeros.com.co\/chimeneas\/wp-content\/uploads\/2026\/03\/IMAGEN-IA-SANTAFE-bambu-grande.png\" alt=\"Flores Artificiales\">\n\t\t\t\t\t<\/div>\n\t\t\t\t\t<h4 class=\"category-name\">Flores Artificiales<\/h4>\n\t\t\t\t<\/a>\n\t\t\t<\/div>\n\t\t\t<\/div>\n\t[\/vc_column_text][\/vc_column][\/vc_row][vc_row el_class=\u00bbcategorias-carousel-home\u00bb][vc_column el_class=\u00bbcarrusel-home-chimeneas\u00bb][vc_column_text css=\u00bb\u00bb el_class=\u00bbcarrusel-cat-home\u00bb]\t<div class=\"custom-category-grid chimeneas-categorias owl-carousel owl-theme\">\n\t\t\t\t\t<div class=\"category-item\">\n\t\t\t\t<a href=\"https:\/\/site.marketeros.com.co\/chimeneas\/categoria-producto\/chimeneas\/chimeneas-a-lena\/\">\n\t\t\t\t\t<div class=\"category-image img-wrapper\">\n\t\t\t\t\t\t<img decoding=\"async\" src=\"https:\/\/site.marketeros.com.co\/chimeneas\/wp-content\/uploads\/2026\/03\/CHIMENEA_VERONA-scaled.jpeg\" alt=\"Chimeneas a le\u00f1a\">\n\t\t\t\t\t<\/div>\n\t\t\t\t\t<h4 class=\"category-name\">Chimeneas a le\u00f1a<\/h4>\n\t\t\t\t<\/a>\n\t\t\t<\/div>\n\t\t\t\t\t<div class=\"category-item\">\n\t\t\t\t<a href=\"https:\/\/site.marketeros.com.co\/chimeneas\/categoria-producto\/chimeneas\/chimeneas-a-gas\/\">\n\t\t\t\t\t<div class=\"category-image img-wrapper\">\n\t\t\t\t\t\t<img decoding=\"async\" src=\"https:\/\/site.marketeros.com.co\/chimeneas\/wp-content\/uploads\/2026\/04\/CHIMENEA_VENTED-2-FLAUTAS-2.jpg\" alt=\"Chimeneas a gas\">\n\t\t\t\t\t<\/div>\n\t\t\t\t\t<h4 class=\"category-name\">Chimeneas a gas<\/h4>\n\t\t\t\t<\/a>\n\t\t\t<\/div>\n\t\t\t\t\t<div class=\"category-item\">\n\t\t\t\t<a href=\"https:\/\/site.marketeros.com.co\/chimeneas\/categoria-producto\/chimeneas\/chimeneas-de-exterior\/\">\n\t\t\t\t\t<div class=\"category-image img-wrapper\">\n\t\t\t\t\t\t<img decoding=\"async\" src=\"https:\/\/site.marketeros.com.co\/chimeneas\/wp-content\/uploads\/2026\/03\/varios.jpg\" alt=\"Chimeneas de Exterior\">\n\t\t\t\t\t<\/div>\n\t\t\t\t\t<h4 class=\"category-name\">Chimeneas de Exterior<\/h4>\n\t\t\t\t<\/a>\n\t\t\t<\/div>\n\t\t\t\t\t<div class=\"category-item\">\n\t\t\t\t<a href=\"https:\/\/site.marketeros.com.co\/chimeneas\/categoria-producto\/chimeneas\/complementos-de-instalacion-y-accesorios\/\">\n\t\t\t\t\t<div class=\"category-image img-wrapper\">\n\t\t\t\t\t\t<img decoding=\"async\" src=\"https:\/\/site.marketeros.com.co\/chimeneas\/wp-content\/uploads\/2026\/03\/Gemini_Generated_Image_k1gv1k1gv1k1gv1k-e1773688577307.png\" alt=\"Complementos de Instalaci\u00f3n y Accesorios\">\n\t\t\t\t\t<\/div>\n\t\t\t\t\t<h4 class=\"category-name\">Complementos de Instalaci\u00f3n y Accesorios<\/h4>\n\t\t\t\t<\/a>\n\t\t\t<\/div>\n\t\t\t\t\t<div class=\"category-item\">\n\t\t\t\t<a href=\"https:\/\/site.marketeros.com.co\/chimeneas\/categoria-producto\/chimeneas\/chimeneas-electricas\/\">\n\t\t\t\t\t<div class=\"category-image img-wrapper\">\n\t\t\t\t\t\t<img decoding=\"async\" src=\"https:\/\/site.marketeros.com.co\/chimeneas\/wp-content\/uploads\/2026\/03\/28-Chimenea-Electrica-Loft-Large-Empotrar.jpeg\" alt=\"Chimeneas El\u00e9ctricas\">\n\t\t\t\t\t<\/div>\n\t\t\t\t\t<h4 class=\"category-name\">Chimeneas El\u00e9ctricas<\/h4>\n\t\t\t\t<\/a>\n\t\t\t<\/div>\n\t\t\t\t\t<div class=\"category-item\">\n\t\t\t\t<a href=\"https:\/\/site.marketeros.com.co\/chimeneas\/categoria-producto\/chimeneas\/accesorios-de-chimeneas-a-gas\/\">\n\t\t\t\t\t<div class=\"category-image img-wrapper\">\n\t\t\t\t\t\t<img decoding=\"async\" src=\"https:\/\/site.marketeros.com.co\/chimeneas\/wp-content\/uploads\/2026\/03\/CHIMEN2-PIEDRA-MARMOL-PEQUENA-e1774369592636.jpg\" alt=\"Accesorios de Chimeneas a Gas\">\n\t\t\t\t\t<\/div>\n\t\t\t\t\t<h4 class=\"category-name\">Accesorios de Chimeneas a Gas<\/h4>\n\t\t\t\t<\/a>\n\t\t\t<\/div>\n\t\t\t<\/div>\n\t[\/vc_column_text][\/vc_column][\/vc_row][vc_row content_placement=\u00bbmiddle\u00bb el_class=\u00bbnosotros-home\u00bb][vc_column width=\u00bb5\/12&#8243;][vc_single_image image=\u00bb103&#8243; img_size=\u00bbfull\u00bb alignment=\u00bbcenter\u00bb css=\u00bb\u00bb el_class=\u00bbnosotros-home__imagen\u00bb][\/vc_column][vc_column width=\u00bb7\/12&#8243;][vc_single_image image=\u00bb8203&#8243; img_size=\u00bb210&#215;75&#8243; css=\u00bb\u00bb][vc_column_text css=\u00bb\u00bb]<\/p>\n<h2><strong>M\u00e1s de 50 a\u00f1os creando<\/strong><br \/>\ncalidez y estilo<\/h2>\n<p><strong>Chimeneas de Colombia<\/strong> es pionera en el dise\u00f1o, producci\u00f3n e importaci\u00f3n de chimeneas de lujo. ingenieros y arquitectos especializados garantizan innovaci\u00f3n, calidad y seguridad en cada proyecto.<\/p>\n<p><a href=\"https:\/\/site.marketeros.com.co\/chimeneas\/nosotros\/\">Conocer m\u00e1s<\/a>[\/vc_column_text][\/vc_column][\/vc_row][\/vc_section][vc_section][vc_row][vc_column][vc_column_text css=\u00bb\u00bb el_class=\u00bbtitulo-linea\u00bb]<\/p>\n<h2><strong>Lo m\u00e1s<\/strong> vendido<\/h2>\n<p><a href=\"https:\/\/site.marketeros.com.co\/chimeneas\/tienda\/\">Explorar todo<\/a>[\/vc_column_text][\/vc_column][\/vc_row][\/vc_section][vc_section][vc_row css=\u00bb.vc_custom_1762869115339{background-image: url(https:\/\/site.marketeros.com.co\/chimeneas\/wp-content\/uploads\/2025\/11\/Enmascarar-grupo-1895.jpg?id=122) !important;background-position: center !important;background-repeat: no-repeat !important;background-size: cover !important;}\u00bb el_class=\u00bbcta-home\u00bb][vc_column width=\u00bb1\/2&#8243;][\/vc_column][vc_column width=\u00bb1\/2&#8243;][vc_column_text css=\u00bb\u00bb el_class=\u00bbbtn\u00bb]<\/p>\n<h2>Dise\u00f1amos contigo<br \/>\n<strong>el ambiente perfecto<\/strong><\/h2>\n<p>Asesor\u00eda experta para crear un espacio \u00fanico, combinando la elegancia de nuestras chimeneas y la experiencia al aire libre con nuestros BBQ.<\/p>\n<p><a href=\"https:\/\/site.marketeros.com.co\/chimeneas\/contacto\/\">Habla con un asesor<\/a>[\/vc_column_text][\/vc_column][\/vc_row][\/vc_section][vc_section el_class=\u00bbtestimonios-home\u00bb][vc_row][vc_column width=\u00bb1\/3&#8243;][vc_single_image image=\u00bb105&#8243; img_size=\u00bbfull\u00bb css=\u00bb\u00bb][vc_column_text css=\u00bb\u00bb]<\/p>\n<h2>Testimonios que<br \/>\n<strong>reflejan nuestra excelencia<\/strong><\/h2>\n<p>[\/vc_column_text][\/vc_column][vc_column width=\u00bb2\/3&#8243;][vc_single_image image=\u00bb1655&#8243; img_size=\u00bbfull\u00bb alignment=\u00bbright\u00bb][vc_row_inner][vc_column_inner el_class=\u00bbtestimonios owl-carousel owl-theme\u00bb][vc_column_text css=\u00bb\u00bb]Excelente servicio ,muy eficiente el apoyo de la videollamada. Punto aparte la se\u00f1orita Diana, un ser excepcional y maravilloso<\/p>\n<p><strong>Marco Romero<\/strong>[\/vc_column_text][vc_column_text css=\u00bb\u00bb]Muy bien atendida y asesorada. Ma\u00f1ana pruebo los productos comprados, estoy muy motivada por fin volvi\u00f3 la chimenea a mi casa. Mil gracias<\/p>\n<p><strong>Gloria Janet Qui\u00f1ones<\/strong>[\/vc_column_text][vc_column_text css=\u00bb\u00bb]Buena atenci\u00f3n. Chimeneas muy modernas<\/p>\n<p><strong>Mario Fiorentino Gomez<\/strong>[\/vc_column_text][vc_column_text css=\u00bb\u00bb]Excelente!!! Ya he comprado varias veces y las chimeneas son de muy buena calidad. Adem\u00e1s el servicio posventa es muy inmediato. Mil gracias<\/p>\n<p><strong>Sergio Marroquin Cabrera<\/strong>[\/vc_column_text][\/vc_column_inner][\/vc_row_inner][\/vc_column][\/vc_row][\/vc_section][vc_row][vc_column][vc_column_text css=\u00bb\u00bb el_class=\u00bbtitulo-linea\u00bb]<\/p>\n<h2><strong>Experiencia<\/strong> y noticias<\/h2>\n<p><a href=\"https:\/\/site.marketeros.com.co\/chimeneas\/experiencia\/\">Ver m\u00e1s<\/a>[\/vc_column_text][\/vc_column][\/vc_row][vc_row][vc_column width=\u00bb2\/3&#8243;][vc_column_text css=\u00bb\u00bb]\t\t<div class=\"custom-blog-grid\">\n\t\t\t\t\t\t\t<article class=\"blog-card\">\n\t\t\t\t\t<div class=\"blog-card__image\">\n\t\t\t\t\t\t<a href=\"https:\/\/site.marketeros.com.co\/chimeneas\/flores-y-plantas-artificiales-parte-de-la-decoracion-en-tu-casa\/\">\n\t\t\t\t\t\t\t<img loading=\"lazy\" decoding=\"async\" width=\"640\" height=\"563\" src=\"https:\/\/site.marketeros.com.co\/chimeneas\/wp-content\/uploads\/2026\/03\/IMAGEN-IA-SANTAFE-orquidea-grande-fucsia-e1774465304917-768x675.png\" class=\"attachment-medium_large size-medium_large wp-post-image\" alt=\"\" srcset=\"https:\/\/site.marketeros.com.co\/chimeneas\/wp-content\/uploads\/2026\/03\/IMAGEN-IA-SANTAFE-orquidea-grande-fucsia-e1774465304917-768x675.png 768w, https:\/\/site.marketeros.com.co\/chimeneas\/wp-content\/uploads\/2026\/03\/IMAGEN-IA-SANTAFE-orquidea-grande-fucsia-e1774465304917-300x264.png 300w, https:\/\/site.marketeros.com.co\/chimeneas\/wp-content\/uploads\/2026\/03\/IMAGEN-IA-SANTAFE-orquidea-grande-fucsia-e1774465304917-800x704.png 800w, https:\/\/site.marketeros.com.co\/chimeneas\/wp-content\/uploads\/2026\/03\/IMAGEN-IA-SANTAFE-orquidea-grande-fucsia-e1774465304917-64x56.png 64w, https:\/\/site.marketeros.com.co\/chimeneas\/wp-content\/uploads\/2026\/03\/IMAGEN-IA-SANTAFE-orquidea-grande-fucsia-e1774465304917.png 896w\" sizes=\"auto, (max-width: 640px) 100vw, 640px\" \/>\t\t\t\t\t\t<\/a>\n\t\t\t\t\t<\/div>\n\n\t\t\t\t\t<div class=\"blog-card__content\">\n\t\t\t\t\t\t<div class=\"blog-card__meta\">\n\t\t\t\t\t\t\t<svg xmlns=\"http:\/\/www.w3.org\/2000\/svg\" width=\"16\" height=\"16\" viewBox=\"0 0 24 24\" fill=\"currentColor\">\n\t\t\t\t\t\t\t\t<path\n\t\t\t\t\t\t\t\t\td=\"M19 4h-1V2h-2v2H8V2H6v2H5c-1.11 0-1.99.9-1.99 2L3 20a2 2 0 0 0 2 2h14c1.1 0 2-.9 2-2V6c0-1.1-.9-2-2-2zm0 16H5V10h14v10zM9 14H7v-2h2v2zm4 0h-2v-2h2v2zm4 0h-2v-2h2v2zm-8 4H7v-2h2v2zm4 0h-2v-2h2v2zm4 0h-2v-2h2v2z\" \/>\n\t\t\t\t\t\t\t<\/svg>\n\t\t\t\t\t\t\t<span class=\"date\">25 Mar 2026<\/span>\n\t\t\t\t\t\t<\/div>\n\n\t\t\t\t\t\t<h3 class=\"blog-card__title\">\n\t\t\t\t\t\t\t<a href=\"https:\/\/site.marketeros.com.co\/chimeneas\/flores-y-plantas-artificiales-parte-de-la-decoracion-en-tu-casa\/\">Flores Artificiales: Belleza que permanece<\/a>\n\t\t\t\t\t\t<\/h3>\n\n\t\t\t\t\t\t<div class=\"blog-card__excerpt\">\n\t\t\t\t\t\t\t<p>\u00bfTe encanta c\u00f3mo se ven las plantas en casa, pero no logras mantenerlas vivas? Hojas marchitas, falta de tiempo, espacios [&hellip;]<\/p>\n\t\t\t\t\t\t<\/div>\n\n\t\t\t\t\t\t<a href=\"https:\/\/site.marketeros.com.co\/chimeneas\/flores-y-plantas-artificiales-parte-de-la-decoracion-en-tu-casa\/\" class=\"blog-card__link\">\n\t\t\t\t\t\t\tLeer m\u00e1s &gt;\n\t\t\t\t\t\t<\/a>\n\t\t\t\t\t<\/div>\n\t\t\t\t<\/article>\n\t\t\t\t\t\t\t<article class=\"blog-card\">\n\t\t\t\t\t<div class=\"blog-card__image\">\n\t\t\t\t\t\t<a href=\"https:\/\/site.marketeros.com.co\/chimeneas\/no-solo-es-un-asado-es-la-experiencia-kamado\/\">\n\t\t\t\t\t\t\t<img loading=\"lazy\" decoding=\"async\" width=\"640\" height=\"563\" src=\"https:\/\/site.marketeros.com.co\/chimeneas\/wp-content\/uploads\/2023\/04\/IMAGEN-IA-SANTAFE-kamado-combo-23.1-768x675.png\" class=\"attachment-medium_large size-medium_large wp-post-image\" alt=\"\" srcset=\"https:\/\/site.marketeros.com.co\/chimeneas\/wp-content\/uploads\/2023\/04\/IMAGEN-IA-SANTAFE-kamado-combo-23.1-768x675.png 768w, https:\/\/site.marketeros.com.co\/chimeneas\/wp-content\/uploads\/2023\/04\/IMAGEN-IA-SANTAFE-kamado-combo-23.1-300x264.png 300w, https:\/\/site.marketeros.com.co\/chimeneas\/wp-content\/uploads\/2023\/04\/IMAGEN-IA-SANTAFE-kamado-combo-23.1-800x704.png 800w, https:\/\/site.marketeros.com.co\/chimeneas\/wp-content\/uploads\/2023\/04\/IMAGEN-IA-SANTAFE-kamado-combo-23.1-64x56.png 64w, https:\/\/site.marketeros.com.co\/chimeneas\/wp-content\/uploads\/2023\/04\/IMAGEN-IA-SANTAFE-kamado-combo-23.1.png 896w\" sizes=\"auto, (max-width: 640px) 100vw, 640px\" \/>\t\t\t\t\t\t<\/a>\n\t\t\t\t\t<\/div>\n\n\t\t\t\t\t<div class=\"blog-card__content\">\n\t\t\t\t\t\t<div class=\"blog-card__meta\">\n\t\t\t\t\t\t\t<svg xmlns=\"http:\/\/www.w3.org\/2000\/svg\" width=\"16\" height=\"16\" viewBox=\"0 0 24 24\" fill=\"currentColor\">\n\t\t\t\t\t\t\t\t<path\n\t\t\t\t\t\t\t\t\td=\"M19 4h-1V2h-2v2H8V2H6v2H5c-1.11 0-1.99.9-1.99 2L3 20a2 2 0 0 0 2 2h14c1.1 0 2-.9 2-2V6c0-1.1-.9-2-2-2zm0 16H5V10h14v10zM9 14H7v-2h2v2zm4 0h-2v-2h2v2zm4 0h-2v-2h2v2zm-8 4H7v-2h2v2zm4 0h-2v-2h2v2zm4 0h-2v-2h2v2z\" \/>\n\t\t\t\t\t\t\t<\/svg>\n\t\t\t\t\t\t\t<span class=\"date\">28 Abr 2023<\/span>\n\t\t\t\t\t\t<\/div>\n\n\t\t\t\t\t\t<h3 class=\"blog-card__title\">\n\t\t\t\t\t\t\t<a href=\"https:\/\/site.marketeros.com.co\/chimeneas\/no-solo-es-un-asado-es-la-experiencia-kamado\/\">No solo es un asado: Es la experiencia Kamado<\/a>\n\t\t\t\t\t\t<\/h3>\n\n\t\t\t\t\t\t<div class=\"blog-card__excerpt\">\n\t\t\t\t\t\t\t<p>\u00bfTe ha pasado que quieres hacer un buen asado, pero el resultado no es el que esperabas? Te enfrentas a [&hellip;]<\/p>\n\t\t\t\t\t\t<\/div>\n\n\t\t\t\t\t\t<a href=\"https:\/\/site.marketeros.com.co\/chimeneas\/no-solo-es-un-asado-es-la-experiencia-kamado\/\" class=\"blog-card__link\">\n\t\t\t\t\t\t\tLeer m\u00e1s &gt;\n\t\t\t\t\t\t<\/a>\n\t\t\t\t\t<\/div>\n\t\t\t\t<\/article>\n\t\t\t\t\t<\/div>\n\t\t[\/vc_column_text][\/vc_column][vc_column width=\u00bb1\/3&#8243;][vc_column_text css=\u00bb\u00bb el_class=\u00bbblog-home__newsletter\u00bb]<\/p>\n<h3 style=\"text-align: center;\">Suscr\u00edbete<\/h3>\n<p style=\"text-align: center;\">y recibe las \u00faltimas experiencias<\/p>\n<div class=\"wpcf7 no-js\" id=\"wpcf7-f201-o1\" lang=\"es-ES\" dir=\"ltr\" data-wpcf7-id=\"201\">\n<div class=\"screen-reader-response\"><p role=\"status\" aria-live=\"polite\" aria-atomic=\"true\"><\/p> <ul><\/ul><\/div>\n<form action=\"\/chimeneas\/wp-json\/wp\/v2\/pages\/11#wpcf7-f201-o1\" method=\"post\" class=\"wpcf7-form init\" aria-label=\"Formulario de contacto\" novalidate=\"novalidate\" data-status=\"init\">\n<fieldset class=\"hidden-fields-container\"><input type=\"hidden\" name=\"_wpcf7\" value=\"201\" \/><input type=\"hidden\" name=\"_wpcf7_version\" value=\"6.1.4\" \/><input type=\"hidden\" name=\"_wpcf7_locale\" value=\"es_ES\" \/><input type=\"hidden\" name=\"_wpcf7_unit_tag\" value=\"wpcf7-f201-o1\" \/><input type=\"hidden\" name=\"_wpcf7_container_post\" value=\"0\" \/><input type=\"hidden\" name=\"_wpcf7_posted_data_hash\" value=\"\" \/><input type=\"hidden\" name=\"_wpcf7cf_hidden_group_fields\" value=\"[]\" \/><input type=\"hidden\" name=\"_wpcf7cf_hidden_groups\" value=\"[]\" \/><input type=\"hidden\" name=\"_wpcf7cf_visible_groups\" value=\"[]\" \/><input type=\"hidden\" name=\"_wpcf7cf_repeaters\" value=\"[]\" \/><input type=\"hidden\" name=\"_wpcf7cf_steps\" value=\"{}\" \/><input type=\"hidden\" name=\"_wpcf7cf_options\" value=\"{&quot;form_id&quot;:201,&quot;conditions&quot;:[],&quot;settings&quot;:{&quot;animation&quot;:&quot;yes&quot;,&quot;animation_intime&quot;:200,&quot;animation_outtime&quot;:200,&quot;conditions_ui&quot;:&quot;normal&quot;,&quot;notice_dismissed&quot;:false}}\" \/>\n<\/fieldset>\n<span class=\"wpcf7-form-control-wrap\" data-name=\"email\"><input size=\"40\" maxlength=\"400\" class=\"wpcf7-form-control wpcf7-email wpcf7-validates-as-required wpcf7-text wpcf7-validates-as-email\" aria-required=\"true\" aria-invalid=\"false\" placeholder=\"Correo electr\u00f3nico\" value=\"\" type=\"email\" name=\"email\" \/><\/span>\n<input class=\"wpcf7-form-control wpcf7-submit has-spinner\" type=\"submit\" value=\"Enviar\" \/><div class=\"wpcf7-response-output\" aria-hidden=\"true\"><\/div>\n<\/form>\n<\/div>\n[\/vc_column_text][\/vc_column][\/vc_row][vc_row][vc_column][vc_column_text][\/vc_section][\/vc_column_text][\/vc_column][\/vc_row][vc_row][vc_column][vc_column_text css=\u00bb\u00bb el_class=\u00bbtitulo-linea\u00bb]<\/p>\n<h2><strong>S\u00edguenos en nuestras<\/strong> Redes Sociales<\/h2>\n<p>[\/vc_column_text][\/vc_column][\/vc_row][vc_row][vc_column width=\u00bb1\/2&#8243;][vc_column_text css=\u00bb\u00bb el_class=\u00bbtitulo-linea\u00bb]<\/p>\n<h2><strong>Sede<\/strong> Ch\u00eda<\/h2>\n<p>[\/vc_column_text][vc_single_image image=\u00bb1529&#8243; img_size=\u00bbfull\u00bb alignment=\u00bbcenter\u00bb onclick=\u00bbcustom_link\u00bb img_link_target=\u00bb_blank\u00bb css=\u00bb\u00bb link=\u00bbhttps:\/\/ul.waze.com\/ul?preview_venue_id=187433008.1874133475.4268161&amp;navigate=yes&amp;utm_campaign=waze_website&amp;utm_source=waze_website&amp;utm_medium=lm_share_location\u00bb][\/vc_column][vc_column width=\u00bb1\/2&#8243;][vc_column_text css=\u00bb\u00bb el_class=\u00bbtitulo-linea\u00bb]<\/p>\n<h2><strong>Sede<\/strong> Bogot\u00e1<\/h2>\n<p>[\/vc_column_text][vc_single_image image=\u00bb1528&#8243; img_size=\u00bbfull\u00bb alignment=\u00bbcenter\u00bb onclick=\u00bbcustom_link\u00bb img_link_target=\u00bb_blank\u00bb css=\u00bb\u00bb link=\u00bbhttps:\/\/ul.waze.com\/ul?preview_venue_id=187433008.1874002396.23923401&amp;navigate=yes&amp;utm_campaign=waze_website&amp;utm_source=waze_website&amp;utm_medium=lm_share_location\u00bb][\/vc_column][\/vc_row]<\/p>\n<\/div>","protected":false},"excerpt":{"rendered":"<p>[vc_row full_width=\u00bbstretch_row_content_no_spaces\u00bb][vc_column el_class=\u00bbhero-home owl-carousel owl-theme\u00bb][vc_column_text css=\u00bb.vc_custom_1771535385025{background-image: url(https:\/\/site.marketeros.com.co\/chimeneas\/wp-content\/uploads\/2025\/11\/chimeneas-home.jpg?id=100) !important;background-position: center !important;background-repeat: no-repeat !important;background-size: cover !important;}\u00bb el_class=\u00bbchimeneas\u00bb] Chimeneas Creadas con tecnolog\u00eda de [&hellip;]<\/p>\n","protected":false},"author":1,"featured_media":0,"parent":0,"menu_order":0,"comment_status":"closed","ping_status":"closed","template":"","meta":{"_joinchat":[],"footnotes":""},"class_list":["post-11","page","type-page","status-publish","hentry"],"_links":{"self":[{"href":"https:\/\/site.marketeros.com.co\/chimeneas\/wp-json\/wp\/v2\/pages\/11","targetHints":{"allow":["GET"]}}],"collection":[{"href":"https:\/\/site.marketeros.com.co\/chimeneas\/wp-json\/wp\/v2\/pages"}],"about":[{"href":"https:\/\/site.marketeros.com.co\/chimeneas\/wp-json\/wp\/v2\/types\/page"}],"author":[{"embeddable":true,"href":"https:\/\/site.marketeros.com.co\/chimeneas\/wp-json\/wp\/v2\/users\/1"}],"replies":[{"embeddable":true,"href":"https:\/\/site.marketeros.com.co\/chimeneas\/wp-json\/wp\/v2\/comments?post=11"}],"version-history":[{"count":44,"href":"https:\/\/site.marketeros.com.co\/chimeneas\/wp-json\/wp\/v2\/pages\/11\/revisions"}],"predecessor-version":[{"id":98,"href":"https:\/\/site.marketeros.com.co\/chimeneas\/wp-json\/wp\/v2\/pages\/11\/revisions\/98"}],"wp:attachment":[{"href":"https:\/\/site.marketeros.com.co\/chimeneas\/wp-json\/wp\/v2\/media?parent=11"}],"curies":[{"name":"wp","href":"https:\/\/api.w.org\/{rel}","templated":true}]}}